{"id":18520,"date":"2023-10-24T12:19:04","date_gmt":"2023-10-24T12:19:04","guid":{"rendered":"https:\/\/www.arovite.com\/fernandez-soldevilla-gaizka-y-dominguez-florencio-2018-2\/"},"modified":"2023-10-24T12:19:04","modified_gmt":"2023-10-24T12:19:04","slug":"fernandez-soldevilla-gaizka-y-dominguez-florencio-2018-2","status":"publish","type":"page","link":"https:\/\/www.arovite.com\/en\/fernandez-soldevilla-gaizka-y-dominguez-florencio-2018-2\/","title":{"rendered":"FERN\u00c1NDEZ SOLDEVILLA, Gaizka y DOM\u00cdNGUEZ, Florencio (2018)"},"content":{"rendered":"<div class=\"wpb-content-wrapper\"><p>[vc_row][vc_column width=&#8221;1\/1&#8243;][vc_column_text][vc_empty_space height=&#8221;20&#8243;]<br \/>\n <strong>Referencia bibliogr\u00e1fica<\/strong><br \/>\nFERN\u00c1NDEZ SOLDEVILLA, Gaizka y DOM\u00cdNGUEZ, Florencio (coords.) (2018): <em>Pardines. Cando ETA empezou a matar<\/em>. Madrid: Tecnos y Xunta de Galicia. <\/p>\n<p><a class=\"button blue  medium \" href=\"https:\/\/www.arovite.com\/documentos\/2018_Fern\u00e1ndez_Soldevilla_y_Dom\u00ednguez.pdf\" target=\"_blank\" rel=\"noopener\">Consultar PDF<\/a>[vc_empty_space height=&#8221;10&#8243;]<br \/>\n<strong>Resumen<\/strong><br \/>\nEl 7 de junio de 1968 ETA asesin\u00f3 al joven guardia civil Jos\u00e9 Antonio Pardines. El cad\u00e1ver presentaba cinco heridas de bala en el torso. Debajo se localizaron cuatro proyectiles y, a menos de un metro, cinco vainas: tres de calibre 9 mil\u00edmetros parabellum y otras dos de 7,65 mil\u00edmetros. La funda de la pistola reglamentaria de Pardines segu\u00eda abrochada. La primera v\u00edctima de ETA no hab\u00eda podido defenderse. Aquel d\u00eda, en palabras de Jos\u00e9 Mar\u00eda Garmendia, \u201ccambi\u00f3 la historia del Pa\u00eds Vasco para siempre\u201d. El crimen marc\u00f3 el inicio de una espiral de violencia terrorista que, despu\u00e9s de medio siglo, arroja un saldo tr\u00e1gico: unas 850 v\u00edctimas mortales y m\u00e1s de 2.500 heridos, sin contar a los amenazados, exiliados, extorsionados y damnificados econ\u00f3micamente. Escrito por algunos de los principales expertos en la materia (historiadores, polit\u00f3logos, periodistas y juristas), que han consultado documentaci\u00f3n in\u00e9dita, el libro gira alrededor del asesinato fundacional de ETA: los hechos y c\u00f3mo se han contado hasta ahora, sus autores materiales, la historia de la banda, las biograf\u00edas truncadas de sus primeras v\u00edctimas, la respuesta policial y judicial al terrorismo, y las circunstancias hist\u00f3ricas que rodearon la reaparici\u00f3n del fen\u00f3meno a finales de los a\u00f1os sesenta tanto en Espa\u00f1a como en el resto del mundo. [vc_empty_space height=&#8221;10&#8243;]<br \/>\n<strong>Resumo<\/strong><br \/>\nO 7 de xu\u00f1o de 1968 ETA asasina ao mozo garda civil Jos\u00e9 Antonio Pardines. O corpo presentaba cinco feridas de bala no torso. Catro proxect\u00eds situ\u00e1ronse debaixo e, a menos dun metro, cinco vainas: tres de calibre parabellum de 9 mil\u00edmetros e outras d\u00faas de 7,65 mil\u00edmetros. A funda da pistola de servizo de Pardines a\u00ednda estaba abrochada. A primeira v\u00edtima de ETA non fora quen de defenderse. Ese d\u00eda, en palabras de Jos\u00e9 Mar\u00eda Garmendia, &#8220;cambiou para sempre a historia do Pa\u00eds Vasco&#8221;. O crime supuxo o inicio dunha espiral de violencia terrorista que, despois de medio s\u00e9culo, deixou un tr\u00e1xico resultado: unhas 850 v\u00edtimas mortais e m\u00e1is de 2.500 feridos, sen contar os ameazados, exiliados, extorsionados e prexudicados economicamente. Escrito por alg\u00fans dos principais expertos na materia (historiadores, polit\u00f3logos, xornalistas e xuristas), que consultaron documentaci\u00f3n in\u00e9dita, o libro xira arredor do asasinato fundacional de ETA: os feitos e como se contaron ata agora, o seu material. autores, a historia da banda, as biograf\u00edas truncadas das s\u00faas primeiras v\u00edtimas, a resposta policial e xudicial ao terrorismo, e as circunstancias hist\u00f3ricas que rodearon a reaparici\u00f3n do fen\u00f3meno a finais dos sesenta tanto en Espa\u00f1a como no resto do mundo. [vc_empty_space height=&#8221;10&#8243;]<br \/>\n<strong>Autor<\/strong><br \/>\nGaizka Fern\u00e1ndez Soldevilla. <a title=\"Dialnet\" href=\"https:\/\/dialnet.unirioja.es\/servlet\/autor?codigo=2407724\" target=\"_blank\" rel=\"noopener\">P\u00e1gina del autor en Dialnet.<\/a><br \/>\nFlorencio Dom\u00ednguez Iribarren.<a title=\"Dialnet\" href=\"https:\/\/dialnet.unirioja.es\/servlet\/autor?codigo=1111029\" target=\"_blank\" rel=\"noopener\">P\u00e1gina del autor en Dialnet.<\/a><br \/>\n [vc_empty_space height=&#8221;10&#8243;]<br \/>\n<strong>Tipo de documento<\/strong><br \/>\nLibro<br \/>\n[vc_empty_space height=&#8221;10&#8243;]<br \/>\n[\/vc_column_text][\/vc_column][\/vc_row]<\/p>\n<\/div>","protected":false},"excerpt":{"rendered":"<p>[vc_row][vc_column width=&#8221;1\/1&#8243;][vc_column_text][vc_empty_space height=&#8221;20&#8243;] Referencia bibliogr\u00e1fica FERN\u00c1NDEZ SOLDEVILLA, Gaizka y DOM\u00cdNGUEZ, Florencio (coords.) (2018): Pardines. Cando ETA empezou a matar. Madrid: Tecnos y Xunta de Galicia. Consultar PDF[vc_empty_space height=&#8221;10&#8243;] Resumen El&hellip;<\/p>\n","protected":false},"author":1,"featured_media":0,"parent":0,"menu_order":0,"comment_status":"closed","ping_status":"closed","template":"","meta":{"om_disable_all_campaigns":false,"_monsterinsights_skip_tracking":false,"_monsterinsights_sitenote_active":false,"_monsterinsights_sitenote_note":"","_monsterinsights_sitenote_category":0,"_uf_show_specific_survey":0,"_uf_disable_surveys":false,"_vp_format_video_url":"","_vp_image_focal_point":[],"_vp_custom_popup_image":0,"_vp_format_audio_url":"","_vp_custom_thumbnail":0,"_vp_custom_thumbnail_focal_point":[],"_vp_hover_thumbnail":0,"_vp_hover_thumbnail_focal_point":[],"footnotes":""},"class_list":["post-18520","page","type-page","status-publish","hentry"],"aioseo_notices":[],"_links":{"self":[{"href":"https:\/\/www.arovite.com\/en\/wp-json\/wp\/v2\/pages\/18520","targetHints":{"allow":["GET"]}}],"collection":[{"href":"https:\/\/www.arovite.com\/en\/wp-json\/wp\/v2\/pages"}],"about":[{"href":"https:\/\/www.arovite.com\/en\/wp-json\/wp\/v2\/types\/page"}],"author":[{"embeddable":true,"href":"https:\/\/www.arovite.com\/en\/wp-json\/wp\/v2\/users\/1"}],"replies":[{"embeddable":true,"href":"https:\/\/www.arovite.com\/en\/wp-json\/wp\/v2\/comments?post=18520"}],"version-history":[{"count":0,"href":"https:\/\/www.arovite.com\/en\/wp-json\/wp\/v2\/pages\/18520\/revisions"}],"wp:attachment":[{"href":"https:\/\/www.arovite.com\/en\/wp-json\/wp\/v2\/media?parent=18520"}],"curies":[{"name":"wp","href":"https:\/\/api.w.org\/{rel}","templated":true}]}}