{"id":18516,"date":"2023-10-24T12:14:45","date_gmt":"2023-10-24T12:14:45","guid":{"rendered":"https:\/\/www.arovite.com\/fernandez-soldevilla-gaizka-eta-hidalgo-garcia-de-orellan-sara-2022\/"},"modified":"2023-10-24T12:14:45","modified_gmt":"2023-10-24T12:14:45","slug":"fernandez-soldevilla-gaizka-eta-hidalgo-garcia-de-orellan-sara-2022","status":"publish","type":"page","link":"https:\/\/www.arovite.com\/en\/fernandez-soldevilla-gaizka-eta-hidalgo-garcia-de-orellan-sara-2022\/","title":{"rendered":"FERN\u00c1NDEZ SOLDEVILLA, Gaizka eta HIDALGO GARC\u00cdA DE ORELL\u00c1N, Sara (2022)"},"content":{"rendered":"<div class=\"wpb-content-wrapper\"><p>[vc_row][vc_column width=&#8221;1\/1&#8243;][vc_column_text][vc_empty_space height=&#8221;20&#8243;]<br \/>\n <strong>Referencia bibliogr\u00e1fica<\/strong><br \/>\nFERN\u00c1NDEZ SOLDEVILLA, Gaizka eta HIDALGO GARC\u00cdA DE ORELL\u00c1N, Sara (Koord) (2022): <em>Erretiratzearen heroiak. ETA politiko-militarraren desegitea. <\/em> Madrid: Tecnos.<\/p>\n<p><a class=\"button blue  medium \" href=\"https:\/\/www.arovite.com\/documentos\/2022_Fern\u00e1ndez_Soldevilla_e_Hidalgo_Garc\u00eda_de_Orell\u00e1n.pdf\n\" target=\"_blank\" rel=\"noopener\">Consultar PDF<\/a>[vc_empty_space height=&#8221;10&#8243;]<br \/>\n<strong>Laburpena<\/strong><br \/>\nLiburu hau ETApm-ren desegite-prozesuaz eta hainbat arlotan izan duen eraginaz ari da, hala nola politikan, gizartean, legegintzan edo kulturan. Hainbat helburu lortu nahi ditugu. Alde batetik, dagoen hutsune historiografiko erlatiboa betetzea; izan ere, ETA militarrari monografia ugari eskaini zaizkion arren, polimiliei arreta gutxi eskaini zaie. Gai horri buruzko zenbait lan daude: H\u00e9roes, heterodoxos y traidores, Fernando Buesa fundazioak 2006an egindako bilduma, Luces y sombras en la desaparici\u00f3n de ETA pol\u00edtico militar, edo \u00c1ngeles Escriv\u00e1 kazetariaren ETA, el camino de vuelta liburua, erakundea desagertu ondoren polimilien gizarteratzeari buruzkoa. Gainera, artikulu akademiko askok prozesuko hainbat elementu aztertu dituzte, baina hemen aurkezten dena bezalako monografia batek ez zuen oraindik argia ikusi. Horregatik, talde terrorista horren desegitearen 40. urteurrenean, interesgarria eta egokia iruditzen zaigu ikerketa hau argitaratzea, diziplina aniztasunetik abiatuta, Euskal Herriko eta Espainiako testuinguruko prozesu historiko bakan eta berezi bati eta haren eraginari buruz hausnartzen baitu. Gure asmoa momentu hartara ahalik eta zorroztasun handienaz hurbiltzea izan da, eta, horregatik, historian, politologian edo kazetaritzan espezialistak diren adituen laguntza izan dugu. [vc_empty_space height=&#8221;10&#8243;]<br \/>\n<strong>Autor<\/strong><br \/>\nGaizka Fern\u00e1ndez Soldevilla. <a title=\"Dialnet\" href=\"https:\/\/dialnet.unirioja.es\/servlet\/autor?codigo=2407724\" target=\"_blank\" rel=\"noopener\">P\u00e1gina del autor en Dialnet.<\/a><br \/>\nSara Hidalgo Garc\u00eda de Orell\u00e1n. <a title=\"Dialnet\" href=\"https:\/\/dialnet.unirioja.es\/servlet\/autor?codigo=4332758\" target=\"_blank\" rel=\"noopener\">P\u00e1gina del autor en Dialnet.<\/a><br \/>\n[vc_empty_space height=&#8221;10&#8243;]<br \/>\n<strong>Tipo de documento<\/strong><br \/>\nLibro<br \/>\n[vc_empty_space height=&#8221;10&#8243;]<br \/>\n[\/vc_column_text][\/vc_column][\/vc_row]<\/p>\n<\/div>","protected":false},"excerpt":{"rendered":"<p>[vc_row][vc_column width=&#8221;1\/1&#8243;][vc_column_text][vc_empty_space height=&#8221;20&#8243;] Referencia bibliogr\u00e1fica FERN\u00c1NDEZ SOLDEVILLA, Gaizka eta HIDALGO GARC\u00cdA DE ORELL\u00c1N, Sara (Koord) (2022): Erretiratzearen heroiak. ETA politiko-militarraren desegitea. Madrid: Tecnos. Consultar PDF[vc_empty_space height=&#8221;10&#8243;] Laburpena Liburu hau ETApm-ren&hellip;<\/p>\n","protected":false},"author":1,"featured_media":0,"parent":0,"menu_order":0,"comment_status":"closed","ping_status":"closed","template":"","meta":{"om_disable_all_campaigns":false,"_monsterinsights_skip_tracking":false,"_monsterinsights_sitenote_active":false,"_monsterinsights_sitenote_note":"","_monsterinsights_sitenote_category":0,"_uf_show_specific_survey":0,"_uf_disable_surveys":false,"_vp_format_video_url":"","_vp_image_focal_point":[],"_vp_custom_popup_image":0,"_vp_format_audio_url":"","_vp_custom_thumbnail":0,"_vp_custom_thumbnail_focal_point":[],"_vp_hover_thumbnail":0,"_vp_hover_thumbnail_focal_point":[],"footnotes":""},"class_list":["post-18516","page","type-page","status-publish","hentry"],"aioseo_notices":[],"_links":{"self":[{"href":"https:\/\/www.arovite.com\/en\/wp-json\/wp\/v2\/pages\/18516","targetHints":{"allow":["GET"]}}],"collection":[{"href":"https:\/\/www.arovite.com\/en\/wp-json\/wp\/v2\/pages"}],"about":[{"href":"https:\/\/www.arovite.com\/en\/wp-json\/wp\/v2\/types\/page"}],"author":[{"embeddable":true,"href":"https:\/\/www.arovite.com\/en\/wp-json\/wp\/v2\/users\/1"}],"replies":[{"embeddable":true,"href":"https:\/\/www.arovite.com\/en\/wp-json\/wp\/v2\/comments?post=18516"}],"version-history":[{"count":0,"href":"https:\/\/www.arovite.com\/en\/wp-json\/wp\/v2\/pages\/18516\/revisions"}],"wp:attachment":[{"href":"https:\/\/www.arovite.com\/en\/wp-json\/wp\/v2\/media?parent=18516"}],"curies":[{"name":"wp","href":"https:\/\/api.w.org\/{rel}","templated":true}]}}