{"id":18495,"date":"2023-10-24T11:25:35","date_gmt":"2023-10-24T11:25:35","guid":{"rendered":"https:\/\/www.arovite.com\/saenz-del-castillo-aritza-arregi-orue-joseba-inaki-agirreazkuenaga-leire-y-longarte-arriola-joseba-jon-2023\/"},"modified":"2023-10-24T11:25:35","modified_gmt":"2023-10-24T11:25:35","slug":"saenz-del-castillo-aritza-arregi-orue-joseba-inaki-agirreazkuenaga-leire-y-longarte-arriola-joseba-jon-2023","status":"publish","type":"page","link":"https:\/\/www.arovite.com\/en\/saenz-del-castillo-aritza-arregi-orue-joseba-inaki-agirreazkuenaga-leire-y-longarte-arriola-joseba-jon-2023\/","title":{"rendered":"S\u00c1ENZ DEL CASTILLO, Aritza; ARREGI-ORUE, Joseba I\u00f1aki; AGIRREAZKUENAGA, Leire y LONGARTE ARRIOLA, Joseba Jon (2023)"},"content":{"rendered":"<div class=\"wpb-content-wrapper\"><p>[vc_row][vc_column width=&#8221;1\/1&#8243;][vc_column_text][vc_empty_space height=&#8221;20&#8243;]<br \/>\n<strong>Referencia bibliogr\u00e1fica<\/strong><br \/>\nS\u00c1ENZ DEL CASTILLO, Aritza; ARREGI-ORUE, Joseba I\u00f1aki; AGIRREAZKUENAGA, Leire y LONGARTE ARRIOLA, Joseba Jon (2023): \u00abTeacher training for social sciences education and a democratic citizenship in a postconflict society. The case of the Basque Country\u00bb, <em>Journal of Social Science Education<\/em>, vol. 22, n\u00ba 3, pp. 1-22.<\/p>\n<p><a class=\"button blue medium \" href=\"https:\/\/www.jsse.org\/index.php\/jsse\/article\/view\/4819\/5796\" target=\"_blank\" rel=\"noopener\">Consultar PDF<\/a>[vc_empty_space height=&#8221;10&#8243;]<br \/>\n<strong>Abstract<\/strong><br \/>\nThe Basque Country has been suffering political conflict and human rights \u0301 violation for decades, tearing the social fabric.Human rights and peace education carried out through the testimony of the victims and their memory about this recent violent past can play an essential role in reestablishing the social understanding. This article aims to make known the experience of Adi-Adianinitiative developed with the victims of the politic violence in the Teacher Training School of the University of Basque Country and asses its effectiveness in terms of critical thinking and empathy. [vc_empty_space height=&#8221;10&#8243;]<br \/>\n<strong>Autor<\/strong><br \/>\nAritza S\u00e1enz del Castillo Velasco. <a title=\"Dialnet\" href=\"https:\/\/dialnet.unirioja.es\/servlet\/autor?codigo=2115649\" target=\"_blank\" rel=\"noopener\">P\u00e1gina del autor en Dialnet.<\/a><br \/>\nJoseba I\u00f1aki Arregi-Orue. <a title=\"Dialnet\" href=\"https:\/\/dialnet.unirioja.es\/servlet\/autor?codigo=2864807\" target=\"_blank\" rel=\"noopener\">P\u00e1gina del autor en Dialnet.<\/a><br \/>\nLeire Agirreazkuenaga Onaindia. <a title=\"Dialnet\" href=\"https:\/\/dialnet.unirioja.es\/servlet\/autor?codigo=5327089\" target=\"_blank\" rel=\"noopener\">P\u00e1gina del autor en Dialnet.<\/a><br \/>\nJoseba Jon Longarte Arriola. <a title=\"Dialnet\" href=\"https:\/\/dialnet.unirioja.es\/servlet\/autor?codigo=5162692\" target=\"_blank\" rel=\"noopener\">P\u00e1gina del autor en Dialnet.<\/a><\/p>\n<p>[vc_empty_space height=&#8221;10&#8243;]<br \/>\n<strong>Tipo de documento<\/strong><br \/>\nArt\u00edculo<br \/>\n[vc_empty_space height=&#8221;10&#8243;]<br \/>\n[\/vc_column_text][\/vc_column][\/vc_row]<\/p>\n<\/div>","protected":false},"excerpt":{"rendered":"<p>[vc_row][vc_column width=&#8221;1\/1&#8243;][vc_column_text][vc_empty_space height=&#8221;20&#8243;] Referencia bibliogr\u00e1fica S\u00c1ENZ DEL CASTILLO, Aritza; ARREGI-ORUE, Joseba I\u00f1aki; AGIRREAZKUENAGA, Leire y LONGARTE ARRIOLA, Joseba Jon (2023): \u00abTeacher training for social sciences education and a democratic citizenship&hellip;<\/p>\n","protected":false},"author":1,"featured_media":0,"parent":0,"menu_order":0,"comment_status":"closed","ping_status":"closed","template":"","meta":{"om_disable_all_campaigns":false,"_monsterinsights_skip_tracking":false,"_monsterinsights_sitenote_active":false,"_monsterinsights_sitenote_note":"","_monsterinsights_sitenote_category":0,"_uf_show_specific_survey":0,"_uf_disable_surveys":false,"_vp_format_video_url":"","_vp_image_focal_point":[],"_vp_custom_popup_image":0,"_vp_format_audio_url":"","_vp_custom_thumbnail":0,"_vp_custom_thumbnail_focal_point":[],"_vp_hover_thumbnail":0,"_vp_hover_thumbnail_focal_point":[],"footnotes":""},"class_list":["post-18495","page","type-page","status-publish","hentry"],"aioseo_notices":[],"_links":{"self":[{"href":"https:\/\/www.arovite.com\/en\/wp-json\/wp\/v2\/pages\/18495","targetHints":{"allow":["GET"]}}],"collection":[{"href":"https:\/\/www.arovite.com\/en\/wp-json\/wp\/v2\/pages"}],"about":[{"href":"https:\/\/www.arovite.com\/en\/wp-json\/wp\/v2\/types\/page"}],"author":[{"embeddable":true,"href":"https:\/\/www.arovite.com\/en\/wp-json\/wp\/v2\/users\/1"}],"replies":[{"embeddable":true,"href":"https:\/\/www.arovite.com\/en\/wp-json\/wp\/v2\/comments?post=18495"}],"version-history":[{"count":0,"href":"https:\/\/www.arovite.com\/en\/wp-json\/wp\/v2\/pages\/18495\/revisions"}],"wp:attachment":[{"href":"https:\/\/www.arovite.com\/en\/wp-json\/wp\/v2\/media?parent=18495"}],"curies":[{"name":"wp","href":"https:\/\/api.w.org\/{rel}","templated":true}]}}