{"id":18462,"date":"2023-10-24T06:56:59","date_gmt":"2023-10-24T06:56:59","guid":{"rendered":"https:\/\/www.arovite.com\/parejo-nekane-y-gomez-gomez-agustin-2022\/"},"modified":"2023-10-24T06:56:59","modified_gmt":"2023-10-24T06:56:59","slug":"parejo-nekane-y-gomez-gomez-agustin-2022","status":"publish","type":"page","link":"https:\/\/www.arovite.com\/en\/parejo-nekane-y-gomez-gomez-agustin-2022\/","title":{"rendered":"PAREJO, Nekane y G\u00d3MEZ G\u00d3MEZ, Agust\u00edn (2022)"},"content":{"rendered":"<div class=\"wpb-content-wrapper\"><p>[vc_row][vc_column width=&#8221;1\/1&#8243;][vc_column_text][vc_empty_space height=&#8221;20&#8243;]<br \/>\n<strong>Referencia bibliogr\u00e1fica<\/strong><br \/>\nPAREJO, Nekane y G\u00d3MEZ G\u00d3MEZ, Agust\u00edn (2022): \u00abComunicaci\u00f3n y violencia. La imagen del menor en las fotograf\u00edas de prensa de los atentados de ETA\u00bb, <em>Revista Latina de Comunicaci\u00f3n Social<\/em>, n\u00ba 80.<\/p>\n<p><a class=\"button blue  medium \" href=\"https:\/\/dialnet.unirioja.es\/descarga\/articulo\/8544551.pdf\" target=\"_blank\" rel=\"noopener\">Consultar PDF<\/a>[vc_empty_space height=&#8221;10&#8243;]<br \/>\n<strong>Resumen<\/strong><br \/>\nLa cobertura fotogr\u00e1fica de los atentados de ETA por parte de la prensa ha contado con diversos sujetos entre los que destacan las v\u00edctimas, pero tambi\u00e9n hay espacio para el asesino, los periodistas, los testigos y los espectadores. Esta investigaci\u00f3n focalizar\u00e1 su atenci\u00f3n en los menores de edad, especialmente en la representaci\u00f3n de su evoluci\u00f3n. De forma m\u00e1s espec\u00edfica pretendemos estudiar los espacios en los que se sit\u00faan, para posteriormente establecer la asiduidad con la que se le registra, el protagonismo con el que cuenta en el encuadre y los roles que ejerce. [vc_empty_space height=&#8221;10&#8243;]<br \/>\n<strong>Abstract<\/strong><br \/>\nThe photographic coverage of the ETA attacks by the press has had various subjects, among which the victims stand out, but there is also room for the murderer, the journalists, the witnesses and the spectators. This research will focus its attention on minors, especially in the representation of their evolution. More specifically, we intend to study the spaces in which they are located, to later establish the frequency with which they are recorded, the prominence they have in the frame and the roles they play. [vc_empty_space height=&#8221;10&#8243;]<br \/>\n<strong>Autor<\/strong><br \/>\nNekane Parejo. <a title=\"Dialnet\" href=\"https:\/\/dialnet.unirioja.es\/servlet\/autor?codigo=1801105\" target=\"_blank\" rel=\"noopener\">P\u00e1gina del autor en Dialnet.<\/a><br \/>\nAgust\u00edn G\u00f3mez G\u00f3mez. <a title=\"Dialnet\" href=\"https:\/\/dialnet.unirioja.es\/servlet\/autor?codigo=15726\" target=\"_blank\" rel=\"noopener\">P\u00e1gina del autor en Dialnet.<\/a><br \/>\n[vc_empty_space height=&#8221;10&#8243;]<br \/>\n<strong>Tipo de documento<\/strong><br \/>\nArt\u00edculo<br \/>\n[vc_empty_space height=&#8221;10&#8243;]<br \/>\n[\/vc_column_text][\/vc_column][\/vc_row]<\/p>\n<\/div>","protected":false},"excerpt":{"rendered":"<p>[vc_row][vc_column width=&#8221;1\/1&#8243;][vc_column_text][vc_empty_space height=&#8221;20&#8243;] Referencia bibliogr\u00e1fica PAREJO, Nekane y G\u00d3MEZ G\u00d3MEZ, Agust\u00edn (2022): \u00abComunicaci\u00f3n y violencia. La imagen del menor en las fotograf\u00edas de prensa de los atentados de ETA\u00bb, Revista&hellip;<\/p>\n","protected":false},"author":1,"featured_media":0,"parent":0,"menu_order":0,"comment_status":"closed","ping_status":"closed","template":"","meta":{"om_disable_all_campaigns":false,"_monsterinsights_skip_tracking":false,"_monsterinsights_sitenote_active":false,"_monsterinsights_sitenote_note":"","_monsterinsights_sitenote_category":0,"_uf_show_specific_survey":0,"_uf_disable_surveys":false,"_vp_format_video_url":"","_vp_image_focal_point":[],"_vp_custom_popup_image":0,"_vp_format_audio_url":"","_vp_custom_thumbnail":0,"_vp_custom_thumbnail_focal_point":[],"_vp_hover_thumbnail":0,"_vp_hover_thumbnail_focal_point":[],"footnotes":""},"class_list":["post-18462","page","type-page","status-publish","hentry"],"aioseo_notices":[],"_links":{"self":[{"href":"https:\/\/www.arovite.com\/en\/wp-json\/wp\/v2\/pages\/18462","targetHints":{"allow":["GET"]}}],"collection":[{"href":"https:\/\/www.arovite.com\/en\/wp-json\/wp\/v2\/pages"}],"about":[{"href":"https:\/\/www.arovite.com\/en\/wp-json\/wp\/v2\/types\/page"}],"author":[{"embeddable":true,"href":"https:\/\/www.arovite.com\/en\/wp-json\/wp\/v2\/users\/1"}],"replies":[{"embeddable":true,"href":"https:\/\/www.arovite.com\/en\/wp-json\/wp\/v2\/comments?post=18462"}],"version-history":[{"count":0,"href":"https:\/\/www.arovite.com\/en\/wp-json\/wp\/v2\/pages\/18462\/revisions"}],"wp:attachment":[{"href":"https:\/\/www.arovite.com\/en\/wp-json\/wp\/v2\/media?parent=18462"}],"curies":[{"name":"wp","href":"https:\/\/api.w.org\/{rel}","templated":true}]}}