{"id":18382,"date":"2023-10-09T09:08:19","date_gmt":"2023-10-09T09:08:19","guid":{"rendered":"https:\/\/www.arovite.com\/mota-zurdo-david-2022-2\/"},"modified":"2023-10-09T09:08:19","modified_gmt":"2023-10-09T09:08:19","slug":"mota-zurdo-david-2022-2","status":"publish","type":"page","link":"https:\/\/www.arovite.com\/en\/mota-zurdo-david-2022-2\/","title":{"rendered":"MOTA ZURDO, David (2022)"},"content":{"rendered":"<div class=\"wpb-content-wrapper\"><p>[vc_row][vc_column width=&#8221;1\/1&#8243;][vc_column_text][vc_empty_space height=&#8221;20&#8243;]<br \/>\n <strong>Referencia bibliogr\u00e1fica<\/strong><br \/>\nMOTA ZURDO, David (2022): \u00abLas \u00abmemorias\u00bb del terrorismo: las v\u00edctimas de la violencia pol\u00edtica y la educaci\u00f3n secundaria en el Pa\u00eds Vasco (2005-2021)\u00bb, <em>Historia y memoria de la educaci\u00f3n<\/em>, n\u00ba 16, pp. 563-605.<\/p>\n<p><a class=\"button blue  medium \" href=\"https:\/\/revistas.uned.es\/index.php\/HMe\/article\/view\/32194\/25310\" target=\"_blank\" rel=\"noopener\">Consultar PDF<\/a>[vc_empty_space height=&#8221;10&#8243;]<br \/>\n<strong>Resumen<\/strong><br \/>\nDesde octubre de 2011, las instituciones vascas y espa\u00f1olas se han sumergido en el an\u00e1lisis del pasado reciente del Pa\u00eds Vasco, haciendo hincapi\u00e9 en la historia y la memoria del terrorismo. \u00c9stas est\u00e1n trabajando en el estudio de este episodio traum\u00e1tico a trav\u00e9s de entidades como el Centro Memorial de las V\u00edctimas del Terrorismo y de Gogora: Instituto de la Memoria, la Convivencia y los Derechos Humanos. La existencia de dos organizaciones memorial\u00edsticas de relato divergente ha puesto de manifiesto que la sociedad vasca a\u00fan permanece polarizada y que, pese al periodo inicial de optimismo, la ciudadan\u00eda est\u00e1 pasando (in-)conscientemente la p\u00e1gina del terrorismo sin siquiera haberla le\u00eddo: una disparidad de narrativas que est\u00e1 teniendo su efecto en el \u00e1mbito educativo. Este art\u00edculo da cuenta de las iniciativas implementadas por el Gobierno Vasco para llevar la historia del terrorismo al curr\u00edculo de la Educaci\u00f3n Secundaria Obligatoria en Euskadi, subrayando los programas educativos desplegados entre 2005 y 2021 para tratar de deslegitimarlo. El objetivo es evidenciar el enfrentamiento de narrativas, el porqu\u00e9 de las discrepancias y la incidencia que tal circunstancia tiene sobre c\u00f3mo se quiere transmitir y contar este episodio de la historia de la violencia pol\u00edtica en Espa\u00f1a. [vc_empty_space height=&#8221;10&#8243;]<br \/>\n<strong>Abstract<\/strong><br \/>\nBeginning in October 2011, Basque and Spanish institutions have im-mersed themselves in the analysis of the recent past of the Basque Country, emphasizing the history and memory of terrorism. The study of this trau-matic episode has been undertaken by entities such as the Memorial Center for the Victims of Terrorism and Gogora: Institute for Memory, Coexist-ence and Human Rights. The existence of two memorial organizations with divergent narratives has shown that the Basque society remains po-larized, and that it continues to (un-)consciously turn the page of terror-ism without even having read it. This disparity of narratives is having its effect on Education. This article focuses on the initiatives implemented by the Basque Government to bring the history of terrorism to the curriculum of the Secondary School in the Basque Country, highlighting the education-al programs deployed between 2005 and 2021 to try to delegitimize it. The objective is to show the confrontation of narratives, the reason for the dis-crepancies and the impact that such circumstances have on how this epi-sode in the history of political violence in Spain is to be transmitted and told. [vc_empty_space height=&#8221;10&#8243;]<br \/>\n<strong>Autor<\/strong><br \/>\nDavid Mota Zurdo. <a title=\"Dialnet\" href=\"https:\/\/dialnet.unirioja.es\/servlet\/autor?codigo=3459298\" target=\"_blank\" rel=\"noopener\">P\u00e1gina del autor en Dialnet.<\/a><br \/>\n [vc_empty_space height=&#8221;10&#8243;]<br \/>\n<strong>Tipo de documento<\/strong><br \/>\nArt\u00edculo<br \/>\n[vc_empty_space height=&#8221;10&#8243;]<br \/>\n[\/vc_column_text][\/vc_column][\/vc_row]<\/p>\n<\/div>","protected":false},"excerpt":{"rendered":"<p>[vc_row][vc_column width=&#8221;1\/1&#8243;][vc_column_text][vc_empty_space height=&#8221;20&#8243;] Referencia bibliogr\u00e1fica MOTA ZURDO, David (2022): \u00abLas \u00abmemorias\u00bb del terrorismo: las v\u00edctimas de la violencia pol\u00edtica y la educaci\u00f3n secundaria en el Pa\u00eds Vasco (2005-2021)\u00bb, Historia y&hellip;<\/p>\n","protected":false},"author":1,"featured_media":0,"parent":0,"menu_order":0,"comment_status":"closed","ping_status":"closed","template":"","meta":{"om_disable_all_campaigns":false,"_monsterinsights_skip_tracking":false,"_monsterinsights_sitenote_active":false,"_monsterinsights_sitenote_note":"","_monsterinsights_sitenote_category":0,"_uf_show_specific_survey":0,"_uf_disable_surveys":false,"_vp_format_video_url":"","_vp_image_focal_point":[],"_vp_custom_popup_image":0,"_vp_format_audio_url":"","_vp_custom_thumbnail":0,"_vp_custom_thumbnail_focal_point":[],"_vp_hover_thumbnail":0,"_vp_hover_thumbnail_focal_point":[],"footnotes":""},"class_list":["post-18382","page","type-page","status-publish","hentry"],"aioseo_notices":[],"_links":{"self":[{"href":"https:\/\/www.arovite.com\/en\/wp-json\/wp\/v2\/pages\/18382","targetHints":{"allow":["GET"]}}],"collection":[{"href":"https:\/\/www.arovite.com\/en\/wp-json\/wp\/v2\/pages"}],"about":[{"href":"https:\/\/www.arovite.com\/en\/wp-json\/wp\/v2\/types\/page"}],"author":[{"embeddable":true,"href":"https:\/\/www.arovite.com\/en\/wp-json\/wp\/v2\/users\/1"}],"replies":[{"embeddable":true,"href":"https:\/\/www.arovite.com\/en\/wp-json\/wp\/v2\/comments?post=18382"}],"version-history":[{"count":0,"href":"https:\/\/www.arovite.com\/en\/wp-json\/wp\/v2\/pages\/18382\/revisions"}],"wp:attachment":[{"href":"https:\/\/www.arovite.com\/en\/wp-json\/wp\/v2\/media?parent=18382"}],"curies":[{"name":"wp","href":"https:\/\/api.w.org\/{rel}","templated":true}]}}