{"id":18358,"date":"2023-10-09T08:51:27","date_gmt":"2023-10-09T08:51:27","guid":{"rendered":"https:\/\/www.arovite.com\/maculan-elena-2021\/"},"modified":"2023-10-09T08:54:47","modified_gmt":"2023-10-09T08:54:47","slug":"maculan-elena-2021","status":"publish","type":"page","link":"https:\/\/www.arovite.com\/en\/maculan-elena-2021\/","title":{"rendered":"MACULAN, Elena (2021)"},"content":{"rendered":"<div class=\"wpb-content-wrapper\"><p>[vc_row][vc_column width=&#8221;1\/1&#8243;][vc_column_text][vc_empty_space height=&#8221;20&#8243;]<br \/>\n <strong>Referencia bibliogr\u00e1fica<\/strong><br \/>\nMACULAN, Elena (2021): \u00abEncuentros restaurativos, petici\u00f3n de perd\u00f3n y resocializacion. Replanteando los mecanismos restaurativos con condenados por delitos de terrorismo\u00bb, <em>Revista de Derecho Penal y Criminolog\u00eda<\/em>, n\u00ba 26, pp. 77-120.<\/p>\n<p><a class=\"button blue  medium \" href=\"https:\/\/revistas.uned.es\/index.php\/RDPC\/article\/view\/31247\/24262\" target=\"_blank\" rel=\"noopener\">Consultar PDF<\/a>[vc_empty_space height=&#8221;10&#8243;]<br \/>\n<strong>Resumen<\/strong><br \/>\nLa reciente noticia de la reactivaci\u00f3n de encuentros restaurativos entre exmiembros de ETA y v\u00edctimas de los delitos cometidos por esa organizaci\u00f3n (al hilo de la experiencia desarrollada en Nanclares de Oca en 2011, y con muchas similitudes con una experiencia vivida en Italia) ha vuelto a despertar el inter\u00e9s y el debate acerca de la aplicaci\u00f3n de mecanismos de justicia restaurativa a sujetos acusados de, y condenados por, delitos de terrorismo. Mientras que su aplicaci\u00f3n en la fase de ejecuci\u00f3n de la pena se ha mantenido, hasta ahora, separada de la evoluci\u00f3n penitenciaria, sin repercutir positivamente en ella, esta contribuci\u00f3n propone considerar la posibilidad de que la participaci\u00f3n de los internos en estos encuentros no solamente sea valorada como indicio de su resocializaci\u00f3n, sino tambi\u00e9n que pueda cumplir la condici\u00f3n de \u201cpetici\u00f3n de perd\u00f3n\u201d a las v\u00edctimas, que la legislaci\u00f3n penitenciaria y la jurisprudencia exigen para que los condenados por estos delitos puedan acceder al tercer grado, a la libertad condicional y a otros beneficios. Recuperar y conceptualizar este mecanismo restaurativo bajo este prisma permitir\u00eda superar, al menos en parte, los cortocircuitos a los que est\u00e1 dando lugar la aplicaci\u00f3n de estas condiciones especiales para la evoluci\u00f3n penitenciaria de los condenados por delitos de terrorismo. [vc_empty_space height=&#8221;10&#8243;]<br \/>\n<strong>Abstract<\/strong><br \/>\nThe recent news according to which the restorative encounters between former ETA members and their victims (following the experience developed in Nanclares de Oca in 2011, as well as a similar Project that took place in Italy) are going to resume very soon, have ignited the interest and the debate about the applicability of restorative justice mechanisms to people charged with, and convicted of, terrorist offences. Although their application during the serving of the sentence has been kept, up to now, separated from the evolution of the inmate, with no positive impact on it, this article argues that we could consider the possibility for the participation of the inmates in these encounters to be taken into account not only as an indicia of their re-education, but also as a way of fulfilling the requirement of the \u201casking for forgiveness\u201d, which penitentiary laws and jurisprudence envisage for people convicted of terrorist offences to be allowed to the third grade penitentiary situation, parole and other benefits. Recovering and conceptualizing this restorative mechanism under this perspective would allow to overcome, at least partially, the short circuits caused by the application of such special conditions to the evolution in prison of terrorist offenders. [vc_empty_space height=&#8221;10&#8243;]<br \/>\n<strong>Autor<\/strong><br \/>\nElena Maculan. <a title=\"Dialnet\" href=\"https:\/\/dialnet.unirioja.es\/servlet\/autor?codigo=3000270\" target=\"_blank\" rel=\"noopener\">P\u00e1gina del autor en Dialnet.<\/a><br \/>\n[vc_empty_space height=&#8221;10&#8243;]<br \/>\n<strong>Tipo de documento<\/strong><br \/>\nArt\u00edculo<br \/>\n[vc_empty_space height=&#8221;10&#8243;]<br \/>\n[\/vc_column_text][\/vc_column][\/vc_row]<\/p>\n<\/div>","protected":false},"excerpt":{"rendered":"<p>[vc_row][vc_column width=&#8221;1\/1&#8243;][vc_column_text][vc_empty_space height=&#8221;20&#8243;] Referencia bibliogr\u00e1fica MACULAN, Elena (2021): \u00abEncuentros restaurativos, petici\u00f3n de perd\u00f3n y resocializacion. Replanteando los mecanismos restaurativos con condenados por delitos de terrorismo\u00bb, Revista de Derecho Penal y&hellip;<\/p>\n","protected":false},"author":1,"featured_media":0,"parent":0,"menu_order":0,"comment_status":"closed","ping_status":"closed","template":"","meta":{"om_disable_all_campaigns":false,"_monsterinsights_skip_tracking":false,"_monsterinsights_sitenote_active":false,"_monsterinsights_sitenote_note":"","_monsterinsights_sitenote_category":0,"_uf_show_specific_survey":0,"_uf_disable_surveys":false,"_vp_format_video_url":"","_vp_image_focal_point":[],"_vp_custom_popup_image":0,"_vp_format_audio_url":"","_vp_custom_thumbnail":0,"_vp_custom_thumbnail_focal_point":[],"_vp_hover_thumbnail":0,"_vp_hover_thumbnail_focal_point":[],"footnotes":""},"class_list":["post-18358","page","type-page","status-publish","hentry"],"aioseo_notices":[],"_links":{"self":[{"href":"https:\/\/www.arovite.com\/en\/wp-json\/wp\/v2\/pages\/18358","targetHints":{"allow":["GET"]}}],"collection":[{"href":"https:\/\/www.arovite.com\/en\/wp-json\/wp\/v2\/pages"}],"about":[{"href":"https:\/\/www.arovite.com\/en\/wp-json\/wp\/v2\/types\/page"}],"author":[{"embeddable":true,"href":"https:\/\/www.arovite.com\/en\/wp-json\/wp\/v2\/users\/1"}],"replies":[{"embeddable":true,"href":"https:\/\/www.arovite.com\/en\/wp-json\/wp\/v2\/comments?post=18358"}],"version-history":[{"count":2,"href":"https:\/\/www.arovite.com\/en\/wp-json\/wp\/v2\/pages\/18358\/revisions"}],"predecessor-version":[{"id":18363,"href":"https:\/\/www.arovite.com\/en\/wp-json\/wp\/v2\/pages\/18358\/revisions\/18363"}],"wp:attachment":[{"href":"https:\/\/www.arovite.com\/en\/wp-json\/wp\/v2\/media?parent=18358"}],"curies":[{"name":"wp","href":"https:\/\/api.w.org\/{rel}","templated":true}]}}