{"id":18352,"date":"2023-10-09T08:44:38","date_gmt":"2023-10-09T08:44:38","guid":{"rendered":"https:\/\/www.arovite.com\/labiano-juangarcia-roncesvalles-hernandez-ruiz-victoria-y-urquia-uriaguereca-inigo-2023\/"},"modified":"2023-10-09T08:44:38","modified_gmt":"2023-10-09T08:44:38","slug":"labiano-juangarcia-roncesvalles-hernandez-ruiz-victoria-y-urquia-uriaguereca-inigo-2023","status":"publish","type":"page","link":"https:\/\/www.arovite.com\/en\/labiano-juangarcia-roncesvalles-hernandez-ruiz-victoria-y-urquia-uriaguereca-inigo-2023\/","title":{"rendered":"LABIANO JUANGARC\u00cdA, Roncesvalles, HERN\u00c1NDEZ RUIZ, Victoria y URQU\u00cdA URIAGUERECA, I\u00f1igo (2023)"},"content":{"rendered":"<div class=\"wpb-content-wrapper\"><p>[vc_row][vc_column width=&#8221;1\/1&#8243;][vc_column_text][vc_empty_space height=&#8221;20&#8243;]<br \/>\n <strong>Referencia bibliogr\u00e1fica<\/strong><br \/>\nLABIANO JUANGARC\u00cdA, Roncesvalles, HERN\u00c1NDEZ RUIZ, Victoria y URQU\u00cdA URIAGUERECA, I\u00f1igo (2023): \u00abLa recepci\u00f3n de la novela Patria y la memoria del terrorismo en Espa\u00f1a. Cobertura, tratamiento y valoraci\u00f3n en la prensa nacional y regional vasca\u00bb, <em>Doxa Comunicaci\u00f3n: revista interdisciplinar de estudios de comunicaci\u00f3n y ciencias sociales<\/em>, n\u00ba 36, pp. 43-64.<\/p>\n<p><a class=\"button blue  medium \" href=\"https:\/\/revistascientificas.uspceu.com\/doxacomunicacion\/article\/view\/1682\/3325\" target=\"_blank\" rel=\"noopener\">Consultar PDF<\/a>[vc_empty_space height=&#8221;10&#8243;]<br \/>\n<strong>Resumen<\/strong><br \/>\nLa novela Patria, de Fernando Aramburu (2016), sobre el terrorismo en el Pa\u00eds Vasco, ha trascendido la ficci\u00f3n y se ha introducido en la opini\u00f3n p\u00fablica, entrever\u00e1ndose en la conversaci\u00f3n sobre la actualidad pol\u00edtica y social espa\u00f1ola. Partiendo de los estudios que relacionan periodismo y memoria, nuestro objetivo es ofrecer un mapa de la recepci\u00f3n de la novela en la prensa nacional y regional vasca, examinar en qu\u00e9 medida hay relaci\u00f3n entre la cobertura, tratamiento y valoraci\u00f3n en prensa y el \u00e1mbito territorial e ideol\u00f3gico de las cabeceras, para, de ese modo, observar la contribuci\u00f3n de la prensa a la memoria colectiva sobre el terrorismo en Espa\u00f1a. El estudio se ha realizado sobre 167 piezas period\u00edsticas mediante un an\u00e1lisis de contenido. [vc_empty_space height=&#8221;10&#8243;]<br \/>\n<strong>Abstract<\/strong><br \/>\nFernando Aramburu\u2019s novel Patria (Homeland in English) (2016), about terrorism in the Basque Country, has transcended fiction and has entered public opinion, becoming part of the conversation on current Spanish political and social affairs. Based on studies that relate journalism and memory, our aim is to offer a map of the reception of the novel in the national and regional Basque press, to examine to what extent there is a relationship between the coverage, treatment and assessment in the press and the territorial and ideological scope of the newspapers, in order to observe the contribution of the press to the collective memory of terrorism in Spain. The study was carried out on 167 journalistic pieces by means of a content analysis. [vc_empty_space height=&#8221;10&#8243;]<br \/>\n<strong>Autor<\/strong><br \/>\nRoncesvalles Labiano Juangarc\u00eda. <a title=\"Dialnet\" href=\"https:\/\/dialnet.unirioja.es\/servlet\/autor?codigo=4285982\" target=\"_blank\" rel=\"noopener\">P\u00e1gina del autor en Dialnet.<\/a><br \/>\nVictoria Hern\u00e1ndez Ruiz. <a title=\"Dialnet\" href=\"https:\/\/dialnet.unirioja.es\/servlet\/autor?codigo=5374733\" target=\"_blank\" rel=\"noopener\">P\u00e1gina del autor en Dialnet.<\/a><br \/>\nI\u00f1igo Urqu\u00eda Uriaguereca. <a title=\"Dialnet\" href=\"https:\/\/dialnet.unirioja.es\/servlet\/autor?codigo=4989651\" target=\"_blank\" rel=\"noopener\">P\u00e1gina del autor en Dialnet.<\/a><br \/>\n[vc_empty_space height=&#8221;10&#8243;]<br \/>\n<strong>Tipo de documento<\/strong><br \/>\nArt\u00edculo<br \/>\n[vc_empty_space height=&#8221;10&#8243;]<br \/>\n[\/vc_column_text][\/vc_column][\/vc_row]<\/p>\n<\/div>","protected":false},"excerpt":{"rendered":"<p>[vc_row][vc_column width=&#8221;1\/1&#8243;][vc_column_text][vc_empty_space height=&#8221;20&#8243;] Referencia bibliogr\u00e1fica LABIANO JUANGARC\u00cdA, Roncesvalles, HERN\u00c1NDEZ RUIZ, Victoria y URQU\u00cdA URIAGUERECA, I\u00f1igo (2023): \u00abLa recepci\u00f3n de la novela Patria y la memoria del terrorismo en Espa\u00f1a. Cobertura,&hellip;<\/p>\n","protected":false},"author":1,"featured_media":0,"parent":0,"menu_order":0,"comment_status":"closed","ping_status":"closed","template":"","meta":{"om_disable_all_campaigns":false,"_monsterinsights_skip_tracking":false,"_monsterinsights_sitenote_active":false,"_monsterinsights_sitenote_note":"","_monsterinsights_sitenote_category":0,"_uf_show_specific_survey":0,"_uf_disable_surveys":false,"_vp_format_video_url":"","_vp_image_focal_point":[],"_vp_custom_popup_image":0,"_vp_format_audio_url":"","_vp_custom_thumbnail":0,"_vp_custom_thumbnail_focal_point":[],"_vp_hover_thumbnail":0,"_vp_hover_thumbnail_focal_point":[],"footnotes":""},"class_list":["post-18352","page","type-page","status-publish","hentry"],"aioseo_notices":[],"_links":{"self":[{"href":"https:\/\/www.arovite.com\/en\/wp-json\/wp\/v2\/pages\/18352","targetHints":{"allow":["GET"]}}],"collection":[{"href":"https:\/\/www.arovite.com\/en\/wp-json\/wp\/v2\/pages"}],"about":[{"href":"https:\/\/www.arovite.com\/en\/wp-json\/wp\/v2\/types\/page"}],"author":[{"embeddable":true,"href":"https:\/\/www.arovite.com\/en\/wp-json\/wp\/v2\/users\/1"}],"replies":[{"embeddable":true,"href":"https:\/\/www.arovite.com\/en\/wp-json\/wp\/v2\/comments?post=18352"}],"version-history":[{"count":0,"href":"https:\/\/www.arovite.com\/en\/wp-json\/wp\/v2\/pages\/18352\/revisions"}],"wp:attachment":[{"href":"https:\/\/www.arovite.com\/en\/wp-json\/wp\/v2\/media?parent=18352"}],"curies":[{"name":"wp","href":"https:\/\/api.w.org\/{rel}","templated":true}]}}