{"id":18230,"date":"2023-10-06T10:30:24","date_gmt":"2023-10-06T10:30:24","guid":{"rendered":"https:\/\/www.arovite.com\/fernandez-soldevilla-gaizka-2016-2\/"},"modified":"2023-10-06T10:30:24","modified_gmt":"2023-10-06T10:30:24","slug":"fernandez-soldevilla-gaizka-2016-2","status":"publish","type":"page","link":"https:\/\/www.arovite.com\/en\/fernandez-soldevilla-gaizka-2016-2\/","title":{"rendered":"FERN\u00c1NDEZ SOLDEVILLA, Gaizka (2016)"},"content":{"rendered":"<div class=\"wpb-content-wrapper\"><p>[vc_row][vc_column width=&#8221;1\/1&#8243;][vc_column_text][vc_empty_space height=&#8221;20&#8243;]<br \/>\n <strong>Referencia bibliogr\u00e1fica<\/strong><br \/>\nFERN\u00c1NDEZ SOLDEVILLA, Gaizka (2016): <em>La voluntad del Gudari. G\u00e9nesis y met\u00e1stasis de la violencia de ETA<\/em>. Madrid: Tecnos. <\/p>\n<p><a class=\"button blue  medium \" href=\"https:\/\/gaizkafernandez.files.wordpress.com\/2015\/11\/lavlntdgudari.pdf\" target=\"_blank\" rel=\"noopener\">Consultar PDF<\/a>[vc_empty_space height=&#8221;10&#8243;]<br \/>\n<strong>Resumen<\/strong><br \/>\nLa presente obra analiza los or\u00edgenes hist\u00f3ricos del terrorismo en el Pa\u00eds Vasco ofreciendo una explicaci\u00f3n multicausal. As\u00ed, tiene en cuenta tanto factores externos (la dictadura franquista, el retroceso del euskera, la llegada de inmigrantes, la pasividad del PNV, el modelo de los movimientos anticoloniales, etc.) como internos (los antecedentes lejanos de Aberri y Jagi-Jagi, el influjo de los grup\u00fasculos ultranacionalistas del exilio, el choque intergeneracional, el imaginario b\u00e9lico de ETA, su evoluci\u00f3n ideol\u00f3gica, el estado emocional de sus l\u00edderes, la din\u00e1mica organizativa de la banda, etc.). Ahora bien, como demuestra La voluntad del gudari, los etarras no respond\u00edan como aut\u00f3matas a una coyuntura concreta ni estaban cumpliendo con su ineludible destino. Su apuesta por la violencia tampoco representaba el \u00faltimo episodio de un secular \u00abconflicto\u00bb \u00e9tnico entre vascos y espa\u00f1oles, un mito que sirvi\u00f3 de cimiento intelectual a la organizaci\u00f3n y que todav\u00eda hoy es utilizado para justificar sus cr\u00edmenes. El 7 de junio de 1968 Txabi Etxebarrieta decidi\u00f3 asesinar al guardia civil Jos\u00e9 Antonio Pardines, la primera de las 845 v\u00edctimas mortales de la banda. Descartando otras alternativas, los autoproclamados nuevos &#8220;gudaris&#8221; de ETA hab\u00edan optado por el uso de las armas para conseguir sus objetivos pol\u00edticos. Suya es, pues, la responsabilidad hist\u00f3rica. [vc_empty_space height=&#8221;10&#8243;]<br \/>\n<strong>Autor<\/strong><br \/>\nGaizka Fern\u00e1ndez Soldevilla. <a title=\"Dialnet\" href=\"https:\/\/dialnet.unirioja.es\/servlet\/autor?codigo=2407724\" target=\"_blank\" rel=\"noopener\">P\u00e1gina del autor en Dialnet.<\/a><br \/>\n[vc_empty_space height=&#8221;10&#8243;]<br \/>\n<strong>Tipo de documento<\/strong><br \/>\nLibro<br \/>\n[vc_empty_space height=&#8221;10&#8243;]<br \/>\n[\/vc_column_text][\/vc_column][\/vc_row]<\/p>\n<\/div>","protected":false},"excerpt":{"rendered":"<p>[vc_row][vc_column width=&#8221;1\/1&#8243;][vc_column_text][vc_empty_space height=&#8221;20&#8243;] Referencia bibliogr\u00e1fica FERN\u00c1NDEZ SOLDEVILLA, Gaizka (2016): La voluntad del Gudari. G\u00e9nesis y met\u00e1stasis de la violencia de ETA. Madrid: Tecnos. Consultar PDF[vc_empty_space height=&#8221;10&#8243;] Resumen La presente obra&hellip;<\/p>\n","protected":false},"author":1,"featured_media":0,"parent":0,"menu_order":0,"comment_status":"closed","ping_status":"closed","template":"","meta":{"om_disable_all_campaigns":false,"_monsterinsights_skip_tracking":false,"_monsterinsights_sitenote_active":false,"_monsterinsights_sitenote_note":"","_monsterinsights_sitenote_category":0,"_uf_show_specific_survey":0,"_uf_disable_surveys":false,"_vp_format_video_url":"","_vp_image_focal_point":[],"_vp_custom_popup_image":0,"_vp_format_audio_url":"","_vp_custom_thumbnail":0,"_vp_custom_thumbnail_focal_point":[],"_vp_hover_thumbnail":0,"_vp_hover_thumbnail_focal_point":[],"footnotes":""},"class_list":["post-18230","page","type-page","status-publish","hentry"],"aioseo_notices":[],"_links":{"self":[{"href":"https:\/\/www.arovite.com\/en\/wp-json\/wp\/v2\/pages\/18230","targetHints":{"allow":["GET"]}}],"collection":[{"href":"https:\/\/www.arovite.com\/en\/wp-json\/wp\/v2\/pages"}],"about":[{"href":"https:\/\/www.arovite.com\/en\/wp-json\/wp\/v2\/types\/page"}],"author":[{"embeddable":true,"href":"https:\/\/www.arovite.com\/en\/wp-json\/wp\/v2\/users\/1"}],"replies":[{"embeddable":true,"href":"https:\/\/www.arovite.com\/en\/wp-json\/wp\/v2\/comments?post=18230"}],"version-history":[{"count":0,"href":"https:\/\/www.arovite.com\/en\/wp-json\/wp\/v2\/pages\/18230\/revisions"}],"wp:attachment":[{"href":"https:\/\/www.arovite.com\/en\/wp-json\/wp\/v2\/media?parent=18230"}],"curies":[{"name":"wp","href":"https:\/\/api.w.org\/{rel}","templated":true}]}}