{"id":18216,"date":"2023-10-06T10:21:40","date_gmt":"2023-10-06T10:21:40","guid":{"rendered":"https:\/\/www.arovite.com\/escauriaza-escudero-ana-2023\/"},"modified":"2023-10-06T10:22:24","modified_gmt":"2023-10-06T10:22:24","slug":"escauriaza-escudero-ana-2023","status":"publish","type":"page","link":"https:\/\/www.arovite.com\/en\/escauriaza-escudero-ana-2023\/","title":{"rendered":"ESCAURIAZA ESCUDERO, Ana (2023)"},"content":{"rendered":"<div class=\"wpb-content-wrapper\"><p>[vc_row][vc_column width=&#8221;1\/1&#8243;][vc_column_text][vc_empty_space height=&#8221;20&#8243;]<br \/>\n <strong>Referencia bibliogr\u00e1fica<\/strong><br \/>\nESCAURIAZA ESCUDERO, Ana (2023): \u00abUn vac\u00edo en la historiograf\u00eda sobre ETA. Violencia, juventud y educaci\u00f3n universitaria\u00bb, <em>Historia Actual Online<\/em>, n\u00ba 61, pp. 209-226.<\/p>\n<p><a class=\"button blue  medium \" href=\"https:\/\/dialnet.unirioja.es\/descarga\/articulo\/9000499.pdf\" target=\"_blank\" rel=\"noopener\">Consultar PDF<\/a>[vc_empty_space height=&#8221;10&#8243;]<br \/>\n<strong>Resumen<\/strong><br \/>\nEn los \u00faltimos a\u00f1os se ha avanzado considerablemente en los estudios relacionados con el terrorismo y la violencia en el Pa\u00eds Vasco. Sin embargo, todav\u00eda hay un campo de investigaci\u00f3n con un vac\u00edo quiz\u00e1 sorprendente: el de la juventud y la educaci\u00f3n, y en concreto la universitaria. Este art\u00edculo es un estado de la cuesti\u00f3n sobre este vac\u00edo historiogr\u00e1fico, justificando la necesidad de cubrirlo. Y es que, a pesar de su importancia para el desarrollo de ETA, su relaci\u00f3n con la juventud, la educaci\u00f3n y la universidad han recibido menos atenci\u00f3n historiogr\u00e1fica que otros elementos del entramado nacionalista radical, como el mismo grupo terrorista, el partido pol\u00edtico HB o el sindicato LAB. [vc_empty_space height=&#8221;10&#8243;]<br \/>\n<strong>Abstract<\/strong><br \/>\nIn the last decades, significant progress has been made in studies related to terrorism and violence in the Basque Country. Nevertheless, there is still a considerable loophole in this field of research. Matters related to youth and education, specifically, universities. This article evaluates the current state on this historiographical gap, justifying the need to fill it. Despite its importance for the development of ETA, its relationship with youth, education and universities have received less historiographical attention than other elements of the radical nationalist network, such as the terrorist group itself, the political party HB or the trade union LAB.<br \/>\n [vc_empty_space height=&#8221;10&#8243;]<br \/>\n<strong>Autor<\/strong><br \/>\nAna Escauriaza Escudero. <a title=\"Dialnet\" href=\"https:\/\/dialnet.unirioja.es\/servlet\/autor?codigo=4097270\" target=\"_blank\" rel=\"noopener\">P\u00e1gina del autor en Dialnet.<\/a><br \/>\n[vc_empty_space height=&#8221;10&#8243;]<br \/>\n<strong>Tipo de documento<\/strong><br \/>\nArt\u00edculo<br \/>\n[vc_empty_space height=&#8221;10&#8243;]<br \/>\n[\/vc_column_text][\/vc_column][\/vc_row]<\/p>\n<\/div>","protected":false},"excerpt":{"rendered":"<p>[vc_row][vc_column width=&#8221;1\/1&#8243;][vc_column_text][vc_empty_space height=&#8221;20&#8243;] Referencia bibliogr\u00e1fica ESCAURIAZA ESCUDERO, Ana (2023): \u00abUn vac\u00edo en la historiograf\u00eda sobre ETA. Violencia, juventud y educaci\u00f3n universitaria\u00bb, Historia Actual Online, n\u00ba 61, pp. 209-226. Consultar PDF[vc_empty_space&hellip;<\/p>\n","protected":false},"author":1,"featured_media":0,"parent":0,"menu_order":0,"comment_status":"closed","ping_status":"closed","template":"","meta":{"om_disable_all_campaigns":false,"_monsterinsights_skip_tracking":false,"_monsterinsights_sitenote_active":false,"_monsterinsights_sitenote_note":"","_monsterinsights_sitenote_category":0,"_uf_show_specific_survey":0,"_uf_disable_surveys":false,"_vp_format_video_url":"","_vp_image_focal_point":[],"_vp_custom_popup_image":0,"_vp_format_audio_url":"","_vp_custom_thumbnail":0,"_vp_custom_thumbnail_focal_point":[],"_vp_hover_thumbnail":0,"_vp_hover_thumbnail_focal_point":[],"footnotes":""},"class_list":["post-18216","page","type-page","status-publish","hentry"],"aioseo_notices":[],"_links":{"self":[{"href":"https:\/\/www.arovite.com\/en\/wp-json\/wp\/v2\/pages\/18216","targetHints":{"allow":["GET"]}}],"collection":[{"href":"https:\/\/www.arovite.com\/en\/wp-json\/wp\/v2\/pages"}],"about":[{"href":"https:\/\/www.arovite.com\/en\/wp-json\/wp\/v2\/types\/page"}],"author":[{"embeddable":true,"href":"https:\/\/www.arovite.com\/en\/wp-json\/wp\/v2\/users\/1"}],"replies":[{"embeddable":true,"href":"https:\/\/www.arovite.com\/en\/wp-json\/wp\/v2\/comments?post=18216"}],"version-history":[{"count":1,"href":"https:\/\/www.arovite.com\/en\/wp-json\/wp\/v2\/pages\/18216\/revisions"}],"predecessor-version":[{"id":18220,"href":"https:\/\/www.arovite.com\/en\/wp-json\/wp\/v2\/pages\/18216\/revisions\/18220"}],"wp:attachment":[{"href":"https:\/\/www.arovite.com\/en\/wp-json\/wp\/v2\/media?parent=18216"}],"curies":[{"name":"wp","href":"https:\/\/api.w.org\/{rel}","templated":true}]}}