{"id":18200,"date":"2023-10-06T08:21:48","date_gmt":"2023-10-06T08:21:48","guid":{"rendered":"https:\/\/www.arovite.com\/burguera-lucia-2016\/"},"modified":"2023-10-06T08:23:38","modified_gmt":"2023-10-06T08:23:38","slug":"burguera-lucia-2016","status":"publish","type":"page","link":"https:\/\/www.arovite.com\/en\/burguera-lucia-2016\/","title":{"rendered":"BURGUERA, Luc\u00eda (2016)"},"content":{"rendered":"<div class=\"wpb-content-wrapper\"><p>[vc_row][vc_column width=&#8221;1\/1&#8243;][vc_column_text][vc_empty_space height=&#8221;20&#8243;]<br \/>\n <strong>Referencia bibliogr\u00e1fica<\/strong><br \/>\nBURGUERA, Luc\u00eda (2016): <em>Cine documental sobre ETA y &#8220;conflicto vasco&#8221;<\/em>. Tesis doctoral: Universitat de Val\u00e8ncia.<\/p>\n<p><a class=\"button blue  medium \" href=\"https:\/\/dialnet.unirioja.es\/servlet\/tesis?codigo=119266&#038;orden=0&#038;info=link\" target=\"_blank\" rel=\"noopener\">Consultar PDF<\/a>[vc_empty_space height=&#8221;10&#8243;]<br \/>\n<strong>Resumen<\/strong><br \/>\nEl terrorismo vasco ha marcado la actualidad de este pa\u00eds tanto en el plano nacional como internacional durante m\u00e1s de 40 a\u00f1os, ha ido construyendo la agenda medi\u00e1tica espa\u00f1ola que y creando un lenguaje propio y una visi\u00f3n del denominado \u201cconflicto vasco\u201d as\u00ed como una forma de entender el mismo. La sociedad conoce la historia de ETA m\u00e1s que por los libros por los informativos, por la prensa, por la radio, por la red&#8230; Todo ello ha ido conformando nuestro imaginario colectivo en torno a esta cuesti\u00f3n y nos ha hecho participes en muchas ocasiones de esa forma de entender el problema tan medi\u00e1tica. El cine como constructor de realidades es capaz de crear nuevos universos, teletransportarnos a otros lugares, crear sensaciones y emociones y en definitiva hacernos sentir y sobre todo provocarnos pensar.Existe una creencia bastante generalizada de que el cine de alguna manera ha dado la espalda al tema de ETA. Numerosos art\u00edculos publicados fundamentalmente en prensa han criticado ferozmente la falta de t\u00edtulos cinematogr\u00e1ficos realizados en Espa\u00f1a que tratasen de una manera directa y contundente el tema del terrorismo en nuestro pa\u00eds.El documental es un g\u00e9nero que supuestamente trabaja sobre realidades. Al g\u00e9nero de no ficci\u00f3n se le presupone una serie de requisitos que lo convierten en un g\u00e9nero informativo. El documental en aras de mostrar una realidad concreta, con personajes reales y con la utilizaci\u00f3n de recursos como las im\u00e1genes de archivo, trata de abordar una cuesti\u00f3n desde perspectivas que en un principio no deber\u00edan distorsionar la realidad en cuesti\u00f3n sino m\u00e1s bien aclararla y provocar una reacci\u00f3n en el espectador que puede pasar desde el reforzamiento de una idea previa sobre el tema o desmontar una teor\u00eda sobre el mismo o aportar un punto de vista novedoso sobre una cuesti\u00f3n en concreto.El grueso de las pel\u00edculas seleccionadas lo conforman el trabajo de directores como I\u00f1aki Arteta y el tandem formado por Eterio Ortega y El\u00edas Querejeta ya que son dos realizadores que han centrado su carrera en el cine documental sobre el ETA y el \u201cconflicto vasco\u201d [vc_empty_space height=&#8221;10&#8243;]<br \/>\n<strong>Autor<\/strong><br \/>\nLuc\u00eda Burguera Dura. <a title=\"Dialnet\" href=\"https:\/\/dialnet.unirioja.es\/servlet\/autor?codigo=4314714\" target=\"_blank\" rel=\"noopener\">P\u00e1gina del autor en Dialnet.<\/a><br \/>\n[vc_empty_space height=&#8221;10&#8243;]<br \/>\n<strong>Tipo de documento<\/strong><br \/>\nTesis doctoral<br \/>\n[vc_empty_space height=&#8221;10&#8243;]<br \/>\n[\/vc_column_text][\/vc_column][\/vc_row]<\/p>\n<\/div>","protected":false},"excerpt":{"rendered":"<p>[vc_row][vc_column width=&#8221;1\/1&#8243;][vc_column_text][vc_empty_space height=&#8221;20&#8243;] Referencia bibliogr\u00e1fica BURGUERA, Luc\u00eda (2016): Cine documental sobre ETA y &#8220;conflicto vasco&#8221;. Tesis doctoral: Universitat de Val\u00e8ncia. Consultar PDF[vc_empty_space height=&#8221;10&#8243;] Resumen El terrorismo vasco ha marcado la&hellip;<\/p>\n","protected":false},"author":1,"featured_media":0,"parent":0,"menu_order":0,"comment_status":"closed","ping_status":"closed","template":"","meta":{"om_disable_all_campaigns":false,"_monsterinsights_skip_tracking":false,"_monsterinsights_sitenote_active":false,"_monsterinsights_sitenote_note":"","_monsterinsights_sitenote_category":0,"_uf_show_specific_survey":0,"_uf_disable_surveys":false,"_vp_format_video_url":"","_vp_image_focal_point":[],"_vp_custom_popup_image":0,"_vp_format_audio_url":"","_vp_custom_thumbnail":0,"_vp_custom_thumbnail_focal_point":[],"_vp_hover_thumbnail":0,"_vp_hover_thumbnail_focal_point":[],"footnotes":""},"class_list":["post-18200","page","type-page","status-publish","hentry"],"aioseo_notices":[],"_links":{"self":[{"href":"https:\/\/www.arovite.com\/en\/wp-json\/wp\/v2\/pages\/18200","targetHints":{"allow":["GET"]}}],"collection":[{"href":"https:\/\/www.arovite.com\/en\/wp-json\/wp\/v2\/pages"}],"about":[{"href":"https:\/\/www.arovite.com\/en\/wp-json\/wp\/v2\/types\/page"}],"author":[{"embeddable":true,"href":"https:\/\/www.arovite.com\/en\/wp-json\/wp\/v2\/users\/1"}],"replies":[{"embeddable":true,"href":"https:\/\/www.arovite.com\/en\/wp-json\/wp\/v2\/comments?post=18200"}],"version-history":[{"count":1,"href":"https:\/\/www.arovite.com\/en\/wp-json\/wp\/v2\/pages\/18200\/revisions"}],"predecessor-version":[{"id":18204,"href":"https:\/\/www.arovite.com\/en\/wp-json\/wp\/v2\/pages\/18200\/revisions\/18204"}],"wp:attachment":[{"href":"https:\/\/www.arovite.com\/en\/wp-json\/wp\/v2\/media?parent=18200"}],"curies":[{"name":"wp","href":"https:\/\/api.w.org\/{rel}","templated":true}]}}