{"id":18193,"date":"2023-10-06T08:17:11","date_gmt":"2023-10-06T08:17:11","guid":{"rendered":"https:\/\/www.arovite.com\/buesa-blanco-mikel-y-baumert-thomas-2023\/"},"modified":"2023-10-06T08:18:16","modified_gmt":"2023-10-06T08:18:16","slug":"buesa-blanco-mikel-y-baumert-thomas-2023","status":"publish","type":"page","link":"https:\/\/www.arovite.com\/en\/buesa-blanco-mikel-y-baumert-thomas-2023\/","title":{"rendered":"BUESA BLANCO, Mikel y BAUMERT, Thomas (2023)"},"content":{"rendered":"<div class=\"wpb-content-wrapper\"><p>[vc_row][vc_column width=&#8221;1\/1&#8243;][vc_column_text][vc_empty_space height=&#8221;20&#8243;]<br \/>\n <strong>Referencia bibliogr\u00e1fica<\/strong><br \/>\nBUESA BLANCO, Mikel y BAUMERT, Thomas (2023): \u00ab\u00bfEs el dinero el nervio del terrorismo? Un an\u00e1lisis de la campa\u00f1a de ETA, 1967-2010\u00bb, <em>Grupo de Econom\u00eda del Terrorismo GET<\/em>, documento de trabajo, n\u00ba 2. <\/p>\n<p><a class=\"button blue  medium \" href=\"https:\/\/docta.ucm.es\/bitstreams\/f0676ecc-03a7-4af4-8d6a-ab3de1d7376a\/download\" target=\"_blank\" rel=\"noopener\">Consultar PDF<\/a>[vc_empty_space height=&#8221;10&#8243;]<br \/>\n<strong>Resumen<\/strong><br \/>\nEn el presente trabajo se estudia la relaci\u00f3n que pudiera existir entre la disponibilidad de recursos financieros y humanos por parte de esas organizaciones y el desarrollo de sus campa\u00f1as terroristas, tomando como referencia el caso de Euskadi ta Askatasuna (ETA), el grupo terrorista que atac\u00f3 al Estado y a la sociedad en Espa\u00f1a durante el medio siglo que discurri\u00f3 entre 1959 y 2010. [vc_empty_space height=&#8221;10&#8243;]<br \/>\n<strong>Autor<\/strong><br \/>\nMikel Buesa Blanco. <a title=\"Dialnet\" href=\"https:\/\/dialnet.unirioja.es\/servlet\/autor?codigo=10436\" target=\"_blank\" rel=\"noopener\">P\u00e1gina del autor en Dialnet.<\/a><br \/>\nThomas Baumert. <a title=\"Dialnet\" href=\"https:\/\/dialnet.unirioja.es\/servlet\/autor?codigo=499080\" target=\"_blank\" rel=\"noopener\">P\u00e1gina del autor en Dialnet.<\/a><br \/>\n[vc_empty_space height=&#8221;10&#8243;]<br \/>\n<strong>Tipo de documento<\/strong><br \/>\nDocumento de trabajo<br \/>\n[vc_empty_space height=&#8221;10&#8243;]<br \/>\n[\/vc_column_text][\/vc_column][\/vc_row]<\/p>\n<\/div>","protected":false},"excerpt":{"rendered":"<p>[vc_row][vc_column width=&#8221;1\/1&#8243;][vc_column_text][vc_empty_space height=&#8221;20&#8243;] Referencia bibliogr\u00e1fica BUESA BLANCO, Mikel y BAUMERT, Thomas (2023): \u00ab\u00bfEs el dinero el nervio del terrorismo? Un an\u00e1lisis de la campa\u00f1a de ETA, 1967-2010\u00bb, Grupo de Econom\u00eda&hellip;<\/p>\n","protected":false},"author":1,"featured_media":0,"parent":0,"menu_order":0,"comment_status":"closed","ping_status":"closed","template":"","meta":{"om_disable_all_campaigns":false,"_monsterinsights_skip_tracking":false,"_monsterinsights_sitenote_active":false,"_monsterinsights_sitenote_note":"","_monsterinsights_sitenote_category":0,"_uf_show_specific_survey":0,"_uf_disable_surveys":false,"_vp_format_video_url":"","_vp_image_focal_point":[],"_vp_custom_popup_image":0,"_vp_format_audio_url":"","_vp_custom_thumbnail":0,"_vp_custom_thumbnail_focal_point":[],"_vp_hover_thumbnail":0,"_vp_hover_thumbnail_focal_point":[],"footnotes":""},"class_list":["post-18193","page","type-page","status-publish","hentry"],"aioseo_notices":[],"_links":{"self":[{"href":"https:\/\/www.arovite.com\/en\/wp-json\/wp\/v2\/pages\/18193","targetHints":{"allow":["GET"]}}],"collection":[{"href":"https:\/\/www.arovite.com\/en\/wp-json\/wp\/v2\/pages"}],"about":[{"href":"https:\/\/www.arovite.com\/en\/wp-json\/wp\/v2\/types\/page"}],"author":[{"embeddable":true,"href":"https:\/\/www.arovite.com\/en\/wp-json\/wp\/v2\/users\/1"}],"replies":[{"embeddable":true,"href":"https:\/\/www.arovite.com\/en\/wp-json\/wp\/v2\/comments?post=18193"}],"version-history":[{"count":1,"href":"https:\/\/www.arovite.com\/en\/wp-json\/wp\/v2\/pages\/18193\/revisions"}],"predecessor-version":[{"id":18196,"href":"https:\/\/www.arovite.com\/en\/wp-json\/wp\/v2\/pages\/18193\/revisions\/18196"}],"wp:attachment":[{"href":"https:\/\/www.arovite.com\/en\/wp-json\/wp\/v2\/media?parent=18193"}],"curies":[{"name":"wp","href":"https:\/\/api.w.org\/{rel}","templated":true}]}}