{"id":17519,"date":"2023-02-20T12:01:44","date_gmt":"2023-02-20T12:01:44","guid":{"rendered":"https:\/\/www.arovite.com\/?page_id=17519"},"modified":"2023-02-20T12:01:45","modified_gmt":"2023-02-20T12:01:45","slug":"uriarte-edurne-1995","status":"publish","type":"page","link":"https:\/\/www.arovite.com\/en\/uriarte-edurne-1995\/","title":{"rendered":"URIARTE, Edurne (1995)"},"content":{"rendered":"<div class=\"wpb-content-wrapper\"><p>[vc_row][vc_column width=&#8221;1\/1&#8243;][vc_column_text][vc_empty_space height=&#8221;20&#8243;]<br \/>\n<strong>Referencia bibliogr\u00e1fica<\/strong><br \/>\nURIARTE, Edurne (1995): \u00abIntelectuales vascos, pol\u00edtica y nacionalismo\u00bb, <em>Revista de Estudios Pol\u00edticos<\/em>, n\u00ba 88, pp. 291-310.<\/p>\n<p><a class=\"button blue  medium \" href=\"https:\/\/dialnet.unirioja.es\/descarga\/articulo\/27323.pdf\" target=\"_blank\" rel=\"noopener\">Consultar PDF<\/a>[vc_empty_space height=&#8221;10&#8243;]<br \/>\n<strong>Resumen<\/strong><br \/>\nEn un momento en el que se vive una crisis, aparente o real, del papel del intelectual en la sociedad occidental, los intelectuales vascos no constituyen una excepci\u00f3n. Es m\u00e1s, su papel parece m\u00e1s d\u00e9bil y difuso en un entorno dominado por las luchas pol\u00edticas nacionalistas. Que ese papel sea d\u00e9bil no significa que sea inexistente; y es indudable que el conocimiento de las posturas y percepciones que los intelectuales vascos mantienen frente a los problemas pol\u00edticos de su pa\u00eds algo de clarificaci\u00f3n aportar\u00e1 al an\u00e1lisis tanto del caso vasco como de otras sociedades con problemas nacionalistas. [vc_empty_space height=&#8221;10&#8243;]<br \/>\n<strong>Autor<\/strong><br \/>\nEdurne Uriarte. <a title=\"Dialnet\" href=\"https:\/\/dialnet.unirioja.es\/servlet\/autor?codigo=54011\" target=\"_blank\" rel=\"noopener\">P\u00e1gina del autor en Dialnet.<\/a><br \/>\n[vc_empty_space height=&#8221;10&#8243;]<br \/>\n<strong>Tipo de documento<\/strong><br \/>\nArt\u00edculo<br \/>\n[vc_empty_space height=&#8221;10&#8243;]<br \/>\n[\/vc_column_text][\/vc_column][\/vc_row]<\/p>\n<\/div>","protected":false},"excerpt":{"rendered":"<p>[vc_row][vc_column width=&#8221;1\/1&#8243;][vc_column_text][vc_empty_space height=&#8221;20&#8243;] Referencia bibliogr\u00e1fica URIARTE, Edurne (1995): \u00abIntelectuales vascos, pol\u00edtica y nacionalismo\u00bb, Revista de Estudios Pol\u00edticos, n\u00ba 88, pp. 291-310. Consultar PDF[vc_empty_space height=&#8221;10&#8243;] Resumen En un momento en el&hellip;<\/p>\n","protected":false},"author":1,"featured_media":0,"parent":0,"menu_order":0,"comment_status":"closed","ping_status":"closed","template":"","meta":{"om_disable_all_campaigns":false,"_monsterinsights_skip_tracking":false,"_monsterinsights_sitenote_active":false,"_monsterinsights_sitenote_note":"","_monsterinsights_sitenote_category":0,"_uf_show_specific_survey":0,"_uf_disable_surveys":false,"_vp_format_video_url":"","_vp_image_focal_point":[],"_vp_custom_popup_image":0,"_vp_format_audio_url":"","_vp_custom_thumbnail":0,"_vp_custom_thumbnail_focal_point":[],"_vp_hover_thumbnail":0,"_vp_hover_thumbnail_focal_point":[],"footnotes":""},"class_list":["post-17519","page","type-page","status-publish","hentry"],"aioseo_notices":[],"_links":{"self":[{"href":"https:\/\/www.arovite.com\/en\/wp-json\/wp\/v2\/pages\/17519","targetHints":{"allow":["GET"]}}],"collection":[{"href":"https:\/\/www.arovite.com\/en\/wp-json\/wp\/v2\/pages"}],"about":[{"href":"https:\/\/www.arovite.com\/en\/wp-json\/wp\/v2\/types\/page"}],"author":[{"embeddable":true,"href":"https:\/\/www.arovite.com\/en\/wp-json\/wp\/v2\/users\/1"}],"replies":[{"embeddable":true,"href":"https:\/\/www.arovite.com\/en\/wp-json\/wp\/v2\/comments?post=17519"}],"version-history":[{"count":1,"href":"https:\/\/www.arovite.com\/en\/wp-json\/wp\/v2\/pages\/17519\/revisions"}],"predecessor-version":[{"id":17521,"href":"https:\/\/www.arovite.com\/en\/wp-json\/wp\/v2\/pages\/17519\/revisions\/17521"}],"wp:attachment":[{"href":"https:\/\/www.arovite.com\/en\/wp-json\/wp\/v2\/media?parent=17519"}],"curies":[{"name":"wp","href":"https:\/\/api.w.org\/{rel}","templated":true}]}}