{"id":17478,"date":"2023-02-20T11:38:28","date_gmt":"2023-02-20T11:38:28","guid":{"rendered":"https:\/\/www.arovite.com\/?page_id=17478"},"modified":"2023-02-20T11:39:03","modified_gmt":"2023-02-20T11:39:03","slug":"saez-de-la-fuente-izaskun-coord-2017","status":"publish","type":"page","link":"https:\/\/www.arovite.com\/en\/saez-de-la-fuente-izaskun-coord-2017\/","title":{"rendered":"S\u00c1EZ DE LA FUENTE, Izaskun (coord.) (2017)"},"content":{"rendered":"<div class=\"wpb-content-wrapper\"><p>[vc_row][vc_column width=&#8221;1\/1&#8243;][vc_column_text][vc_empty_space height=&#8221;20&#8243;]<br \/>\n<strong>Referencia bibliogr\u00e1fica<\/strong><br \/>\nS\u00c1EZ DE LA FUENTE, Izaskun (coord.) (2017): <em>Informe sobre la extorsi\u00f3n y la violencia de ETA contra el mundo empresarial<\/em>. Secretar\u00eda General de Paz y Convivencia, Gobierno Vasco.<\/p>\n<p><a class=\"button blue medium \" href=\"https:\/\/www.euskadi.eus\/contenidos\/informacion\/documentos_paz_convivencia\/es_def\/adjuntos\/14-informe-extorsion.pdf\" target=\"_blank\"rel=\"noopener\">Consultar PDF<\/a><br \/>\n[vc_empty_space height=&#8221;10&#8243;]<br \/>\n<strong>Resumen<\/strong><br \/>\nLa Secretar\u00eda para la Paz y la Convivencia del Gobierno Vasco encarg\u00f3 al Centro de \u00c9tica Aplicada de la Universidad de Deusto (CEA) en marzo de 2016 un informe sobre la extorsi\u00f3n y la violencia de ETA contra el mundo empresarial. El mismo se basa en algunas de las principales conclusiones derivadas del estudio interdisciplinar que ha liderado el CEA en los cuatro \u00faltimos a\u00f1os e incorpora distintos tipos de recomenda\u00acciones para pol\u00edticas p\u00fablicas. [vc_empty_space height=&#8221;10&#8243;]<br \/>\n<strong>Autor<\/strong><br \/>\nIzaskun S\u00e1ez de la Fuente. <a title=\"Dialnet\" href=\"https:\/\/dialnet.unirioja.es\/servlet\/autor?codigo=291316\" target=\"_blank\" rel=\"noopener\">P\u00e1gina del autor en Dialnet.<\/a><br \/>\n[vc_empty_space height=&#8221;10&#8243;]<br \/>\n<strong>Tipo de documento<\/strong><br \/>\nCuaderno<br \/>\n[vc_empty_space height=&#8221;10&#8243;]<br \/>\n[\/vc_column_text][\/vc_column][\/vc_row]<\/p>\n<\/div>","protected":false},"excerpt":{"rendered":"<p>[vc_row][vc_column width=&#8221;1\/1&#8243;][vc_column_text][vc_empty_space height=&#8221;20&#8243;] Referencia bibliogr\u00e1fica S\u00c1EZ DE LA FUENTE, Izaskun (coord.) (2017): Informe sobre la extorsi\u00f3n y la violencia de ETA contra el mundo empresarial. Secretar\u00eda General de Paz y&hellip;<\/p>\n","protected":false},"author":1,"featured_media":0,"parent":0,"menu_order":0,"comment_status":"closed","ping_status":"closed","template":"","meta":{"om_disable_all_campaigns":false,"_monsterinsights_skip_tracking":false,"_monsterinsights_sitenote_active":false,"_monsterinsights_sitenote_note":"","_monsterinsights_sitenote_category":0,"_uf_show_specific_survey":0,"_uf_disable_surveys":false,"_vp_format_video_url":"","_vp_image_focal_point":[],"_vp_custom_popup_image":0,"_vp_format_audio_url":"","_vp_custom_thumbnail":0,"_vp_custom_thumbnail_focal_point":[],"_vp_hover_thumbnail":0,"_vp_hover_thumbnail_focal_point":[],"footnotes":""},"class_list":["post-17478","page","type-page","status-publish","hentry"],"aioseo_notices":[],"_links":{"self":[{"href":"https:\/\/www.arovite.com\/en\/wp-json\/wp\/v2\/pages\/17478","targetHints":{"allow":["GET"]}}],"collection":[{"href":"https:\/\/www.arovite.com\/en\/wp-json\/wp\/v2\/pages"}],"about":[{"href":"https:\/\/www.arovite.com\/en\/wp-json\/wp\/v2\/types\/page"}],"author":[{"embeddable":true,"href":"https:\/\/www.arovite.com\/en\/wp-json\/wp\/v2\/users\/1"}],"replies":[{"embeddable":true,"href":"https:\/\/www.arovite.com\/en\/wp-json\/wp\/v2\/comments?post=17478"}],"version-history":[{"count":2,"href":"https:\/\/www.arovite.com\/en\/wp-json\/wp\/v2\/pages\/17478\/revisions"}],"predecessor-version":[{"id":17483,"href":"https:\/\/www.arovite.com\/en\/wp-json\/wp\/v2\/pages\/17478\/revisions\/17483"}],"wp:attachment":[{"href":"https:\/\/www.arovite.com\/en\/wp-json\/wp\/v2\/media?parent=17478"}],"curies":[{"name":"wp","href":"https:\/\/api.w.org\/{rel}","templated":true}]}}