{"id":17459,"date":"2023-02-20T11:22:02","date_gmt":"2023-02-20T11:22:02","guid":{"rendered":"https:\/\/www.arovite.com\/?page_id=17459"},"modified":"2023-02-20T11:22:03","modified_gmt":"2023-02-20T11:22:03","slug":"rodriguez-uribes-jose-manuel-2012","status":"publish","type":"page","link":"https:\/\/www.arovite.com\/en\/rodriguez-uribes-jose-manuel-2012\/","title":{"rendered":"RODR\u00cdGUEZ URIBES, Jos\u00e9 Manuel (2012)"},"content":{"rendered":"<div class=\"wpb-content-wrapper\"><p>[vc_row][vc_column width=&#8221;1\/1&#8243;][vc_column_text][vc_empty_space height=&#8221;20&#8243;]<br \/>\n<strong>Referencia bibliogr\u00e1fica<\/strong><br \/>\nRODR\u00cdGUEZ URIBES, Jos\u00e9 Manuel (2012): \u00abSobre la Ley 29\/2011, de 22 de septiembre, de reconocimiento y protecci\u00f3n integral a las v\u00edctimas del terrorismo\u00bb, <em>Asamblea: revista parlamentaria de la Asamblea de Madrid<\/em>, n\u00ba 27, pp. 63-84.<\/p>\n<p><a class=\"button blue  medium \" href=\"https:\/\/www.asambleamadrid.es\/documents\/20126\/64823\/R.27._Jose_Manuel_Rodriguez_Uribes.pdf\/ca4fb71d-9289-4838-c123-6337692d53f7\" target=\"_blank\" rel=\"noopener\">Consultar PDF<\/a>[vc_empty_space height=&#8221;10&#8243;]<br \/>\n<strong>Resumen<\/strong><br \/>\nEste art\u00edculo estudia, desde una perspectiva anal\u00edtica y cr\u00edtica a la vez, la nueva ley de v\u00edctimas del terrorismo, la Ley 29\/2011, de 22 de septiembre, denominada \u201cde Reconocimiento y Protecci\u00f3n Integral\u201d. Recoge as\u00ed una descripci\u00f3n de sus contenidos fundamentales y de sus novedades m\u00e1s importantes. El art\u00edculo se divide en tres grandes partes: la primera versa sobre el significado y el alcance que la norma concede a la noci\u00f3n de v\u00edctima del terrorismo; la segunda ordena los derechos y prestaciones que reconoce para las v\u00edctimas, en particular en orden a su reparaci\u00f3n integral; y la tercera se centra en las aspiraciones de verdad y memoria de las v\u00edctimas del terrorismo, de su sentido y posibilidades a partir de su dibujo en la ley. El art\u00edculo incluye, adem\u00e1s de la bibliograf\u00eda citada, una peque\u00f1a introducci\u00f3n y un ap\u00e9ndice con la legislaci\u00f3n b\u00e1sica en materia de apoyo a las v\u00edctimas del terrorismo en nuestro pa\u00eds. [vc_empty_space height=&#8221;10&#8243;]<br \/>\n<strong>Autor<\/strong><br \/>\nJos\u00e9 Manuel Rodr\u00edguez Uribes. <a title=\"Dialnet\" href=\"https:\/\/dialnet.unirioja.es\/servlet\/autor?codigo=138261\" target=\"_blank\" rel=\"noopener\">P\u00e1gina del autor en Dialnet.<\/a><br \/>\n[vc_empty_space height=&#8221;10&#8243;]<br \/>\n<strong>Tipo de documento<\/strong><br \/>\nArt\u00edculo<br \/>\n[vc_empty_space height=&#8221;10&#8243;]<br \/>\n[\/vc_column_text][\/vc_column][\/vc_row]<\/p>\n<\/div>","protected":false},"excerpt":{"rendered":"<p>[vc_row][vc_column width=&#8221;1\/1&#8243;][vc_column_text][vc_empty_space height=&#8221;20&#8243;] Referencia bibliogr\u00e1fica RODR\u00cdGUEZ URIBES, Jos\u00e9 Manuel (2012): \u00abSobre la Ley 29\/2011, de 22 de septiembre, de reconocimiento y protecci\u00f3n integral a las v\u00edctimas del terrorismo\u00bb, Asamblea: revista&hellip;<\/p>\n","protected":false},"author":1,"featured_media":0,"parent":0,"menu_order":0,"comment_status":"closed","ping_status":"closed","template":"","meta":{"om_disable_all_campaigns":false,"_monsterinsights_skip_tracking":false,"_monsterinsights_sitenote_active":false,"_monsterinsights_sitenote_note":"","_monsterinsights_sitenote_category":0,"_uf_show_specific_survey":0,"_uf_disable_surveys":false,"_vp_format_video_url":"","_vp_image_focal_point":[],"_vp_custom_popup_image":0,"_vp_format_audio_url":"","_vp_custom_thumbnail":0,"_vp_custom_thumbnail_focal_point":[],"_vp_hover_thumbnail":0,"_vp_hover_thumbnail_focal_point":[],"footnotes":""},"class_list":["post-17459","page","type-page","status-publish","hentry"],"aioseo_notices":[],"_links":{"self":[{"href":"https:\/\/www.arovite.com\/en\/wp-json\/wp\/v2\/pages\/17459","targetHints":{"allow":["GET"]}}],"collection":[{"href":"https:\/\/www.arovite.com\/en\/wp-json\/wp\/v2\/pages"}],"about":[{"href":"https:\/\/www.arovite.com\/en\/wp-json\/wp\/v2\/types\/page"}],"author":[{"embeddable":true,"href":"https:\/\/www.arovite.com\/en\/wp-json\/wp\/v2\/users\/1"}],"replies":[{"embeddable":true,"href":"https:\/\/www.arovite.com\/en\/wp-json\/wp\/v2\/comments?post=17459"}],"version-history":[{"count":1,"href":"https:\/\/www.arovite.com\/en\/wp-json\/wp\/v2\/pages\/17459\/revisions"}],"predecessor-version":[{"id":17461,"href":"https:\/\/www.arovite.com\/en\/wp-json\/wp\/v2\/pages\/17459\/revisions\/17461"}],"wp:attachment":[{"href":"https:\/\/www.arovite.com\/en\/wp-json\/wp\/v2\/media?parent=17459"}],"curies":[{"name":"wp","href":"https:\/\/api.w.org\/{rel}","templated":true}]}}