{"id":17453,"date":"2023-02-20T11:18:09","date_gmt":"2023-02-20T11:18:09","guid":{"rendered":"https:\/\/www.arovite.com\/?page_id=17453"},"modified":"2023-02-20T11:18:10","modified_gmt":"2023-02-20T11:18:10","slug":"rodriguez-lara-zurine-2017","status":"publish","type":"page","link":"https:\/\/www.arovite.com\/en\/rodriguez-lara-zurine-2017\/","title":{"rendered":"RODR\u00cdGUEZ LARA, Zuri\u00f1e (2017)"},"content":{"rendered":"<div class=\"wpb-content-wrapper\"><p>[vc_row][vc_column width=&#8221;1\/1&#8243;][vc_column_text][vc_empty_space height=&#8221;20&#8243;]<br \/>\n<strong>Referencia bibliogr\u00e1fica<\/strong><br \/>\nRODR\u00cdGUEZ LARA, Zuri\u00f1e (2017): \u00abMotivaciones, ingreso y experiencias participativas de las mujeres en ETA\u00bb, <em>Pol\u00edtica y Sociedad<\/em>, vol. 54, n\u00ba 2, pp. 421-441.<\/p>\n<p><a class=\"button blue  medium \" href=\"https:\/\/revistas.ucm.es\/index.php\/POSO\/article\/view\/52741\/51684\" target=\"_blank\" rel=\"noopener\">Consultar PDF<\/a>[vc_empty_space height=&#8221;10&#8243;]<br \/>\n<strong>Resumen<\/strong><br \/>\nEste art\u00edculo explora las contradicciones, obst\u00e1culos, y placeres que experimentan las mujeres integradas en grupos armados en donde la participaci\u00f3n est\u00e1 atravesada por ciertas variables que condicionan y polarizan, m\u00e1s si cabe, las relaciones de g\u00e9nero (ilegalidad, clandestinidad, violencia). Con este fin se han analizado las vidas de 25 mujeres y 6 hombres integrantes de ETA (Euskadi Ta Askatasuna). Por un lado, a trav\u00e9s de sus historias, el art\u00edculo presta especial atenci\u00f3n a cu\u00e1les son las motivaciones de las mujeres para integrarse en ETA y qu\u00e9 factores obstaculizan y ayudan a esa integraci\u00f3n. Por otro lado, aborda qu\u00e9 placeres, riesgos y contradicciones viven en todo su proceso participativo una vez integradas ya en la estructura de ETA. Las principales conclusiones muestran que, para su integraci\u00f3n, entre los principales elementos limitadores se encuentran la neutralizaci\u00f3n familiar y territorial. Por el contrario, act\u00faan como facilitadores la ventaja y posici\u00f3n t\u00e1cita de su g\u00e9nero. Adem\u00e1s, desarrollan sistem\u00e1ticamente estrategias para superar las dificultades, como movimientos territoriales o contactos puente. Una vez dentro, tienen que hacer frente a obst\u00e1culos derivados, entre otros, de los mandatos de la clandestinidad y la divisi\u00f3n sexual del trabajo. As\u00ed, el exilio y la militancia en el extranjero se constituyen como fuente de riesgos y placeres al mismo tiempo. [vc_empty_space height=&#8221;10&#8243;]<br \/>\n<strong>Abstract<\/strong><br \/>\nThis article explores how women who have participated in armed groups experience obstacles, contradictions and pleasures. This participation is crossed by variables which influence and even further polarize gender relationships (illegality, clandestine situation, violence). For that purpose, this research use as methodology twenty five women and six men life stories, who have participated in ETA (Euskadi ta Askatasuna). Through their testimonies, this article focus on why these women are motivated to join ETA and what factors help or hinder that involvement. On the other hand, it deals with how these women combatants experience pleasures, risks and contradictions when they are part of ETA\u00b4s structure. Regarding the main conclusions we see that during the process of integration there are preclusive factors, as familiar and territorial neutralization but also enabling ones, as advantage and tacit position of their genre. Moreover, they develop strategies in order to neutralize the difficulties, such as territorial movements, bridging contacts. Once inside, they have to face obstacles that are the result, among others, of the rules of clandestine life and the sexual division of work. That is how the exile and the militancy abroad become at the same time the source of risks and pleasures. [vc_empty_space height=&#8221;10&#8243;]<br \/>\n<strong>Autor<\/strong><br \/>\nZuri\u00f1e Rodr\u00edguez Lara. <a title=\"Dialnet\" href=\"https:\/\/dialnet.unirioja.es\/servlet\/autor?codigo=3759015\" target=\"_blank\" rel=\"noopener\">P\u00e1gina del autor en Dialnet.<\/a><br \/>\n[vc_empty_space height=&#8221;10&#8243;]<br \/>\n<strong>Tipo de documento<\/strong><br \/>\nArt\u00edculo<br \/>\n[vc_empty_space height=&#8221;10&#8243;]<br \/>\n[\/vc_column_text][\/vc_column][\/vc_row]<\/p>\n<\/div>","protected":false},"excerpt":{"rendered":"<p>[vc_row][vc_column width=&#8221;1\/1&#8243;][vc_column_text][vc_empty_space height=&#8221;20&#8243;] Referencia bibliogr\u00e1fica RODR\u00cdGUEZ LARA, Zuri\u00f1e (2017): \u00abMotivaciones, ingreso y experiencias participativas de las mujeres en ETA\u00bb, Pol\u00edtica y Sociedad, vol. 54, n\u00ba 2, pp. 421-441. Consultar PDF[vc_empty_space&hellip;<\/p>\n","protected":false},"author":1,"featured_media":0,"parent":0,"menu_order":0,"comment_status":"closed","ping_status":"closed","template":"","meta":{"om_disable_all_campaigns":false,"_monsterinsights_skip_tracking":false,"_monsterinsights_sitenote_active":false,"_monsterinsights_sitenote_note":"","_monsterinsights_sitenote_category":0,"_uf_show_specific_survey":0,"_uf_disable_surveys":false,"_vp_format_video_url":"","_vp_image_focal_point":[],"_vp_custom_popup_image":0,"_vp_format_audio_url":"","_vp_custom_thumbnail":0,"_vp_custom_thumbnail_focal_point":[],"_vp_hover_thumbnail":0,"_vp_hover_thumbnail_focal_point":[],"footnotes":""},"class_list":["post-17453","page","type-page","status-publish","hentry"],"aioseo_notices":[],"_links":{"self":[{"href":"https:\/\/www.arovite.com\/en\/wp-json\/wp\/v2\/pages\/17453","targetHints":{"allow":["GET"]}}],"collection":[{"href":"https:\/\/www.arovite.com\/en\/wp-json\/wp\/v2\/pages"}],"about":[{"href":"https:\/\/www.arovite.com\/en\/wp-json\/wp\/v2\/types\/page"}],"author":[{"embeddable":true,"href":"https:\/\/www.arovite.com\/en\/wp-json\/wp\/v2\/users\/1"}],"replies":[{"embeddable":true,"href":"https:\/\/www.arovite.com\/en\/wp-json\/wp\/v2\/comments?post=17453"}],"version-history":[{"count":1,"href":"https:\/\/www.arovite.com\/en\/wp-json\/wp\/v2\/pages\/17453\/revisions"}],"predecessor-version":[{"id":17455,"href":"https:\/\/www.arovite.com\/en\/wp-json\/wp\/v2\/pages\/17453\/revisions\/17455"}],"wp:attachment":[{"href":"https:\/\/www.arovite.com\/en\/wp-json\/wp\/v2\/media?parent=17453"}],"curies":[{"name":"wp","href":"https:\/\/api.w.org\/{rel}","templated":true}]}}