{"id":17447,"date":"2023-02-20T11:11:19","date_gmt":"2023-02-20T11:11:19","guid":{"rendered":"https:\/\/www.arovite.com\/?page_id=17447"},"modified":"2023-02-20T11:11:20","modified_gmt":"2023-02-20T11:11:20","slug":"rodriguez-jimenez-jose-luis-2022","status":"publish","type":"page","link":"https:\/\/www.arovite.com\/en\/rodriguez-jimenez-jose-luis-2022\/","title":{"rendered":"RODR\u00cdGUEZ JIM\u00c9NEZ, Jos\u00e9 Luis (2022)"},"content":{"rendered":"<div class=\"wpb-content-wrapper\"><p>[vc_row][vc_column width=&#8221;1\/1&#8243;][vc_column_text][vc_empty_space height=&#8221;20&#8243;]<br \/>\n<strong>Referencia bibliogr\u00e1fica<\/strong><br \/>\nRODR\u00cdGUEZ JIM\u00c9NEZ, Jos\u00e9 Luis (2022): \u00abLas novelas de \u00c1ngel Garc\u00eda Ronda sobre el terrorismo de ETA\u00bb, <em>Araucaria. Revista Iberoamericana de Filosof\u00eda, Pol\u00edtica, Humanidades y Relaciones Internacionales<\/em>, n\u00ba 50, pp. 111-134.<\/p>\n<p><a class=\"button blue  medium \" href=\"https:\/\/dialnet.unirioja.es\/descarga\/articulo\/8571860.pdf\" target=\"_blank\" rel=\"noopener\">Consultar PDF<\/a>[vc_empty_space height=&#8221;10&#8243;]<br \/>\n<strong>Resumen<\/strong><br \/>\nEl art\u00edculo analiza las cuatro novelas que \u00c1ngel Garc\u00eda Ronda, pol\u00edtico y escritor, ha dedicado a ETA y a la situaci\u00f3n vivida en el Pa\u00eds Vasco como consecuencia del terrorismo. Es un autor importante para el conocimiento del terrorismo en la literatura, por los siguientes motivos: su condici\u00f3n de nacido en San Sebasti\u00e1n en 1939, donde ha vivido toda su vida, el desempe\u00f1o de cargos en el Partido Socialista Obrero Espa\u00f1ol y en el Partido Socialista de Euskadi, haber llevado escolta durante dos d\u00e9cadas, haber sufrido el asesinato de amigos y conocidos y, en consecuencia, tener amplia experiencia, p\u00fablica y privada, de lo acontecido en el Pa\u00eds Vasco. Atendemos a la g\u00e9nesis, contenidos, intencionalidad e historicidad de la tetralog\u00eda que el autor ha bautizado como <em>\u00c1spera memoria<\/em>. [vc_empty_space height=&#8221;10&#8243;]<br \/>\n<strong>Abstract<\/strong><br \/>\nThe article analyzes the four novels that \u00c1ngel Garc\u00eda Ronda, politician and writer, has dedicated to ETA and to the situation experienced in the Basque Country as a result of terrorism. He is an important author for the knowledge of terrorism in literature, for the following reasons: his condition as born in San Sebasti\u00e1n in 1939, where he has lived all his life, the performance of significant positions in the Spanish Socialist Workers Party and in the Socialist Party from Euskadi, having carried an escort for two decades, having suffered the murder of friends and acquaintances and, consequently, having extensive experience, public and private, of what happened in the Basque Country during several decades of terrorist activity. We attend to the genesis, contents, intentionality and historicity of the tetralogy that the author has baptized as <em>\u00c1spera memoria<\/em>. [vc_empty_space height=&#8221;10&#8243;]<br \/>\n<strong>Autor<\/strong><br \/>\nJos\u00e9 Luis Rodr\u00edguez Jim\u00e9nez. <a title=\"Dialnet\" href=\"https:\/\/dialnet.unirioja.es\/servlet\/autor?codigo=32520\" target=\"_blank\" rel=\"noopener\">P\u00e1gina del autor en Dialnet.<\/a><br \/>\n[vc_empty_space height=&#8221;10&#8243;]<br \/>\n<strong>Tipo de documento<\/strong><br \/>\nArt\u00edculo<br \/>\n[vc_empty_space height=&#8221;10&#8243;]<br \/>\n[\/vc_column_text][\/vc_column][\/vc_row]<\/p>\n<\/div>","protected":false},"excerpt":{"rendered":"<p>[vc_row][vc_column width=&#8221;1\/1&#8243;][vc_column_text][vc_empty_space height=&#8221;20&#8243;] Referencia bibliogr\u00e1fica RODR\u00cdGUEZ JIM\u00c9NEZ, Jos\u00e9 Luis (2022): \u00abLas novelas de \u00c1ngel Garc\u00eda Ronda sobre el terrorismo de ETA\u00bb, Araucaria. Revista Iberoamericana de Filosof\u00eda, Pol\u00edtica, Humanidades y Relaciones&hellip;<\/p>\n","protected":false},"author":1,"featured_media":0,"parent":0,"menu_order":0,"comment_status":"closed","ping_status":"closed","template":"","meta":{"om_disable_all_campaigns":false,"_monsterinsights_skip_tracking":false,"_monsterinsights_sitenote_active":false,"_monsterinsights_sitenote_note":"","_monsterinsights_sitenote_category":0,"_uf_show_specific_survey":0,"_uf_disable_surveys":false,"_vp_format_video_url":"","_vp_image_focal_point":[],"_vp_custom_popup_image":0,"_vp_format_audio_url":"","_vp_custom_thumbnail":0,"_vp_custom_thumbnail_focal_point":[],"_vp_hover_thumbnail":0,"_vp_hover_thumbnail_focal_point":[],"footnotes":""},"class_list":["post-17447","page","type-page","status-publish","hentry"],"aioseo_notices":[],"_links":{"self":[{"href":"https:\/\/www.arovite.com\/en\/wp-json\/wp\/v2\/pages\/17447","targetHints":{"allow":["GET"]}}],"collection":[{"href":"https:\/\/www.arovite.com\/en\/wp-json\/wp\/v2\/pages"}],"about":[{"href":"https:\/\/www.arovite.com\/en\/wp-json\/wp\/v2\/types\/page"}],"author":[{"embeddable":true,"href":"https:\/\/www.arovite.com\/en\/wp-json\/wp\/v2\/users\/1"}],"replies":[{"embeddable":true,"href":"https:\/\/www.arovite.com\/en\/wp-json\/wp\/v2\/comments?post=17447"}],"version-history":[{"count":1,"href":"https:\/\/www.arovite.com\/en\/wp-json\/wp\/v2\/pages\/17447\/revisions"}],"predecessor-version":[{"id":17449,"href":"https:\/\/www.arovite.com\/en\/wp-json\/wp\/v2\/pages\/17447\/revisions\/17449"}],"wp:attachment":[{"href":"https:\/\/www.arovite.com\/en\/wp-json\/wp\/v2\/media?parent=17447"}],"curies":[{"name":"wp","href":"https:\/\/api.w.org\/{rel}","templated":true}]}}