{"id":17441,"date":"2023-02-20T11:07:59","date_gmt":"2023-02-20T11:07:59","guid":{"rendered":"https:\/\/www.arovite.com\/?page_id=17441"},"modified":"2023-02-20T11:07:59","modified_gmt":"2023-02-20T11:07:59","slug":"rodriguez-fouz-marta-2021b","status":"publish","type":"page","link":"https:\/\/www.arovite.com\/en\/rodriguez-fouz-marta-2021b\/","title":{"rendered":"RODR\u00cdGUEZ FOUZ, Marta (2021b)"},"content":{"rendered":"<div class=\"wpb-content-wrapper\"><p>[vc_row][vc_column width=&#8221;1\/1&#8243;][vc_column_text][vc_empty_space height=&#8221;20&#8243;]<br \/>\n<strong>Referencia bibliogr\u00e1fica<\/strong><br \/>\nRODR\u00cdGUEZ FOUZ, Marta (2021): \u00abMemorias y ficciones en la recreaci\u00f3n de un pasado violento. El caso de ETA\u00bb, <em>Papeles del CEIC<\/em>, n\u00ba 1, papel 244, pp. 1-17.<\/p>\n<p><a class=\"button blue  medium \" href=\"https:\/\/dialnet.unirioja.es\/descarga\/articulo\/7888348.pdf\" target=\"_blank\" rel=\"noopener\">Consultar PDF<\/a>[vc_empty_space height=&#8221;10&#8243;]<br \/>\n<strong>Resumen<\/strong><br \/>\nEl prop\u00f3sito de este art\u00edculo es ocuparse de c\u00f3mo las ficciones participan en la reconstrucci\u00f3n de la memoria colectiva de un pasado traum\u00e1tico, en particular, el de la violencia de ETA. Prestaremos atenci\u00f3n a c\u00f3mo adquieren relevancia trabajos de ficci\u00f3n que tratan de contar ese pasado reciente, despertando reacciones encontradas acerca de su sentido y valor para relatar con verosimilitud lo ocurrido. El esfuerzo narrativo parece toparse con dificultades para construir una memoria colectiva que concite acuerdos sobre su acierto e idoneidad. Igual que viene ocurriendo con la revisi\u00f3n institucional del pasado, objeto de tensiones que se han verbalizado como \u201cbatalla por el relato\u201d. Se trata de proponer una reflexi\u00f3n que ahonde en el potencial de la narraci\u00f3n para cargar de sentido la mirada hacia el pasado, identificando las tensiones y las claves que redundan en la re-mitificaci\u00f3n de la violencia y que se expresan como sospecha contra la crudeza y autenticidad de determinados relatos. Para ello, acudiremos a los v\u00ednculos entre memoria, historia y ficci\u00f3n y al cuestionamiento del presupuesto de que puede y debe construirse una narraci\u00f3n exenta de posicionamientos morales y juicios de valor. Algo especialmente decisivo cuando el contexto al que se remite es el de aquella violencia legitimada por una parte de la sociedad. Finalmente, recalaremos en el poder de la ficci\u00f3n para definir el mundo, destacando su capacidad para intervenir y a\u00f1adir sentido en nuestra comprensi\u00f3n de la realidad. [vc_empty_space height=&#8221;10&#8243;]<br \/>\n<strong>Abstract<\/strong><br \/>\nThe purpose of this paper is to address the role that fictions play in the reconstruction of the collective memory of a traumatic past, in particular, that of ETA violence. We will pay attention to both the process through which works of fiction that try to portray that recent past become relevant and to the kind of mixed reactions about their meaning and value to tell what happened faithfully. The narrative effort seems to face difficulties to build a collective memory that reaches agreement on its accuracy and appropriateness. The same is true of the institutional review of the past, which is the object of tensions that have been conceptualized as the &#8220;battle for the story&#8221;. The idea is to propose a reflection that delves into the potential of narratives to make sense of the past, identifying the tensions and keys that result in the re-mythologizing of violence and that are expressed as suspicion against the crudeness and authenticity of certain stories. In order to do so, we will look at the link between memory, history, and fiction and will question the assumption that a narrative can and should be elaborated free of moral positions and value judgments. This is especially decisive when the context to which it refers is that of violence legitimized by a part of society. Finally, we will emphasize the power of fiction to define the world, highlighting its capacity to intervene and add meaning to our understanding of reality. [vc_empty_space height=&#8221;10&#8243;]<br \/>\n<strong>Autor<\/strong><br \/>\nMarta Rodr\u00edguez Fouz. <a title=\"Dialnet\" href=\"https:\/\/dialnet.unirioja.es\/servlet\/autor?codigo=150151\" target=\"_blank\" rel=\"noopener\">P\u00e1gina del autor en Dialnet.<\/a><br \/>\n [vc_empty_space height=&#8221;10&#8243;]<br \/>\n<strong>Tipo de documento<\/strong><br \/>\nArt\u00edculo<br \/>\n[vc_empty_space height=&#8221;10&#8243;]<br \/>\n[\/vc_column_text][\/vc_column][\/vc_row]<\/p>\n<\/div>","protected":false},"excerpt":{"rendered":"<p>[vc_row][vc_column width=&#8221;1\/1&#8243;][vc_column_text][vc_empty_space height=&#8221;20&#8243;] Referencia bibliogr\u00e1fica RODR\u00cdGUEZ FOUZ, Marta (2021): \u00abMemorias y ficciones en la recreaci\u00f3n de un pasado violento. El caso de ETA\u00bb, Papeles del CEIC, n\u00ba 1, papel 244,&hellip;<\/p>\n","protected":false},"author":1,"featured_media":0,"parent":0,"menu_order":0,"comment_status":"closed","ping_status":"closed","template":"","meta":{"om_disable_all_campaigns":false,"_monsterinsights_skip_tracking":false,"_monsterinsights_sitenote_active":false,"_monsterinsights_sitenote_note":"","_monsterinsights_sitenote_category":0,"_uf_show_specific_survey":0,"_uf_disable_surveys":false,"_vp_format_video_url":"","_vp_image_focal_point":[],"_vp_custom_popup_image":0,"_vp_format_audio_url":"","_vp_custom_thumbnail":0,"_vp_custom_thumbnail_focal_point":[],"_vp_hover_thumbnail":0,"_vp_hover_thumbnail_focal_point":[],"footnotes":""},"class_list":["post-17441","page","type-page","status-publish","hentry"],"aioseo_notices":[],"_links":{"self":[{"href":"https:\/\/www.arovite.com\/en\/wp-json\/wp\/v2\/pages\/17441","targetHints":{"allow":["GET"]}}],"collection":[{"href":"https:\/\/www.arovite.com\/en\/wp-json\/wp\/v2\/pages"}],"about":[{"href":"https:\/\/www.arovite.com\/en\/wp-json\/wp\/v2\/types\/page"}],"author":[{"embeddable":true,"href":"https:\/\/www.arovite.com\/en\/wp-json\/wp\/v2\/users\/1"}],"replies":[{"embeddable":true,"href":"https:\/\/www.arovite.com\/en\/wp-json\/wp\/v2\/comments?post=17441"}],"version-history":[{"count":1,"href":"https:\/\/www.arovite.com\/en\/wp-json\/wp\/v2\/pages\/17441\/revisions"}],"predecessor-version":[{"id":17443,"href":"https:\/\/www.arovite.com\/en\/wp-json\/wp\/v2\/pages\/17441\/revisions\/17443"}],"wp:attachment":[{"href":"https:\/\/www.arovite.com\/en\/wp-json\/wp\/v2\/media?parent=17441"}],"curies":[{"name":"wp","href":"https:\/\/api.w.org\/{rel}","templated":true}]}}