{"id":17434,"date":"2023-02-20T11:05:13","date_gmt":"2023-02-20T11:05:13","guid":{"rendered":"https:\/\/www.arovite.com\/?page_id=17434"},"modified":"2023-02-20T11:05:14","modified_gmt":"2023-02-20T11:05:14","slug":"rodriguez-fouz-marta-2021","status":"publish","type":"page","link":"https:\/\/www.arovite.com\/en\/rodriguez-fouz-marta-2021\/","title":{"rendered":"RODR\u00cdGUEZ FOUZ, Marta (2021)"},"content":{"rendered":"<div class=\"wpb-content-wrapper\"><p>[vc_row][vc_column width=&#8221;1\/1&#8243;][vc_column_text][vc_empty_space height=&#8221;20&#8243;]<br \/>\n<strong>Referencia bibliogr\u00e1fica<\/strong><br \/>\nRODR\u00cdGUEZ FOUZ, Marta (2021): \u00abA vueltas con el pasado violento. Memoria colectiva y disputas por el relato de ETA\u00bb, <em>Pol\u00edtica y Sociedad<\/em>, vol. 58, n\u00ba 2, pp. 1-12.<\/p>\n<p><a class=\"button blue  medium \" href=\"https:\/\/revistas.ucm.es\/index.php\/POSO\/article\/view\/66078\/4564456558506\" target=\"_blank\" rel=\"noopener\">Consultar PDF<\/a>[vc_empty_space height=&#8221;10&#8243;]<br \/>\n<strong>Resumen<\/strong><br \/>\nEste art\u00edculo se ocupa de la reconstrucci\u00f3n de la memoria colectiva acerca de la violencia de ETA. Se presta atenci\u00f3n a las pol\u00e9micas ligadas a la gesti\u00f3n p\u00fablica de dicha memoria tratando de identificar sus principales desaf\u00edos y atendiendo a las tensiones sociales y pol\u00edticas que emergen al vincularse con el prop\u00f3sito de reparar a las v\u00edctimas. Para ello, se atender\u00e1 primero al olvido como forma de injusticia hacia las v\u00edctimas. Despu\u00e9s, se reflexionar\u00e1 sobre la \u2018batalla por el relato\u2019, expresi\u00f3n con la que se vienen identificando las pol\u00e9micas derivadas de las pol\u00edticas de memoria institucionales y que nos permite recalar en las conexiones entre memoria e historia y en la centralidad de las interpretaciones y del sentido. Por \u00faltimo, se apuntar\u00e1 hacia los l\u00edmites y las potencialidades de la memoria para comprender el presente sin eludir la cuesti\u00f3n central de la responsabilidad sobre las acciones como requisito para aspirar a alguna forma de justicia. [vc_empty_space height=&#8221;10&#8243;]<br \/>\n<strong>Abstract<\/strong><br \/>\nThis paper deals with the process of collective memory reconstruction linked to the ETA\u2019s violence. It pays attention to the controversies connected to the public management of such memory, trying to identify its main challenges and looking at the political and social tension that emerge when reconciled with the purpose of victim reparation. To this end, it will first address oblivion as a form of injustice towards victims. Then, it will reflect on the \u2018battle for the story\u2019, an expression that is being used when identifying the controversies caused by institutional memory policies and that, in addition, will allow us to concern the connections between memory and history, as well as the centrality of interpretations and sense. Finally, it will point at the limits and potentialities of memory when it comes to understanding the present, without avoiding the central issue of responsibility over actions as a prerequisite for aspiring to some form of justice. [vc_empty_space height=&#8221;10&#8243;]<br \/>\n<strong>Autor<\/strong><br \/>\nMarta Rodr\u00edguez Fouz. <a title=\"Dialnet\" href=\"https:\/\/dialnet.unirioja.es\/servlet\/autor?codigo=150151\" target=\"_blank\" rel=\"noopener\">P\u00e1gina del autor en Dialnet.<\/a><br \/>\n[vc_empty_space height=&#8221;10&#8243;]<br \/>\n<strong>Tipo de documento<\/strong><br \/>\nArt\u00edculo<br \/>\n[vc_empty_space height=&#8221;10&#8243;]<br \/>\n[\/vc_column_text][\/vc_column][\/vc_row]<\/p>\n<\/div>","protected":false},"excerpt":{"rendered":"<p>[vc_row][vc_column width=&#8221;1\/1&#8243;][vc_column_text][vc_empty_space height=&#8221;20&#8243;] Referencia bibliogr\u00e1fica RODR\u00cdGUEZ FOUZ, Marta (2021): \u00abA vueltas con el pasado violento. Memoria colectiva y disputas por el relato de ETA\u00bb, Pol\u00edtica y Sociedad, vol. 58, n\u00ba&hellip;<\/p>\n","protected":false},"author":1,"featured_media":0,"parent":0,"menu_order":0,"comment_status":"closed","ping_status":"closed","template":"","meta":{"om_disable_all_campaigns":false,"_monsterinsights_skip_tracking":false,"_monsterinsights_sitenote_active":false,"_monsterinsights_sitenote_note":"","_monsterinsights_sitenote_category":0,"_uf_show_specific_survey":0,"_uf_disable_surveys":false,"_vp_format_video_url":"","_vp_image_focal_point":[],"_vp_custom_popup_image":0,"_vp_format_audio_url":"","_vp_custom_thumbnail":0,"_vp_custom_thumbnail_focal_point":[],"_vp_hover_thumbnail":0,"_vp_hover_thumbnail_focal_point":[],"footnotes":""},"class_list":["post-17434","page","type-page","status-publish","hentry"],"aioseo_notices":[],"_links":{"self":[{"href":"https:\/\/www.arovite.com\/en\/wp-json\/wp\/v2\/pages\/17434","targetHints":{"allow":["GET"]}}],"collection":[{"href":"https:\/\/www.arovite.com\/en\/wp-json\/wp\/v2\/pages"}],"about":[{"href":"https:\/\/www.arovite.com\/en\/wp-json\/wp\/v2\/types\/page"}],"author":[{"embeddable":true,"href":"https:\/\/www.arovite.com\/en\/wp-json\/wp\/v2\/users\/1"}],"replies":[{"embeddable":true,"href":"https:\/\/www.arovite.com\/en\/wp-json\/wp\/v2\/comments?post=17434"}],"version-history":[{"count":1,"href":"https:\/\/www.arovite.com\/en\/wp-json\/wp\/v2\/pages\/17434\/revisions"}],"predecessor-version":[{"id":17436,"href":"https:\/\/www.arovite.com\/en\/wp-json\/wp\/v2\/pages\/17434\/revisions\/17436"}],"wp:attachment":[{"href":"https:\/\/www.arovite.com\/en\/wp-json\/wp\/v2\/media?parent=17434"}],"curies":[{"name":"wp","href":"https:\/\/api.w.org\/{rel}","templated":true}]}}