{"id":17428,"date":"2023-02-20T10:13:52","date_gmt":"2023-02-20T10:13:52","guid":{"rendered":"https:\/\/www.arovite.com\/?page_id=17428"},"modified":"2023-02-20T10:13:53","modified_gmt":"2023-02-20T10:13:53","slug":"rivera-antonio-y-moreno-irene-eds-2018","status":"publish","type":"page","link":"https:\/\/www.arovite.com\/en\/rivera-antonio-y-moreno-irene-eds-2018\/","title":{"rendered":"RIVERA, Antonio y MORENO, Irene (eds.) (2018)"},"content":{"rendered":"<div class=\"wpb-content-wrapper\"><p>[vc_row][vc_column width=&#8221;1\/1&#8243;][vc_column_text][vc_empty_space height=&#8221;20&#8243;]<br \/>\n<strong>Referencia bibliogr\u00e1fica<\/strong><br \/>\nRIVERA, Antonio y MORENO, Irene (eds.) (2018): <em>La sociedad vasca ante el terrorismo (a trav\u00e9s de los fondos de la Fundaci\u00f3n Sancho el Sabio)<\/em>. Vitoria: Fundaci\u00f3n Sancho el Sabio y Fundaci\u00f3n Fernando Buesa.<\/p>\n<p><a class=\"button blue  medium \" href=\"https:\/\/www.euskalmemoriadigitala.eus\/bitstream\/10357\/50347\/1\/La%20sociedad%20vasca%20ante%20el%20terrorismo.pdf\" target=\"_blank\" rel=\"noopener\">Consultar PDF<\/a>[vc_empty_space height=&#8221;10&#8243;]<br \/>\n<strong>Resumen<\/strong><br \/>\nCat\u00e1logo de la exposici\u00f3n celebrada en la Sala Araba y en la Fundaci\u00f3n Sancho el Sabio del 18 de diciembre de 2018 al 11 de enero de 2019. [vc_empty_space height=&#8221;10&#8243;]<br \/>\n<strong>Autor<\/strong><br \/>\nAntonio Rivera Blanco. <a title=\"Dialnet\" href=\"https:\/\/dialnet.unirioja.es\/servlet\/autor?codigo=181403\" target=\"_blank\" rel=\"noopener\">P\u00e1gina del autor en Dialnet.<\/a><br \/>\nIrene Moreno Bibiloni. <a title=\"Dialnet\" href=\"https:\/\/dialnet.unirioja.es\/servlet\/autor?codigo=3827652\" target=\"_blank\" rel=\"noopener\">P\u00e1gina del autor en Dialnet.<\/a><br \/>\n [vc_empty_space height=&#8221;10&#8243;]<br \/>\n<strong>Tipo de documento<\/strong><br \/>\nCat\u00e1logo<br \/>\n[vc_empty_space height=&#8221;10&#8243;]<br \/>\n[\/vc_column_text][\/vc_column][\/vc_row]<\/p>\n<\/div>","protected":false},"excerpt":{"rendered":"<p>[vc_row][vc_column width=&#8221;1\/1&#8243;][vc_column_text][vc_empty_space height=&#8221;20&#8243;] Referencia bibliogr\u00e1fica RIVERA, Antonio y MORENO, Irene (eds.) (2018): La sociedad vasca ante el terrorismo (a trav\u00e9s de los fondos de la Fundaci\u00f3n Sancho el Sabio). Vitoria:&hellip;<\/p>\n","protected":false},"author":1,"featured_media":0,"parent":0,"menu_order":0,"comment_status":"closed","ping_status":"closed","template":"","meta":{"om_disable_all_campaigns":false,"_monsterinsights_skip_tracking":false,"_monsterinsights_sitenote_active":false,"_monsterinsights_sitenote_note":"","_monsterinsights_sitenote_category":0,"_uf_show_specific_survey":0,"_uf_disable_surveys":false,"_vp_format_video_url":"","_vp_image_focal_point":[],"_vp_custom_popup_image":0,"_vp_format_audio_url":"","_vp_custom_thumbnail":0,"_vp_custom_thumbnail_focal_point":[],"_vp_hover_thumbnail":0,"_vp_hover_thumbnail_focal_point":[],"footnotes":""},"class_list":["post-17428","page","type-page","status-publish","hentry"],"aioseo_notices":[],"_links":{"self":[{"href":"https:\/\/www.arovite.com\/en\/wp-json\/wp\/v2\/pages\/17428","targetHints":{"allow":["GET"]}}],"collection":[{"href":"https:\/\/www.arovite.com\/en\/wp-json\/wp\/v2\/pages"}],"about":[{"href":"https:\/\/www.arovite.com\/en\/wp-json\/wp\/v2\/types\/page"}],"author":[{"embeddable":true,"href":"https:\/\/www.arovite.com\/en\/wp-json\/wp\/v2\/users\/1"}],"replies":[{"embeddable":true,"href":"https:\/\/www.arovite.com\/en\/wp-json\/wp\/v2\/comments?post=17428"}],"version-history":[{"count":1,"href":"https:\/\/www.arovite.com\/en\/wp-json\/wp\/v2\/pages\/17428\/revisions"}],"predecessor-version":[{"id":17430,"href":"https:\/\/www.arovite.com\/en\/wp-json\/wp\/v2\/pages\/17428\/revisions\/17430"}],"wp:attachment":[{"href":"https:\/\/www.arovite.com\/en\/wp-json\/wp\/v2\/media?parent=17428"}],"curies":[{"name":"wp","href":"https:\/\/api.w.org\/{rel}","templated":true}]}}