{"id":17403,"date":"2023-02-20T09:56:00","date_gmt":"2023-02-20T09:56:00","guid":{"rendered":"https:\/\/www.arovite.com\/?page_id=17403"},"modified":"2023-02-23T07:49:38","modified_gmt":"2023-02-23T07:49:38","slug":"rivera-antonio-2021b","status":"publish","type":"page","link":"https:\/\/www.arovite.com\/en\/rivera-antonio-2021b\/","title":{"rendered":"RIVERA, Antonio (2021b)"},"content":{"rendered":"<div class=\"wpb-content-wrapper\"><p>[vc_row][vc_column width=&#8221;1\/1&#8243;][vc_column_text][vc_empty_space height=&#8221;20&#8243;]<br \/>\n<strong>Referencia bibliogr\u00e1fica<\/strong><br \/>\nRIVERA, Antonio (2021): \u00abLa amnist\u00eda de 1977 y los debates sobre el pasado\u00bb, <em>Clio &#038; Crimen. Revista del Centro de Historia del Crimen de Durango<\/em>, n\u00ba 18, pp. 155-171.<\/p>\n<p><a class=\"button blue  medium \" href=\"https:\/\/ojs.ehu.eus\/index.php\/CC\/article\/download\/23225\/20928\" target=\"_blank\" rel=\"noopener\">Consultar PDF<\/a>[vc_empty_space height=&#8221;10&#8243;]<br \/>\n<strong>Resumen<\/strong><br \/>\nLa ley de amnist\u00eda de octubre de 1977 fue un hito fundacional de la democracia espa\u00f1ola. La ampliaci\u00f3n de sus beneficios a los responsables pol\u00edticos y policiales de la represi\u00f3n de la dictadura es hoy motivo de discusi\u00f3n. El texto analiza s causas y las dimensiones pol\u00edticas, sociales e historiogr\u00e1ficas del debate. La l\u00f3gica del presente trasladada al pasado genera problemas. [vc_empty_space height=&#8221;10&#8243;]<br \/>\n<strong>Abstract<\/strong><br \/>\nThe amnesty law of October 1977 was a founding milestone of the Spanish democracy. The extension of its benefits to those police heads and policymakers for the repression of the dictatorship is today a matter of debate. The text analyses its causes and the political, social and historiographicaldimensions of the debate. The logic of the present applied to the past creates problems. [vc_empty_space height=&#8221;10&#8243;]<br \/>\n<strong>Laburpena<\/strong><br \/>\n1977ko urriko amnistiaren legea Espainiako demokraziaren mugarria izan zen. Bere onurak diktaduraren errepresioaren arduradun politiko eta polizialei luzatu izana eztabaidagaia da gaur egun. Testuak bere kausak eta eztabaidaren di- mentsio politiko, sozial eta historiografikoa aztertzen ditu.Iraganera transferitutako orainaren logikak arazoak sortzen ditu. [vc_empty_space height=&#8221;10&#8243;]<br \/>\n<strong>Autor<\/strong><br \/>\nAntonio Rivera Blanco. <a title=\"Dialnet\" href=\"https:\/\/dialnet.unirioja.es\/servlet\/autor?codigo=181403\" target=\"_blank\" rel=\"noopener\">P\u00e1gina del autor en Dialnet.<\/a><br \/>\n [vc_empty_space height=&#8221;10&#8243;]<br \/>\n<strong>Tipo de documento<\/strong><br \/>\nArt\u00edculo<br \/>\n[vc_empty_space height=&#8221;10&#8243;]<br \/>\n[\/vc_column_text][\/vc_column][\/vc_row]<\/p>\n<\/div>","protected":false},"excerpt":{"rendered":"<p>[vc_row][vc_column width=&#8221;1\/1&#8243;][vc_column_text][vc_empty_space height=&#8221;20&#8243;] Referencia bibliogr\u00e1fica RIVERA, Antonio (2021): \u00abLa amnist\u00eda de 1977 y los debates sobre el pasado\u00bb, Clio &#038; Crimen. Revista del Centro de Historia del Crimen de Durango,&hellip;<\/p>\n","protected":false},"author":1,"featured_media":0,"parent":0,"menu_order":0,"comment_status":"closed","ping_status":"closed","template":"","meta":{"om_disable_all_campaigns":false,"_monsterinsights_skip_tracking":false,"_monsterinsights_sitenote_active":false,"_monsterinsights_sitenote_note":"","_monsterinsights_sitenote_category":0,"_uf_show_specific_survey":0,"_uf_disable_surveys":false,"_vp_format_video_url":"","_vp_image_focal_point":[],"_vp_custom_popup_image":0,"_vp_format_audio_url":"","_vp_custom_thumbnail":0,"_vp_custom_thumbnail_focal_point":[],"_vp_hover_thumbnail":0,"_vp_hover_thumbnail_focal_point":[],"footnotes":""},"class_list":["post-17403","page","type-page","status-publish","hentry"],"aioseo_notices":[],"_links":{"self":[{"href":"https:\/\/www.arovite.com\/en\/wp-json\/wp\/v2\/pages\/17403","targetHints":{"allow":["GET"]}}],"collection":[{"href":"https:\/\/www.arovite.com\/en\/wp-json\/wp\/v2\/pages"}],"about":[{"href":"https:\/\/www.arovite.com\/en\/wp-json\/wp\/v2\/types\/page"}],"author":[{"embeddable":true,"href":"https:\/\/www.arovite.com\/en\/wp-json\/wp\/v2\/users\/1"}],"replies":[{"embeddable":true,"href":"https:\/\/www.arovite.com\/en\/wp-json\/wp\/v2\/comments?post=17403"}],"version-history":[{"count":2,"href":"https:\/\/www.arovite.com\/en\/wp-json\/wp\/v2\/pages\/17403\/revisions"}],"predecessor-version":[{"id":17642,"href":"https:\/\/www.arovite.com\/en\/wp-json\/wp\/v2\/pages\/17403\/revisions\/17642"}],"wp:attachment":[{"href":"https:\/\/www.arovite.com\/en\/wp-json\/wp\/v2\/media?parent=17403"}],"curies":[{"name":"wp","href":"https:\/\/api.w.org\/{rel}","templated":true}]}}