{"id":17364,"date":"2023-02-20T09:18:32","date_gmt":"2023-02-20T09:18:32","guid":{"rendered":"https:\/\/www.arovite.com\/?page_id=17364"},"modified":"2023-02-22T12:03:45","modified_gmt":"2023-02-22T12:03:45","slug":"rivera-antonio-2018","status":"publish","type":"page","link":"https:\/\/www.arovite.com\/en\/rivera-antonio-2018\/","title":{"rendered":"RIVERA, Antonio (2018)"},"content":{"rendered":"<div class=\"wpb-content-wrapper\"><p>[vc_row][vc_column width=&#8221;1\/1&#8243;][vc_column_text][vc_empty_space height=&#8221;20&#8243;]<br \/>\n<strong>Referencia bibliogr\u00e1fica<\/strong><br \/>\nRIVERA, Antonio (2018): \u00abEl pasado como posibilidad. El historiador y la historia en Euskadi despu\u00e9s del terrorismo\u00bb, en RIVERA, Antonio (coord.): <em>Naturaleza muerta. Usos del pasado en Euskadi despu\u00e9s del terrorismo<\/em>. Zaragoza: Prensas de la Universidad de Zaragoza, pp. 9-41. <\/p>\n<p><a class=\"button blue  medium \" href=\"http:\/\/www.arovite.com\/documentos\/2018_Rivera.pdf\" target=\"_blank\" rel=\"noopener\">Consultar PDF<\/a>[vc_empty_space height=&#8221;10&#8243;]<br \/>\n<strong>Resumen<\/strong><br \/>\nSer\u00eda ingenuo pensar que somos los primeros que nos enfrentamos a esto. Cada vez que salimos de un tiempo extraordinario \u2013todav\u00eda m\u00e1s, de uno extremadamente violento y doloroso\u2013 nos vemos en la obligaci\u00f3n de preguntarnos hasta qu\u00e9 punto las explicaciones que pueda proporcionar nuestro oficio, el de la historia, resultan \u00fatiles para nuestra sociedad. Otros colegas de otras profesiones no divagan tanto sobre su esencia corporativa y sobre las posibilidades y l\u00edmites de su conocimiento. Como salvaci\u00f3n y como carga, los historiadores tenemos la historiograf\u00eda para preguntarnos continuamente por nosotros mismos y por el modo en que producimos nuestro saber. A sabiendas como nadie de lo relativo de la verdad y de las muchas influencias a trav\u00e9s de las cuales la establecemos a cada momento, podemos resignarnos a dejar pasar, a no tomar ning\u00fan partido y a resultar manifiestamente inservibles, aplicados a un trabajo m\u00e1s de anticuario que de historiador contemporaneista contempor\u00e1neo. Sobreponi\u00e9ndonos a esa perenne tentaci\u00f3n, proponemos aqu\u00ed solamente preguntarnos y presentar los resultados de nuestras investigaciones y reflexiones, con la convicci\u00f3n de que es mejor errar al haber tratado de hacer algo, al arriesgar interviniendo en debates de relevancia y oportunidad social, que persistir en el pante\u00f3n de los justos por haber dejado pasar de largo la presente realidad. Hay por eso tanto de ciudadan\u00eda como de profesi\u00f3n en las p\u00e1ginas que siguen. [vc_empty_space height=&#8221;10&#8243;]<br \/>\n<strong>Autor<\/strong><br \/>\nAntonio Rivera Blanco. <a title=\"Dialnet\" href=\"https:\/\/dialnet.unirioja.es\/servlet\/autor?codigo=181403\" target=\"_blank\" rel=\"noopener\">P\u00e1gina del autor en Dialnet.<\/a><br \/>\n[vc_empty_space height=&#8221;10&#8243;]<br \/>\n<strong>Tipo de documento<\/strong><br \/>\nCap\u00edtulo de libro<br \/>\n[vc_empty_space height=&#8221;10&#8243;]<br \/>\n[\/vc_column_text][\/vc_column][\/vc_row]<\/p>\n<\/div>","protected":false},"excerpt":{"rendered":"<p>[vc_row][vc_column width=&#8221;1\/1&#8243;][vc_column_text][vc_empty_space height=&#8221;20&#8243;] Referencia bibliogr\u00e1fica RIVERA, Antonio (2018): \u00abEl pasado como posibilidad. El historiador y la historia en Euskadi despu\u00e9s del terrorismo\u00bb, en RIVERA, Antonio (coord.): Naturaleza muerta. Usos del&hellip;<\/p>\n","protected":false},"author":1,"featured_media":0,"parent":0,"menu_order":0,"comment_status":"closed","ping_status":"closed","template":"","meta":{"om_disable_all_campaigns":false,"_monsterinsights_skip_tracking":false,"_monsterinsights_sitenote_active":false,"_monsterinsights_sitenote_note":"","_monsterinsights_sitenote_category":0,"_uf_show_specific_survey":0,"_uf_disable_surveys":false,"_vp_format_video_url":"","_vp_image_focal_point":[],"_vp_custom_popup_image":0,"_vp_format_audio_url":"","_vp_custom_thumbnail":0,"_vp_custom_thumbnail_focal_point":[],"_vp_hover_thumbnail":0,"_vp_hover_thumbnail_focal_point":[],"footnotes":""},"class_list":["post-17364","page","type-page","status-publish","hentry"],"aioseo_notices":[],"_links":{"self":[{"href":"https:\/\/www.arovite.com\/en\/wp-json\/wp\/v2\/pages\/17364","targetHints":{"allow":["GET"]}}],"collection":[{"href":"https:\/\/www.arovite.com\/en\/wp-json\/wp\/v2\/pages"}],"about":[{"href":"https:\/\/www.arovite.com\/en\/wp-json\/wp\/v2\/types\/page"}],"author":[{"embeddable":true,"href":"https:\/\/www.arovite.com\/en\/wp-json\/wp\/v2\/users\/1"}],"replies":[{"embeddable":true,"href":"https:\/\/www.arovite.com\/en\/wp-json\/wp\/v2\/comments?post=17364"}],"version-history":[{"count":3,"href":"https:\/\/www.arovite.com\/en\/wp-json\/wp\/v2\/pages\/17364\/revisions"}],"predecessor-version":[{"id":17584,"href":"https:\/\/www.arovite.com\/en\/wp-json\/wp\/v2\/pages\/17364\/revisions\/17584"}],"wp:attachment":[{"href":"https:\/\/www.arovite.com\/en\/wp-json\/wp\/v2\/media?parent=17364"}],"curies":[{"name":"wp","href":"https:\/\/api.w.org\/{rel}","templated":true}]}}