{"id":17358,"date":"2023-02-20T09:11:35","date_gmt":"2023-02-20T09:11:35","guid":{"rendered":"https:\/\/www.arovite.com\/?page_id=17358"},"modified":"2023-02-20T09:11:35","modified_gmt":"2023-02-20T09:11:35","slug":"rios-sierra-jeronimo-2021","status":"publish","type":"page","link":"https:\/\/www.arovite.com\/en\/rios-sierra-jeronimo-2021\/","title":{"rendered":"R\u00cdOS SIERRA, Jer\u00f3nimo (2021)"},"content":{"rendered":"<div class=\"wpb-content-wrapper\"><p>[vc_row][vc_column width=&#8221;1\/1&#8243;][vc_column_text][vc_empty_space height=&#8221;20&#8243;]<br \/>\n<strong>Referencia bibliogr\u00e1fica<\/strong><br \/>\nR\u00cdOS SIERRA, Jer\u00f3nimo (2021): \u00abTerrorismo, Legitimidad y Militancia: Un An\u00e1lisis Discursivo sobre ETA\u00bb, <em>DADOS-Revista de Ci\u00eancias Sociais<\/em>, vol. 64, n\u00ba 4, pp. 1-33.<\/p>\n<p><a class=\"button blue  medium \" href=\"https:\/\/www.scielo.br\/j\/dados\/a\/kf3p634zsGBTpGDCTDZgCSr\/\" target=\"_blank\" rel=\"noopener\">Consultar PDF<\/a>[vc_empty_space height=&#8221;10&#8243;]<br \/>\n<strong>Resumen<\/strong><br \/>\nEl siguiente trabajo aborda c\u00f3mo antiguos integrantes del grupo terrorista <em>Euskadi Ta Askatasuna<\/em> (ETA) entienden el sentido de la violencia pol\u00edtica, tanto desde una mirada retrospectiva como con vistas al futuro. Se trata de conocer la manera en que es percibida por antiguos integrantes de ETA la situaci\u00f3n pol\u00edtica del Pa\u00eds Vasco y su evoluci\u00f3n desde el recurso del terrorismo hasta la participaci\u00f3n pol\u00edtica. Se plantean cuestiones relacionadas con la legitimaci\u00f3n de dicho terrorismo o la p\u00e9rdida de respaldo a partir de mediados de la d\u00e9cada de los 1990. Se problematizan los aspectos que, seg\u00fan antiguos miembros de ETA, explican la erosi\u00f3n en el respaldo de la violencia, como la falta de apoyo social u otros hechos que afectaron el modo c\u00f3mo se comprend\u00eda el terrorismo, tal y como sucedi\u00f3 con los atentados del 11-M. De igual manera, se proponen escenarios futuros sobre c\u00f3mo interpretar la situaci\u00f3n vasca tras el proceso de abandono de las armas, culminado en la primavera de 2018. Con todo esto, es posible observar de qu\u00e9 modo se integra la justificaci\u00f3n de la existencia de ETA y se exalta su contribuci\u00f3n como factor indisociable desde el cual entender la fuerza pol\u00edtica de la que goza actualmente la izquierda abertzale, a trav\u00e9s de la coalici\u00f3n pol\u00edtica Euskal Herria Bildu (EH Bildu), en la que se encuentra el partido pol\u00edtico af\u00edn a ETA: Sortu. [vc_empty_space height=&#8221;10&#8243;]<br \/>\n<strong>Autor<\/strong><br \/>\nJer\u00f3nimo R\u00edos Sierra. <a title=\"Dialnet\" href=\"https:\/\/dialnet.unirioja.es\/servlet\/autor?codigo=2657377\" target=\"_blank\" rel=\"noopener\">P\u00e1gina del autor en Dialnet.<\/a><br \/>\n[vc_empty_space height=&#8221;10&#8243;]<br \/>\n<strong>Tipo de documento<\/strong><br \/>\nArt\u00edculo<br \/>\n[vc_empty_space height=&#8221;10&#8243;]<br \/>\n[\/vc_column_text][\/vc_column][\/vc_row]<\/p>\n<\/div>","protected":false},"excerpt":{"rendered":"<p>[vc_row][vc_column width=&#8221;1\/1&#8243;][vc_column_text][vc_empty_space height=&#8221;20&#8243;] Referencia bibliogr\u00e1fica R\u00cdOS SIERRA, Jer\u00f3nimo (2021): \u00abTerrorismo, Legitimidad y Militancia: Un An\u00e1lisis Discursivo sobre ETA\u00bb, DADOS-Revista de Ci\u00eancias Sociais, vol. 64, n\u00ba 4, pp. 1-33. Consultar PDF[vc_empty_space&hellip;<\/p>\n","protected":false},"author":1,"featured_media":0,"parent":0,"menu_order":0,"comment_status":"closed","ping_status":"closed","template":"","meta":{"om_disable_all_campaigns":false,"_monsterinsights_skip_tracking":false,"_monsterinsights_sitenote_active":false,"_monsterinsights_sitenote_note":"","_monsterinsights_sitenote_category":0,"_uf_show_specific_survey":0,"_uf_disable_surveys":false,"_vp_format_video_url":"","_vp_image_focal_point":[],"_vp_custom_popup_image":0,"_vp_format_audio_url":"","_vp_custom_thumbnail":0,"_vp_custom_thumbnail_focal_point":[],"_vp_hover_thumbnail":0,"_vp_hover_thumbnail_focal_point":[],"footnotes":""},"class_list":["post-17358","page","type-page","status-publish","hentry"],"aioseo_notices":[],"_links":{"self":[{"href":"https:\/\/www.arovite.com\/en\/wp-json\/wp\/v2\/pages\/17358","targetHints":{"allow":["GET"]}}],"collection":[{"href":"https:\/\/www.arovite.com\/en\/wp-json\/wp\/v2\/pages"}],"about":[{"href":"https:\/\/www.arovite.com\/en\/wp-json\/wp\/v2\/types\/page"}],"author":[{"embeddable":true,"href":"https:\/\/www.arovite.com\/en\/wp-json\/wp\/v2\/users\/1"}],"replies":[{"embeddable":true,"href":"https:\/\/www.arovite.com\/en\/wp-json\/wp\/v2\/comments?post=17358"}],"version-history":[{"count":1,"href":"https:\/\/www.arovite.com\/en\/wp-json\/wp\/v2\/pages\/17358\/revisions"}],"predecessor-version":[{"id":17360,"href":"https:\/\/www.arovite.com\/en\/wp-json\/wp\/v2\/pages\/17358\/revisions\/17360"}],"wp:attachment":[{"href":"https:\/\/www.arovite.com\/en\/wp-json\/wp\/v2\/media?parent=17358"}],"curies":[{"name":"wp","href":"https:\/\/api.w.org\/{rel}","templated":true}]}}