{"id":17349,"date":"2023-02-20T09:06:16","date_gmt":"2023-02-20T09:06:16","guid":{"rendered":"https:\/\/www.arovite.com\/?page_id=17349"},"modified":"2023-02-23T07:44:14","modified_gmt":"2023-02-23T07:44:14","slug":"requejo-fraile-marta-2018","status":"publish","type":"page","link":"https:\/\/www.arovite.com\/en\/requejo-fraile-marta-2018\/","title":{"rendered":"REQUEJO FRAILE, Marta (2018)"},"content":{"rendered":"<div class=\"wpb-content-wrapper\"><p>[vc_row][vc_column width=&#8221;1\/1&#8243;][vc_column_text][vc_empty_space height=&#8221;20&#8243;]<br \/>\n<strong>Referencia bibliogr\u00e1fica<\/strong><br \/>\nREQUEJO FRAILE, Marta (2018): \u00abEl impacto de la cobertura medi\u00e1tica del fin de ETA en la opini\u00f3n p\u00fablica vasca: Del alto el fuego de 2006 al cese definitivo de 2011\u00bb, <em>Sphera Publica. Revista de ciencias sociales y de la comunicaci\u00f3n<\/em>, n\u00ba 18, pp. 15-40.<\/p>\n<p><a class=\"button blue  medium \" href=\"https:\/\/sphera.ucam.edu\/index.php\/sphera-01\/article\/view\/331\/14141416\" target=\"_blank\" rel=\"noopener\">Consultar PDF<\/a>[vc_empty_space height=&#8221;10&#8243;]<br \/>\n<strong>Resumen<\/strong><br \/>\nEl presente art\u00edculo centra su estudio en el an\u00e1lisis de la cobertura period\u00edstica otorgada al alto el fuego de ETA de mayo de 2006 y de octubre de 2011. Con el objetivo de analizar, por un lado, el tratamiento que sobre ambos acontecimientos se pretendi\u00f3 trasladar a la opini\u00f3n p\u00fablica y por el otro, determinar si existi\u00f3 alguna analog\u00eda entre las fluctuaciones de los juicios de la ciudadan\u00eda vasca recogidos en las encuestas del Euskobar\u00f3metro y el discurso medi\u00e1tico emitido con respecto a la irreversibilidad de ambos ceses de la violencia dada la importancia que van a poner de manifiesto los datos recogidos en este sondeo. [vc_empty_space height=&#8221;10&#8243;]<br \/>\n<strong>Abstract<\/strong><br \/>\nThis paper focuses its study on the analysis of the journalistic coverage occurred during the ETA ceasefire of May 2006 and October 2011. The aim is analyzing, on the one hand, the treatment that both events were intended to transfer to public opinion and, on the other, determining if there was any kind of analogy between the fluctuations of the opinions of Basque citizens collected by Euskobarometro surveys and the media discourse employed to inform about the irreversibility of both cessations of violence. The paper shows the existence of certain parallelisms between the data collected on this survey and the argument supported by the newspaper El Correo about the reliability given to these ceasefires. [vc_empty_space height=&#8221;10&#8243;]<br \/>\n<strong>Autor<\/strong><br \/>\nMarta Requejo Fraile. <a title=\"Dialnet\" href=\"https:\/\/dialnet.unirioja.es\/servlet\/autor?codigo=3206470\" target=\"_blank\" rel=\"noopener\">P\u00e1gina del autor en Dialnet.<\/a><br \/>\n[vc_empty_space height=&#8221;10&#8243;]<br \/>\n<strong>Tipo de documento<\/strong><br \/>\nArt\u00edculo<br \/>\n[vc_empty_space height=&#8221;10&#8243;]<br \/>\n[\/vc_column_text][\/vc_column][\/vc_row]<\/p>\n<\/div>","protected":false},"excerpt":{"rendered":"<p>[vc_row][vc_column width=&#8221;1\/1&#8243;][vc_column_text][vc_empty_space height=&#8221;20&#8243;] Referencia bibliogr\u00e1fica REQUEJO FRAILE, Marta (2018): \u00abEl impacto de la cobertura medi\u00e1tica del fin de ETA en la opini\u00f3n p\u00fablica vasca: Del alto el fuego de 2006&hellip;<\/p>\n","protected":false},"author":1,"featured_media":0,"parent":0,"menu_order":0,"comment_status":"closed","ping_status":"closed","template":"","meta":{"om_disable_all_campaigns":false,"_monsterinsights_skip_tracking":false,"_monsterinsights_sitenote_active":false,"_monsterinsights_sitenote_note":"","_monsterinsights_sitenote_category":0,"_uf_show_specific_survey":0,"_uf_disable_surveys":false,"_vp_format_video_url":"","_vp_image_focal_point":[],"_vp_custom_popup_image":0,"_vp_format_audio_url":"","_vp_custom_thumbnail":0,"_vp_custom_thumbnail_focal_point":[],"_vp_hover_thumbnail":0,"_vp_hover_thumbnail_focal_point":[],"footnotes":""},"class_list":["post-17349","page","type-page","status-publish","hentry"],"aioseo_notices":[],"_links":{"self":[{"href":"https:\/\/www.arovite.com\/en\/wp-json\/wp\/v2\/pages\/17349","targetHints":{"allow":["GET"]}}],"collection":[{"href":"https:\/\/www.arovite.com\/en\/wp-json\/wp\/v2\/pages"}],"about":[{"href":"https:\/\/www.arovite.com\/en\/wp-json\/wp\/v2\/types\/page"}],"author":[{"embeddable":true,"href":"https:\/\/www.arovite.com\/en\/wp-json\/wp\/v2\/users\/1"}],"replies":[{"embeddable":true,"href":"https:\/\/www.arovite.com\/en\/wp-json\/wp\/v2\/comments?post=17349"}],"version-history":[{"count":3,"href":"https:\/\/www.arovite.com\/en\/wp-json\/wp\/v2\/pages\/17349\/revisions"}],"predecessor-version":[{"id":17636,"href":"https:\/\/www.arovite.com\/en\/wp-json\/wp\/v2\/pages\/17349\/revisions\/17636"}],"wp:attachment":[{"href":"https:\/\/www.arovite.com\/en\/wp-json\/wp\/v2\/media?parent=17349"}],"curies":[{"name":"wp","href":"https:\/\/api.w.org\/{rel}","templated":true}]}}