{"id":17339,"date":"2023-02-20T08:58:59","date_gmt":"2023-02-20T08:58:59","guid":{"rendered":"https:\/\/www.arovite.com\/?page_id=17339"},"modified":"2023-02-20T09:01:23","modified_gmt":"2023-02-20T09:01:23","slug":"ramirez-de-la-piscina-martinez-txema-murua-uria-imanol-e-idoiaga-arrospide-petxo-2016","status":"publish","type":"page","link":"https:\/\/www.arovite.com\/en\/ramirez-de-la-piscina-martinez-txema-murua-uria-imanol-e-idoiaga-arrospide-petxo-2016\/","title":{"rendered":"RAM\u00cdREZ DE LA PISCINA MART\u00cdNEZ, Txema, MURUA URIA, Imanol e IDOIAGA ARROSPIDE, Petxo (2016)"},"content":{"rendered":"<div class=\"wpb-content-wrapper\"><p>[vc_row][vc_column width=&#8221;1\/1&#8243;][vc_column_text][vc_empty_space height=&#8221;20&#8243;]<br \/>\n<strong>Referencia bibliogr\u00e1fica<\/strong><br \/>\nRAM\u00cdREZ DE LA PISCINA MART\u00cdNEZ, Txema, MURUA URIA, Imanol e IDOIAGA ARROSPIDE, Petxo (2016): \u00abPrensa y conflicto vasco (1975-2016): Recopilatorio de actitudes y vicisitudes\u00bb, <em>Revista Latina de Comunicaci\u00f3n Social<\/em>, n\u00ba 71, pp. 1.007-1.035.<\/p>\n<p><a class=\"button blue  medium \" href=\"https:\/\/dialnet.unirioja.es\/descarga\/articulo\/5692944.pdf\" target=\"_blank\" rel=\"noopener\">Consultar PDF<\/a>[vc_empty_space height=&#8221;10&#8243;]<br \/>\n<strong>Resumen<\/strong><br \/>\nEl trabajo realiza un amplio an\u00e1lisis de las actitudes y vicisitudes que han rodeado al tratamiento informativo dado por la prensa vasca y espa\u00f1ola al conflicto vasco durante las \u00faltimas cuatro d\u00e9cadas (1975-2016). Metodolog\u00eda. La metodolog\u00eda es eminentemente cualitativa. Se han utilizado simult\u00e1neamente cuatro t\u00e9cnicas: Estudio de observaci\u00f3n directa realizado por los investigadores a lo largo de toda su trayectoria profesional y acad\u00e9mica; dos investigaciones hemerogr\u00e1ficas (la primera llevada a cabo entre 1979 y 1996 y la segunda entre 1998 y 2002); un an\u00e1lisis de contenido de diez informaciones paradigm\u00e1ticas y un grupo de discusi\u00f3n con expertos en la materia (2016). Resultados. Los autores distinguen cuatro per\u00edodos: El inicial (1975-1988) presidido por la falta de criterios unificados; un segundo (1988-2000) marcado por la unificaci\u00f3n\/crispaci\u00f3n de y en los contenidos; un tercero (2000-2011) determinado por el &#8220;Periodismo de trincheras&#8221; y, por \u00faltimo, la etapa post-ETA (2011-2016), en la cual el lugar de edici\u00f3n de cada rotativo condiciona (m\u00e1s que nunca) el <em>frame<\/em> de la noticia. Conclusiones. Los autores consideran que, en l\u00edneas generales, la prensa no ha respetado las recomendaciones de la Unesco de 1978, seg\u00fan las cuales, el respeto a la verdad y el fomento de la libre expresi\u00f3n de las ideas coadyuvan a la resoluci\u00f3n de conflictos. [vc_empty_space height=&#8221;10&#8243;]<br \/>\n<strong>Abstract<\/strong><br \/>\nThis work carries out a wide analysis of the attitudes and vicissitudes which have surrounded the Basque and Spanish press coverage of the Basque conflict over the last four decades (1975- 2016). Methodology. The methodology is eminently qualitative. Four techniques were used simultaneously: A direct observation study carried out by the researchers throughout their long professional and academic trajectory; two hemerographic studies (the first carried out between 1979 and 1996 and the second between 1998 and 2002); a content analysis of ten paradigmatic news items and a discussion group with experts on the subject (2016). Results. The authors distinguished four periods: The first (1975-1988) dominated by a lack of unified criteria; a second (1988-2000) marked by the unification\/tension of and in the content; a third (2000-2011) determined by &#8220;Trench journalism&#8221; and lastly, the post-ETA period (2011-2016), in which the location where each newspaper is edited conditions (more than ever) the frame of the news. Conclusions. The authors consider that, in general, the press has not followed the UNESCO recommendations of 1978, which suggest that respect for the truth and the promotion of free expression of ideas contribute to conflict resolution. [vc_empty_space height=&#8221;10&#8243;]<br \/>\n<strong>Autor<\/strong><br \/>\nTxema Ram\u00edrez de la Piscina Mart\u00ednez. <a title=\"Dialnet\" href=\"https:\/\/dialnet.unirioja.es\/servlet\/autor?codigo=787924\" target=\"_blank\" rel=\"noopener\">P\u00e1gina del autor en Dialnet.<\/a><br \/>\nImanol Murua Uria. <a title=\"Dialnet\" href=\"https:\/\/dialnet.unirioja.es\/servlet\/autor?codigo=2528536\" target=\"_blank\" rel=\"noopener\">P\u00e1gina del autor en Dialnet.<\/a><br \/>\nPetxo Idoiaga Arrospide. <a title=\"Dialnet\" href=\"https:\/\/dialnet.unirioja.es\/servlet\/autor?codigo=3170798\" target=\"_blank\" rel=\"noopener\">P\u00e1gina del autor en Dialnet.<\/a><br \/>\n[vc_empty_space height=&#8221;10&#8243;]<br \/>\n<strong>Tipo de documento<\/strong><br \/>\nArt\u00edculo<br \/>\n[vc_empty_space height=&#8221;10&#8243;]<br \/>\n[\/vc_column_text][\/vc_column][\/vc_row]<\/p>\n<\/div>","protected":false},"excerpt":{"rendered":"<p>[vc_row][vc_column width=&#8221;1\/1&#8243;][vc_column_text][vc_empty_space height=&#8221;20&#8243;] Referencia bibliogr\u00e1fica RAM\u00cdREZ DE LA PISCINA MART\u00cdNEZ, Txema, MURUA URIA, Imanol e IDOIAGA ARROSPIDE, Petxo (2016): \u00abPrensa y conflicto vasco (1975-2016): Recopilatorio de actitudes y vicisitudes\u00bb, Revista&hellip;<\/p>\n","protected":false},"author":1,"featured_media":0,"parent":0,"menu_order":0,"comment_status":"closed","ping_status":"closed","template":"","meta":{"om_disable_all_campaigns":false,"_monsterinsights_skip_tracking":false,"_monsterinsights_sitenote_active":false,"_monsterinsights_sitenote_note":"","_monsterinsights_sitenote_category":0,"_uf_show_specific_survey":0,"_uf_disable_surveys":false,"_vp_format_video_url":"","_vp_image_focal_point":[],"_vp_custom_popup_image":0,"_vp_format_audio_url":"","_vp_custom_thumbnail":0,"_vp_custom_thumbnail_focal_point":[],"_vp_hover_thumbnail":0,"_vp_hover_thumbnail_focal_point":[],"footnotes":""},"class_list":["post-17339","page","type-page","status-publish","hentry"],"aioseo_notices":[],"_links":{"self":[{"href":"https:\/\/www.arovite.com\/en\/wp-json\/wp\/v2\/pages\/17339","targetHints":{"allow":["GET"]}}],"collection":[{"href":"https:\/\/www.arovite.com\/en\/wp-json\/wp\/v2\/pages"}],"about":[{"href":"https:\/\/www.arovite.com\/en\/wp-json\/wp\/v2\/types\/page"}],"author":[{"embeddable":true,"href":"https:\/\/www.arovite.com\/en\/wp-json\/wp\/v2\/users\/1"}],"replies":[{"embeddable":true,"href":"https:\/\/www.arovite.com\/en\/wp-json\/wp\/v2\/comments?post=17339"}],"version-history":[{"count":2,"href":"https:\/\/www.arovite.com\/en\/wp-json\/wp\/v2\/pages\/17339\/revisions"}],"predecessor-version":[{"id":17345,"href":"https:\/\/www.arovite.com\/en\/wp-json\/wp\/v2\/pages\/17339\/revisions\/17345"}],"wp:attachment":[{"href":"https:\/\/www.arovite.com\/en\/wp-json\/wp\/v2\/media?parent=17339"}],"curies":[{"name":"wp","href":"https:\/\/api.w.org\/{rel}","templated":true}]}}