{"id":17327,"date":"2023-02-20T08:35:30","date_gmt":"2023-02-20T08:35:30","guid":{"rendered":"https:\/\/www.arovite.com\/?page_id=17327"},"modified":"2023-06-07T10:21:21","modified_gmt":"2023-06-07T10:21:21","slug":"pena-mardaras-ma-cristina-bermudez-angela-saez-de-la-fuente-izaskun-bilbao-alberdi-galo-y-prieto-mendaza-jesus-2020","status":"publish","type":"page","link":"https:\/\/www.arovite.com\/en\/pena-mardaras-ma-cristina-bermudez-angela-saez-de-la-fuente-izaskun-bilbao-alberdi-galo-y-prieto-mendaza-jesus-2020\/","title":{"rendered":"PENA MARDARAS, M\u00aa Cristina, BERM\u00daDEZ, \u00c1ngela, S\u00c1EZ DE LA FUENTE, Izaskun, BILBAO ALBERDI, Galo y PRIETO MENDAZA, Jes\u00fas (2020)"},"content":{"rendered":"<div class=\"wpb-content-wrapper\"><p>[vc_row][vc_column width=&#8221;1\/1&#8243;][vc_column_text][vc_empty_space height=&#8221;20&#8243;]<br \/>\n<strong>Referencia bibliogr\u00e1fica<\/strong><br \/>\nPENA MARDARAS, M\u00aa Cristina, BERM\u00daDEZ, \u00c1ngela, S\u00c1EZ DE LA FUENTE, Izaskun, BILBAO ALBERDI, Galo y PRIETO MENDAZA, Jes\u00fas (2020): <em>Orientaciones y recursos para una ense\u00f1anza de la historia de Euskadi que contribuya a la deslegitimaci\u00f3n de la violencia<\/em>. Cuadernos sobre Memoria, Educaci\u00f3n Hist\u00f3rica y Construcci\u00f3n de Paz, n\u00ba 3. Bilbao: Universidad de Deusto.<\/p>\n<p><a class=\"button blue medium \" href=\"http:\/\/www.arovite.com\/documentos\/2020_Pena_Berm\u00fadez_S\u00e1ez de la Fuente_Bilbao_y_Prieto.pdf\" target=\"_blank\" rel=\"noopener\">Consultar PDF<\/a><br \/>\n[vc_empty_space height=&#8221;10&#8243;]<br \/>\n<strong>Resumen<\/strong><br \/>\nEntre octubre de 2019 y junio de 2020, el Centro de \u00c9tica Aplicada de la Universidad de Deusto (CEA) y el Consejo de la Juventud de Euskadi (EGK) lideraron una comunidad de aprendizaje con personas j\u00f3venes para explorar las preguntas y reflexiones que estas se hacen respecto a la violencia de motivaci\u00f3n pol\u00edtica vivida en Euskadi en el \u00faltimo medio siglo. Uno de los objetivos de esta comunidad era identificar c\u00f3mo se puede ense\u00f1ar la historia de esta violencia a las nuevas generaciones de manera que contribuya a la deslegitimaci\u00f3n de la violencia y a la construcci\u00f3n de una cultura de paz. Los resultados de la comunidad de aprendizaje se recogen en tres cuadernos: en el primero, se realiza una aproximaci\u00f3n conceptual a las contribuciones de la educaci\u00f3n hist\u00f3rica a la deslegitimaci\u00f3n de la violencia; en el segundo, se recoge una sistematizaci\u00f3n del proceso seguido por la comunidad de aprendizaje; y en este cuaderno, el tercero de la serie, se ofrece un conjunto de recomendaciones y recursos pedag\u00f3gicos para la ense\u00f1anza de la historia de la violencia reciente de Euskadi. [vc_empty_space height=&#8221;10&#8243;]<br \/>\n<strong>Autor<\/strong><br \/>\nM\u00aa Cristina Pena Mardaras. <a title=\"Dialnet\" href=\"https:\/\/dialnet.unirioja.es\/servlet\/autor?codigo=4150726\" target=\"_blank\" rel=\"noopener\">P\u00e1gina del autor en Dialnet.<\/a><br \/>\n\u00c1ngela Berm\u00fadez. <a title=\"Dialnet\" href=\"https:\/\/dialnet.unirioja.es\/servlet\/autor?codigo=4086534\" target=\"_blank\" rel=\"noopener\">P\u00e1gina del autor en Dialnet.<\/a><br \/>\nIzaskun S\u00e1ez de la Fuente. <a title=\"Dialnet\" href=\"https:\/\/dialnet.unirioja.es\/servlet\/autor?codigo=291316\" target=\"_blank\" rel=\"noopener\">P\u00e1gina del autor en Dialnet.<\/a><br \/>\nGalo Bilbao. <a title=\"Dialnet\" href=\"https:\/\/dialnet.unirioja.es\/servlet\/autor?codigo=554076\" target=\"_blank\" rel=\"noopener\">P\u00e1gina del autor en Dialnet.<\/a><br \/>\nJes\u00fas Prieto Mendaza. <a title=\"Dialnet\" href=\"https:\/\/dialnet.unirioja.es\/servlet\/autor?codigo=3007425\" target=\"_blank\" rel=\"noopener\">P\u00e1gina del autor en Dialnet.<\/a><br \/>\n[vc_empty_space height=&#8221;10&#8243;]<br \/>\n<strong>Tipo de documento<\/strong><br \/>\nCuaderno<br \/>\n[vc_empty_space height=&#8221;10&#8243;]<br \/>\n[\/vc_column_text][\/vc_column][\/vc_row]<\/p>\n<\/div>","protected":false},"excerpt":{"rendered":"<p>[vc_row][vc_column width=&#8221;1\/1&#8243;][vc_column_text][vc_empty_space height=&#8221;20&#8243;] Referencia bibliogr\u00e1fica PENA MARDARAS, M\u00aa Cristina, BERM\u00daDEZ, \u00c1ngela, S\u00c1EZ DE LA FUENTE, Izaskun, BILBAO ALBERDI, Galo y PRIETO MENDAZA, Jes\u00fas (2020): Orientaciones y recursos para una ense\u00f1anza&hellip;<\/p>\n","protected":false},"author":1,"featured_media":0,"parent":0,"menu_order":0,"comment_status":"closed","ping_status":"closed","template":"","meta":{"om_disable_all_campaigns":false,"_monsterinsights_skip_tracking":false,"_monsterinsights_sitenote_active":false,"_monsterinsights_sitenote_note":"","_monsterinsights_sitenote_category":0,"_uf_show_specific_survey":0,"_uf_disable_surveys":false,"_vp_format_video_url":"","_vp_image_focal_point":[],"_vp_custom_popup_image":0,"_vp_format_audio_url":"","_vp_custom_thumbnail":0,"_vp_custom_thumbnail_focal_point":[],"_vp_hover_thumbnail":0,"_vp_hover_thumbnail_focal_point":[],"footnotes":""},"class_list":["post-17327","page","type-page","status-publish","hentry"],"aioseo_notices":[],"_links":{"self":[{"href":"https:\/\/www.arovite.com\/en\/wp-json\/wp\/v2\/pages\/17327","targetHints":{"allow":["GET"]}}],"collection":[{"href":"https:\/\/www.arovite.com\/en\/wp-json\/wp\/v2\/pages"}],"about":[{"href":"https:\/\/www.arovite.com\/en\/wp-json\/wp\/v2\/types\/page"}],"author":[{"embeddable":true,"href":"https:\/\/www.arovite.com\/en\/wp-json\/wp\/v2\/users\/1"}],"replies":[{"embeddable":true,"href":"https:\/\/www.arovite.com\/en\/wp-json\/wp\/v2\/comments?post=17327"}],"version-history":[{"count":3,"href":"https:\/\/www.arovite.com\/en\/wp-json\/wp\/v2\/pages\/17327\/revisions"}],"predecessor-version":[{"id":17766,"href":"https:\/\/www.arovite.com\/en\/wp-json\/wp\/v2\/pages\/17327\/revisions\/17766"}],"wp:attachment":[{"href":"https:\/\/www.arovite.com\/en\/wp-json\/wp\/v2\/media?parent=17327"}],"curies":[{"name":"wp","href":"https:\/\/api.w.org\/{rel}","templated":true}]}}