{"id":17301,"date":"2023-02-20T08:04:10","date_gmt":"2023-02-20T08:04:10","guid":{"rendered":"https:\/\/www.arovite.com\/?page_id=17301"},"modified":"2023-02-23T07:38:11","modified_gmt":"2023-02-23T07:38:11","slug":"mota-zurdo-david-2021b","status":"publish","type":"page","link":"https:\/\/www.arovite.com\/en\/mota-zurdo-david-2021b\/","title":{"rendered":"MOTA ZURDO, David (2021b)"},"content":{"rendered":"<div class=\"wpb-content-wrapper\"><p>[vc_row][vc_column width=&#8221;1\/1&#8243;][vc_column_text][vc_empty_space height=&#8221;20&#8243;]<br \/>\n<strong>Referencia bibliogr\u00e1fica<\/strong><br \/>\nMOTA ZURDO, David (2021): \u00abUna geograf\u00eda del terror para la fase final de los a\u00f1os de plomo: las v\u00edctimas de las Fuerzas y Cuerpos de Seguridad del Estado en el Pa\u00eds Vasco (1982-1994)\u00bb, <em>Revista de Estudios Andaluces<\/em>, n\u00ba 42, pp. 54-82.<\/p>\n<p><a class=\"button blue  medium \" href=\"https:\/\/revistascientificas.us.es\/index.php\/REA\/article\/view\/15785\/15489\" target=\"_blank\" rel=\"noopener\">Consultar PDF<\/a>[vc_empty_space height=&#8221;10&#8243;]<br \/>\n<strong>Resumen<\/strong><br \/>\nEste art\u00edculo es un an\u00e1lisis cuantitativo de las v\u00edctimas, miembros de las Fuerzas y Cuerpos de Seguridad del Estado, que fueron asesinadas por ETA y grupos afines en el Pa\u00eds Vasco entre 1982 y 1994. Partiendo de una \u00f3ptica territorial, se pone un especial \u00e9nfasis en la procedencia de las v\u00edctimas, en su lugar de asesinato y en el cuerpo policial al que pertenecieron, pues la finalidad es elaborar una radiograf\u00eda del impacto que tuvieron las acciones terroristas contra las Fuerzas y Cuerpos de Seguridad del Estado en Euskadi. Sin hacer un an\u00e1lisis pormenorizado de cada v\u00edctima, en esta investigaci\u00f3n se estudian y comparan los datos de aquellas que fueron guardias civiles, polic\u00edas y militares utilizando una metodolog\u00eda descriptiva y un enfoque positivista. El objetivo del art\u00edculo, que es comprobar qu\u00e9 cuerpo policial y militar fue el m\u00e1s azotado por la violencia terrorista y subrayar aquellos municipios, comarcas y provincias vascas m\u00e1s mort\u00edferos, se cumple tras concluir que Gipuzkoa fue el principal lugar de fallecimiento de los miembros de FCSE, siendo los castellanoleoneses, y no los andaluces, los m\u00e1s afectados por el terrorismo. [vc_empty_space height=&#8221;10&#8243;]<br \/>\n<strong>Abstract<\/strong><br \/>\nThis article is a quantitative analysis of the victims, members of the State Security Forces, who were murdered by ETA and other terrorist groups in the Basque Country between 1982 and 1994. Starting from a territorial perspective, is emphasized on the origin of the victims, in their place of murder and in the police force which they belonged: the purpose is to get a panoramic photo of the impact that the terrorist actions had against the State Security Forces in Euskadi. Without making a detailed analysis of each victim, this research analyzes and compares the data of those who were civil guards, police and military using a descriptive methodology and a positivist approach. The objective of the article, what is to verify which police and military force was the most affected by terrorist violence and to highlight those Basque towns, regions and provinces that were the deadliest, is met after concluding that Gipuzkoa was the main place of death of the members of the Security Forces, being the Castilian-Leonese, and not the Andalusians, the most affected by terrorism. [vc_empty_space height=&#8221;10&#8243;]<br \/>\n<strong>Autor<\/strong><br \/>\nDavid Mota Zurdo. <a title=\"Dialnet\" href=\"https:\/\/dialnet.unirioja.es\/servlet\/autor?codigo=3459298\" target=\"_blank\" rel=\"noopener\">P\u00e1gina del autor en Dialnet.<\/a><br \/>\n [vc_empty_space height=&#8221;10&#8243;]<br \/>\n<strong>Tipo de documento<\/strong><br \/>\nArt\u00edculo<br \/>\n[vc_empty_space height=&#8221;10&#8243;]<br \/>\n[\/vc_column_text][\/vc_column][\/vc_row]<\/p>\n<\/div>","protected":false},"excerpt":{"rendered":"<p>[vc_row][vc_column width=&#8221;1\/1&#8243;][vc_column_text][vc_empty_space height=&#8221;20&#8243;] Referencia bibliogr\u00e1fica MOTA ZURDO, David (2021): \u00abUna geograf\u00eda del terror para la fase final de los a\u00f1os de plomo: las v\u00edctimas de las Fuerzas y Cuerpos de&hellip;<\/p>\n","protected":false},"author":1,"featured_media":0,"parent":0,"menu_order":0,"comment_status":"closed","ping_status":"closed","template":"","meta":{"om_disable_all_campaigns":false,"_monsterinsights_skip_tracking":false,"_monsterinsights_sitenote_active":false,"_monsterinsights_sitenote_note":"","_monsterinsights_sitenote_category":0,"_uf_show_specific_survey":0,"_uf_disable_surveys":false,"_vp_format_video_url":"","_vp_image_focal_point":[],"_vp_custom_popup_image":0,"_vp_format_audio_url":"","_vp_custom_thumbnail":0,"_vp_custom_thumbnail_focal_point":[],"_vp_hover_thumbnail":0,"_vp_hover_thumbnail_focal_point":[],"footnotes":""},"class_list":["post-17301","page","type-page","status-publish","hentry"],"aioseo_notices":[],"_links":{"self":[{"href":"https:\/\/www.arovite.com\/en\/wp-json\/wp\/v2\/pages\/17301","targetHints":{"allow":["GET"]}}],"collection":[{"href":"https:\/\/www.arovite.com\/en\/wp-json\/wp\/v2\/pages"}],"about":[{"href":"https:\/\/www.arovite.com\/en\/wp-json\/wp\/v2\/types\/page"}],"author":[{"embeddable":true,"href":"https:\/\/www.arovite.com\/en\/wp-json\/wp\/v2\/users\/1"}],"replies":[{"embeddable":true,"href":"https:\/\/www.arovite.com\/en\/wp-json\/wp\/v2\/comments?post=17301"}],"version-history":[{"count":2,"href":"https:\/\/www.arovite.com\/en\/wp-json\/wp\/v2\/pages\/17301\/revisions"}],"predecessor-version":[{"id":17627,"href":"https:\/\/www.arovite.com\/en\/wp-json\/wp\/v2\/pages\/17301\/revisions\/17627"}],"wp:attachment":[{"href":"https:\/\/www.arovite.com\/en\/wp-json\/wp\/v2\/media?parent=17301"}],"curies":[{"name":"wp","href":"https:\/\/api.w.org\/{rel}","templated":true}]}}