{"id":17268,"date":"2023-02-20T07:31:39","date_gmt":"2023-02-20T07:31:39","guid":{"rendered":"https:\/\/www.arovite.com\/?page_id=17268"},"modified":"2025-10-05T09:20:03","modified_gmt":"2025-10-05T09:20:03","slug":"minguez-alcaide-xabier-alzate-saez-de-heredia-ramon-y-sanchez-de-miguel-manuel-2015","status":"publish","type":"page","link":"https:\/\/www.arovite.com\/en\/minguez-alcaide-xabier-alzate-saez-de-heredia-ramon-y-sanchez-de-miguel-manuel-2015\/","title":{"rendered":"M\u00cdNGUEZ ALCAIDE, Xabier, ALZATE S\u00c1EZ DE HEREDIA, Ram\u00f3n y S\u00c1NCHEZ DE MIGUEL, Manuel (2015)"},"content":{"rendered":"<div class=\"wpb-content-wrapper\"><p>[vc_row][vc_column width=&#8221;1\/1&#8243;][vc_column_text][vc_empty_space height=&#8221;20&#8243;]<br \/>\n<strong>Referencia bibliogr\u00e1fica<\/strong><br \/>\nM\u00cdNGUEZ ALCAIDE, Xabier, ALZATE S\u00c1EZ DE HEREDIA, Ram\u00f3n y S\u00c1NCHEZ DE MIGUEL, Manuel (2015): \u00abUna aproximaci\u00f3n psicosocial al conflicto vasco como sistema din\u00e1mico\u00bb, <em>Universitas psychologica<\/em>, vol. 14, n\u00ba 2, pp. 563-578.<\/p>\n<p><a class=\"button blue  medium \" href=\"https:\/\/revistas.javeriana.edu.co\/index.php\/revPsycho\/article\/view\/4882\/12127\" target=\"_blank\" rel=\"noopener\">Consultar PDF<\/a>[vc_empty_space height=&#8221;10&#8243;]<br \/>\n<strong>Resumen<\/strong><br \/>\nEl art\u00edculo presenta una aproximaci\u00f3n psicosocial al conflicto del Pa\u00eds Vasco desde el modelo din\u00e1mico\/sist\u00e9mico del conflicto (Coleman, 2006). La investigaci\u00f3n se llev\u00f3 a cabo a partir de 60 entrevistas en profundidad realizadas a personas de distintos sectores de la sociedad vasca, analizadas a partir de un an\u00e1lisis de contenido por categorizaci\u00f3n, y de un an\u00e1lisis interpretativo fenomenol\u00f3gico. Los resultados apuntan a cinco elementos centrales del conflicto: las manifestaciones de violencia y sus formas de legitimaci\u00f3n, la vulneraci\u00f3n de necesidades humanas b\u00e1sicas, la interdependencia negativa de las identidades colectivas, cuestiones pol\u00edticas e ideol\u00f3gicas. Igualmente, se mencionan tres factores adicionales \u2013polarizaci\u00f3n social, emociones y aspectos cognitivos\u2013. Finalmente, se interpreta el conjunto de datos sobre el conflicto vasco a partir del modelo din\u00e1mico\/sist\u00e9mico. [vc_empty_space height=&#8221;10&#8243;]<br \/>\n<strong>Abstract<\/strong><br \/>\nThe paper presents a psychosocial approach to Basque Country conflict from the dynamical system model of conflict (Coleman, 2006). Research was make throughout 60 interviews fulfilled with people of different sectors of basque society, and were analyzed by categorization content analysis and by interpretative fhenomenologycal analysis. Results point to five central elements of conflict: violence manifestations and there legitimation forms, violation of Basic Human Needs, negative interdependence of collective identities, political and ideological issues. Three additional factors are also mentionated \u2013social polarization, emotional and cognitive issues\u2013. Finally, we explain the whole dates about basque conflict throughout dynamic\/ systemic model. [vc_empty_space height=&#8221;10&#8243;]<br \/>\n<strong>Autor<\/strong><br \/>\nXabier M\u00ednguez Alcaide. <a title=\"Dialnet\" href=\"https:\/\/dialnet.unirioja.es\/servlet\/autor?codigo=2479968\" target=\"_blank\" rel=\"noopener\">P\u00e1gina del autor en Dialnet.<\/a><br \/>\nRam\u00f3n Alzate S\u00e1ez de Heredia. <a title=\"Dialnet\" href=\"https:\/\/dialnet.unirioja.es\/servlet\/autor?codigo=46984\" target=\"_blank\" rel=\"noopener\">P\u00e1gina del autor en Dialnet.<\/a><br \/>\nManuel S\u00e1nchez de Miguel. <a title=\"Dialnet\" href=\"https:\/\/dialnet.unirioja.es\/servlet\/autor?codigo=2149028\" target=\"_blank\" rel=\"noopener\">P\u00e1gina del autor en Dialnet.<\/a><br \/>\n[vc_empty_space height=&#8221;10&#8243;]<br \/>\n<strong>Tipo de documento<\/strong><br \/>\nArt\u00edculo<br \/>\n[vc_empty_space height=&#8221;10&#8243;]<br \/>\n[\/vc_column_text][\/vc_column][\/vc_row]<\/p>\n<\/div>","protected":false},"excerpt":{"rendered":"<p>[vc_row][vc_column width=&#8221;1\/1&#8243;][vc_column_text][vc_empty_space height=&#8221;20&#8243;] Referencia bibliogr\u00e1fica M\u00cdNGUEZ ALCAIDE, Xabier, ALZATE S\u00c1EZ DE HEREDIA, Ram\u00f3n y S\u00c1NCHEZ DE MIGUEL, Manuel (2015): \u00abUna aproximaci\u00f3n psicosocial al conflicto vasco como sistema din\u00e1mico\u00bb, Universitas psychologica,&hellip;<\/p>\n","protected":false},"author":1,"featured_media":0,"parent":0,"menu_order":0,"comment_status":"closed","ping_status":"closed","template":"","meta":{"om_disable_all_campaigns":false,"_monsterinsights_skip_tracking":false,"_monsterinsights_sitenote_active":false,"_monsterinsights_sitenote_note":"","_monsterinsights_sitenote_category":0,"_uf_show_specific_survey":0,"_uf_disable_surveys":false,"_vp_format_video_url":"","_vp_image_focal_point":[],"_vp_custom_popup_image":0,"_vp_format_audio_url":"","_vp_custom_thumbnail":0,"_vp_custom_thumbnail_focal_point":[],"_vp_hover_thumbnail":0,"_vp_hover_thumbnail_focal_point":[],"footnotes":""},"class_list":["post-17268","page","type-page","status-publish","hentry"],"aioseo_notices":[],"_links":{"self":[{"href":"https:\/\/www.arovite.com\/en\/wp-json\/wp\/v2\/pages\/17268","targetHints":{"allow":["GET"]}}],"collection":[{"href":"https:\/\/www.arovite.com\/en\/wp-json\/wp\/v2\/pages"}],"about":[{"href":"https:\/\/www.arovite.com\/en\/wp-json\/wp\/v2\/types\/page"}],"author":[{"embeddable":true,"href":"https:\/\/www.arovite.com\/en\/wp-json\/wp\/v2\/users\/1"}],"replies":[{"embeddable":true,"href":"https:\/\/www.arovite.com\/en\/wp-json\/wp\/v2\/comments?post=17268"}],"version-history":[{"count":2,"href":"https:\/\/www.arovite.com\/en\/wp-json\/wp\/v2\/pages\/17268\/revisions"}],"predecessor-version":[{"id":24758,"href":"https:\/\/www.arovite.com\/en\/wp-json\/wp\/v2\/pages\/17268\/revisions\/24758"}],"wp:attachment":[{"href":"https:\/\/www.arovite.com\/en\/wp-json\/wp\/v2\/media?parent=17268"}],"curies":[{"name":"wp","href":"https:\/\/api.w.org\/{rel}","templated":true}]}}