{"id":17235,"date":"2023-02-20T06:40:34","date_gmt":"2023-02-20T06:40:34","guid":{"rendered":"https:\/\/www.arovite.com\/?page_id=17235"},"modified":"2023-02-20T06:40:34","modified_gmt":"2023-02-20T06:40:34","slug":"linan-lafuente-alfredo-2016","status":"publish","type":"page","link":"https:\/\/www.arovite.com\/en\/linan-lafuente-alfredo-2016\/","title":{"rendered":"LI\u00d1\u00c1N LAFUENTE, Alfredo (2016)"},"content":{"rendered":"<div class=\"wpb-content-wrapper\"><p>[vc_row][vc_column width=&#8221;1\/1&#8243;][vc_column_text][vc_empty_space height=&#8221;20&#8243;]<br \/>\n<strong>Referencia bibliogr\u00e1fica<\/strong><br \/>\nLI\u00d1\u00c1N LAFUENTE, Alfredo (2016): \u00abLa investigaci\u00f3n de los actos terroristas de ETA como delitos de lesa humanidad. An\u00e1lisis de las resoluciones de la Audiencia Nacional\u00bb, <em>Revista de Derecho Penal y Criminolog\u00eda<\/em>, n\u00ba 15, pp. 267-302.<\/p>\n<p><a class=\"button blue  medium \" href=\"https:\/\/dialnet.unirioja.es\/servlet\/articulo?codigo=5756252&#038;orden=1&#038;info=link\" target=\"_blank\" rel=\"noopener\">Consultar PDF<\/a>[vc_empty_space height=&#8221;10&#8243;]<br \/>\n<strong>Resumen<\/strong><br \/>\nEn julio de 2015, el Juzgado Central de Instrucci\u00f3n n.\u00ba 3 de la Audiencia Nacional admiti\u00f3 a tr\u00e1mite una querella interpuesta contra la banda terrorista ETA, para investigar si los hechos cometidos con posterioridad al 1 de octubre de 2004 \u2013fecha en la que entr\u00f3 en vigor la reforma del C\u00f3digo Penal que tipific\u00f3 el delito de lesa humanidad\u2013, pod\u00edan ser constitutivos de este delito. En el presente art\u00edculo se analizan varias resoluciones dictadas por la Audiencia sobre este particular durante la fase de instrucci\u00f3n, y se ponen en relaci\u00f3n con la interpretaci\u00f3n de los elementos t\u00edpicos del delito de lesa humanidad. En concreto, se analiza el controvertido asunto de si una organizaci\u00f3n como ETA podr\u00eda ser id\u00f3nea para lanzar un ataque caracter\u00edstico del delito de lesa humanidad, as\u00ed como el concepto de poblaci\u00f3n civil y su limitaci\u00f3n como objeto de protecci\u00f3n de la norma. [vc_empty_space height=&#8221;10&#8243;]<br \/>\n<strong>Abstract<\/strong><br \/>\nIn July 2015, the Central Court of Instruction No. 3 of the National Court declared admissible a complaint iled against the terrorist group ETA, to investigate whether the acts committed after October 1, 2004 \u2013the date on which entered into force the Penal Code deining the crime against humanity\u2013 could be constitutive of the crime. In this article several decisions issued by the Court on this matter during the investigation stage are analyzed and placed in relation to the interpretation of the typical elements of the crime against humanity. Speciically, the controversial issue of whether an organization like ETA might be appropriate to launch an attack characteristic of the crime against humanity is analyzed, and the concept of civilian population and its limitation as an object of protection of the crime against humanity. [vc_empty_space height=&#8221;10&#8243;]<br \/>\n<strong>Autor<\/strong><br \/>\nAlfredo Li\u00f1\u00e1n Lafuente. <a title=\"Dialnet\" href=\"https:\/\/dialnet.unirioja.es\/servlet\/autor?codigo=2317877\" target=\"_blank\" rel=\"noopener\">P\u00e1gina del autor en Dialnet.<\/a><br \/>\n[vc_empty_space height=&#8221;10&#8243;]<br \/>\n<strong>Tipo de documento<\/strong><br \/>\nArt\u00edculo<br \/>\n[vc_empty_space height=&#8221;10&#8243;]<br \/>\n[\/vc_column_text][\/vc_column][\/vc_row]<\/p>\n<\/div>","protected":false},"excerpt":{"rendered":"<p>[vc_row][vc_column width=&#8221;1\/1&#8243;][vc_column_text][vc_empty_space height=&#8221;20&#8243;] Referencia bibliogr\u00e1fica LI\u00d1\u00c1N LAFUENTE, Alfredo (2016): \u00abLa investigaci\u00f3n de los actos terroristas de ETA como delitos de lesa humanidad. An\u00e1lisis de las resoluciones de la Audiencia Nacional\u00bb,&hellip;<\/p>\n","protected":false},"author":1,"featured_media":0,"parent":0,"menu_order":0,"comment_status":"closed","ping_status":"closed","template":"","meta":{"om_disable_all_campaigns":false,"_monsterinsights_skip_tracking":false,"_monsterinsights_sitenote_active":false,"_monsterinsights_sitenote_note":"","_monsterinsights_sitenote_category":0,"_uf_show_specific_survey":0,"_uf_disable_surveys":false,"_vp_format_video_url":"","_vp_image_focal_point":[],"_vp_custom_popup_image":0,"_vp_format_audio_url":"","_vp_custom_thumbnail":0,"_vp_custom_thumbnail_focal_point":[],"_vp_hover_thumbnail":0,"_vp_hover_thumbnail_focal_point":[],"footnotes":""},"class_list":["post-17235","page","type-page","status-publish","hentry"],"aioseo_notices":[],"_links":{"self":[{"href":"https:\/\/www.arovite.com\/en\/wp-json\/wp\/v2\/pages\/17235","targetHints":{"allow":["GET"]}}],"collection":[{"href":"https:\/\/www.arovite.com\/en\/wp-json\/wp\/v2\/pages"}],"about":[{"href":"https:\/\/www.arovite.com\/en\/wp-json\/wp\/v2\/types\/page"}],"author":[{"embeddable":true,"href":"https:\/\/www.arovite.com\/en\/wp-json\/wp\/v2\/users\/1"}],"replies":[{"embeddable":true,"href":"https:\/\/www.arovite.com\/en\/wp-json\/wp\/v2\/comments?post=17235"}],"version-history":[{"count":1,"href":"https:\/\/www.arovite.com\/en\/wp-json\/wp\/v2\/pages\/17235\/revisions"}],"predecessor-version":[{"id":17237,"href":"https:\/\/www.arovite.com\/en\/wp-json\/wp\/v2\/pages\/17235\/revisions\/17237"}],"wp:attachment":[{"href":"https:\/\/www.arovite.com\/en\/wp-json\/wp\/v2\/media?parent=17235"}],"curies":[{"name":"wp","href":"https:\/\/api.w.org\/{rel}","templated":true}]}}