{"id":17221,"date":"2023-02-17T19:35:29","date_gmt":"2023-02-17T19:35:29","guid":{"rendered":"https:\/\/www.arovite.com\/?page_id=17221"},"modified":"2023-02-17T19:35:29","modified_gmt":"2023-02-17T19:35:29","slug":"julia-santos-2016","status":"publish","type":"page","link":"https:\/\/www.arovite.com\/en\/julia-santos-2016\/","title":{"rendered":"JULI\u00c1, Santos (2016)"},"content":{"rendered":"<div class=\"wpb-content-wrapper\"><p>[vc_row][vc_column width=&#8221;1\/1&#8243;][vc_column_text][vc_empty_space height=&#8221;20&#8243;]<br \/>\n<strong>Referencia bibliogr\u00e1fica<\/strong><br \/>\nJULI\u00c1, Santos (2016): \u00abIntelectuales ante el terrorismo (1975-1981)\u00bb, <em>Grand place: pensamiento y cultura<\/em>, n\u00ba 5, pp. 163-174.<\/p>\n<p><a class=\"button blue  medium \" href=\"http:\/\/www.arovite.com\/documentos\/2016_Santos.pdf\" target=\"_blank\" rel=\"noopener\">Consultar PDF<\/a>[vc_empty_space height=&#8221;10&#8243;]<br \/>\n<strong>Resumen<\/strong><br \/>\nEstas notas, muy provisionales, sobre intelectuales y terrorismo en el periodo que va de la muerte del dictador hasta el intento del golpe de Estado de febrero de 1981, comienzan con la entrada al gobierno de Adolfo Su\u00e1rez, que entre sus primeras medidas acord\u00f3, por decreto-ley de 30 de julio, la concesi\u00f3n de amnist\u00eda, reivindicada por todos los partidos y grupos de oposici\u00f3n en manifestaciones y encierros. [vc_empty_space height=&#8221;10&#8243;]<br \/>\n<strong>Autor<\/strong><br \/>\nSantos Juli\u00e1. <a title=\"Dialnet\" href=\"https:\/\/dialnet.unirioja.es\/servlet\/autor?codigo=118198\" target=\"_blank\" rel=\"noopener\">P\u00e1gina del autor en Dialnet.<\/a><br \/>\n[vc_empty_space height=&#8221;10&#8243;]<br \/>\n<strong>Tipo de documento<\/strong><br \/>\nArt\u00edculo<br \/>\n[vc_empty_space height=&#8221;10&#8243;]<br \/>\n[\/vc_column_text][\/vc_column][\/vc_row]<\/p>\n<\/div>","protected":false},"excerpt":{"rendered":"<p>[vc_row][vc_column width=&#8221;1\/1&#8243;][vc_column_text][vc_empty_space height=&#8221;20&#8243;] Referencia bibliogr\u00e1fica JULI\u00c1, Santos (2016): \u00abIntelectuales ante el terrorismo (1975-1981)\u00bb, Grand place: pensamiento y cultura, n\u00ba 5, pp. 163-174. Consultar PDF[vc_empty_space height=&#8221;10&#8243;] Resumen Estas notas, muy provisionales,&hellip;<\/p>\n","protected":false},"author":1,"featured_media":0,"parent":0,"menu_order":0,"comment_status":"closed","ping_status":"closed","template":"","meta":{"om_disable_all_campaigns":false,"_monsterinsights_skip_tracking":false,"_monsterinsights_sitenote_active":false,"_monsterinsights_sitenote_note":"","_monsterinsights_sitenote_category":0,"_uf_show_specific_survey":0,"_uf_disable_surveys":false,"_vp_format_video_url":"","_vp_image_focal_point":[],"_vp_custom_popup_image":0,"_vp_format_audio_url":"","_vp_custom_thumbnail":0,"_vp_custom_thumbnail_focal_point":[],"_vp_hover_thumbnail":0,"_vp_hover_thumbnail_focal_point":[],"footnotes":""},"class_list":["post-17221","page","type-page","status-publish","hentry"],"aioseo_notices":[],"_links":{"self":[{"href":"https:\/\/www.arovite.com\/en\/wp-json\/wp\/v2\/pages\/17221","targetHints":{"allow":["GET"]}}],"collection":[{"href":"https:\/\/www.arovite.com\/en\/wp-json\/wp\/v2\/pages"}],"about":[{"href":"https:\/\/www.arovite.com\/en\/wp-json\/wp\/v2\/types\/page"}],"author":[{"embeddable":true,"href":"https:\/\/www.arovite.com\/en\/wp-json\/wp\/v2\/users\/1"}],"replies":[{"embeddable":true,"href":"https:\/\/www.arovite.com\/en\/wp-json\/wp\/v2\/comments?post=17221"}],"version-history":[{"count":1,"href":"https:\/\/www.arovite.com\/en\/wp-json\/wp\/v2\/pages\/17221\/revisions"}],"predecessor-version":[{"id":17223,"href":"https:\/\/www.arovite.com\/en\/wp-json\/wp\/v2\/pages\/17221\/revisions\/17223"}],"wp:attachment":[{"href":"https:\/\/www.arovite.com\/en\/wp-json\/wp\/v2\/media?parent=17221"}],"curies":[{"name":"wp","href":"https:\/\/api.w.org\/{rel}","templated":true}]}}