{"id":17160,"date":"2023-02-17T18:39:14","date_gmt":"2023-02-17T18:39:14","guid":{"rendered":"https:\/\/www.arovite.com\/?page_id=17160"},"modified":"2023-02-22T12:32:03","modified_gmt":"2023-02-22T12:32:03","slug":"fernandez-soldevilla-gaizka-y-garcia-varela-pablo-2022","status":"publish","type":"page","link":"https:\/\/www.arovite.com\/en\/fernandez-soldevilla-gaizka-y-garcia-varela-pablo-2022\/","title":{"rendered":"FERN\u00c1NDEZ SOLDEVILLA, Gaizka y GARC\u00cdA VARELA, Pablo (2022)"},"content":{"rendered":"<div class=\"wpb-content-wrapper\"><p>[vc_row][vc_column width=&#8221;1\/1&#8243;][vc_column_text][vc_empty_space height=&#8221;20&#8243;]<br \/>\n<strong>Referencia bibliogr\u00e1fica<\/strong><br \/>\nFERN\u00c1NDEZ SOLDEVILLA, Gaizka y GARC\u00cdA VARELA, Pablo (2022): \u00abEl asesinato de Carrero Blanco. Historia, teor\u00edas conspirativas y ficci\u00f3n\u00bb, <em>Araucaria. Revista Iberoamericana de Filosof\u00eda, Pol\u00edtica, Humanidades y Relaciones Internacionales<\/em>, n\u00ba 50, pp. 61-83.<\/p>\n<p><a class=\"button blue  medium \" href=\"https:\/\/dialnet.unirioja.es\/descarga\/articulo\/8571858.pdf\" target=\"_blank\" rel=\"noopener\">Consultar PDF<\/a>[vc_empty_space height=&#8221;10&#8243;]<br \/>\n<strong>Resumen<\/strong><br \/>\nEl 20 de diciembre de 1973 un atentado de ETA acab\u00f3 con las vidas del presidente del Gobierno franquista, su ch\u00f3fer y su escolta. Tuvo importantes consecuencias tanto para la dictadura como para la banda terrorista. Bas\u00e1ndose en las fuentes disponibles, los historiadores han elaborado un relato bastante veros\u00edmil de los acontecimientos. Sin embargo, el hecho de que ETA hubiese logrado asesinar a una figura tan prominente, algunos cabos sueltos en la investigaci\u00f3n policial y la ausencia de una sentencia dieron pie a todo tipo de especulaciones. Adem\u00e1s, el caso de Carrero Blanco ha inspirado narraciones de calidad desigual. En este trabajo examinamos la interrelaci\u00f3n entre historia, teor\u00edas de la conspiraci\u00f3n y ficci\u00f3n alrededor del atentado. [vc_empty_space height=&#8221;10&#8243;]<br \/>\n<strong>Abstract<\/strong><br \/>\nOn 20 December 1973, an attack by ETA put an end to the lives of Franco&#8217;s head of government, his chauffeur and his bodyguard. This had important consequences for both the dictatorship and the terrorist group. Based on the existing sources, historians have developed a fairly credible account of the events. Nevertheless, the fact that ETA had managed to assassinate such a prominent politician, combined with some loose ends in the police investigation and the absence of a sentence gave rise to all kinds of speculation. Furthermore, the case of Carrero Blanco has inspired narratives of uneven quality. In this paper we examine the interrelationship between history, conspiracy theories and fiction surrounding the attack. [vc_empty_space height=&#8221;10&#8243;]<br \/>\n<strong>Autor<\/strong><br \/>\nGaizka Fern\u00e1ndez Soldevilla. <a title=\"Dialnet\" href=\"https:\/\/dialnet.unirioja.es\/servlet\/autor?codigo=2407724\" target=\"_blank\" rel=\"noopener\">P\u00e1gina del autor en Dialnet.<\/a><br \/>\nPablo Garc\u00eda Varela. <a title=\"Dialnet\" href=\"https:\/\/dialnet.unirioja.es\/servlet\/autor?codigo=5014097\" target=\"_blank\" rel=\"noopener\">P\u00e1gina del autor en Dialnet.<\/a><br \/>\n[vc_empty_space height=&#8221;10&#8243;]<br \/>\n<strong>Tipo de documento<\/strong><br \/>\nArt\u00edculo<br \/>\n[vc_empty_space height=&#8221;10&#8243;]<br \/>\n[\/vc_column_text][\/vc_column][\/vc_row]<\/p>\n<\/div>","protected":false},"excerpt":{"rendered":"<p>[vc_row][vc_column width=&#8221;1\/1&#8243;][vc_column_text][vc_empty_space height=&#8221;20&#8243;] Referencia bibliogr\u00e1fica FERN\u00c1NDEZ SOLDEVILLA, Gaizka y GARC\u00cdA VARELA, Pablo (2022): \u00abEl asesinato de Carrero Blanco. Historia, teor\u00edas conspirativas y ficci\u00f3n\u00bb, Araucaria. Revista Iberoamericana de Filosof\u00eda, Pol\u00edtica, Humanidades&hellip;<\/p>\n","protected":false},"author":1,"featured_media":0,"parent":0,"menu_order":0,"comment_status":"closed","ping_status":"closed","template":"","meta":{"om_disable_all_campaigns":false,"_monsterinsights_skip_tracking":false,"_monsterinsights_sitenote_active":false,"_monsterinsights_sitenote_note":"","_monsterinsights_sitenote_category":0,"_uf_show_specific_survey":0,"_uf_disable_surveys":false,"_vp_format_video_url":"","_vp_image_focal_point":[],"_vp_custom_popup_image":0,"_vp_format_audio_url":"","_vp_custom_thumbnail":0,"_vp_custom_thumbnail_focal_point":[],"_vp_hover_thumbnail":0,"_vp_hover_thumbnail_focal_point":[],"footnotes":""},"class_list":["post-17160","page","type-page","status-publish","hentry"],"aioseo_notices":[],"_links":{"self":[{"href":"https:\/\/www.arovite.com\/en\/wp-json\/wp\/v2\/pages\/17160","targetHints":{"allow":["GET"]}}],"collection":[{"href":"https:\/\/www.arovite.com\/en\/wp-json\/wp\/v2\/pages"}],"about":[{"href":"https:\/\/www.arovite.com\/en\/wp-json\/wp\/v2\/types\/page"}],"author":[{"embeddable":true,"href":"https:\/\/www.arovite.com\/en\/wp-json\/wp\/v2\/users\/1"}],"replies":[{"embeddable":true,"href":"https:\/\/www.arovite.com\/en\/wp-json\/wp\/v2\/comments?post=17160"}],"version-history":[{"count":2,"href":"https:\/\/www.arovite.com\/en\/wp-json\/wp\/v2\/pages\/17160\/revisions"}],"predecessor-version":[{"id":17602,"href":"https:\/\/www.arovite.com\/en\/wp-json\/wp\/v2\/pages\/17160\/revisions\/17602"}],"wp:attachment":[{"href":"https:\/\/www.arovite.com\/en\/wp-json\/wp\/v2\/media?parent=17160"}],"curies":[{"name":"wp","href":"https:\/\/api.w.org\/{rel}","templated":true}]}}