{"id":17133,"date":"2023-02-17T13:23:34","date_gmt":"2023-02-17T13:23:34","guid":{"rendered":"https:\/\/www.arovite.com\/?page_id=17133"},"modified":"2023-02-17T13:23:34","modified_gmt":"2023-02-17T13:23:34","slug":"eser-patrick-2019","status":"publish","type":"page","link":"https:\/\/www.arovite.com\/en\/eser-patrick-2019\/","title":{"rendered":"ESER, Patrick (2019)"},"content":{"rendered":"<div class=\"wpb-content-wrapper\"><p>[vc_row][vc_column width=&#8221;1\/1&#8243;][vc_column_text][vc_empty_space height=&#8221;20&#8243;]<br \/>\n <strong>Referencia bibliogr\u00e1fica<\/strong><br \/>\nESER, Patrick (2019): \u00abNarrativas del despu\u00e9s. El \u201cboom de la memoria\u201d y las imaginaciones culturales del pasado violento en el escenario del pos-conflicto vasco\u00bb, <em>Olivar: revista de literatura y cultura espa\u00f1olas<\/em>, vol. 19, n\u00ba 30.<\/p>\n<p><a class=\"button blue medium \" href=\"https:\/\/www.olivar.fahce.unlp.edu.ar\/article\/view\/OLIe059\/12406\" target=\"_blank\" rel=\"noopener\">Consultar PDF<\/a>[vc_empty_space height=&#8221;10&#8243;]<br \/>\n<strong>Resumen<\/strong><br \/>\nEste dossier tematiza las miradas al pasado violento vasco tal como las plasman las contempor\u00e1neas narrativas literarias y cinematogr\u00e1ficas. \u00bfCon cuales figuraciones, narrativas e imaginaciones se realiza este enfrentamiento literario y audiovisual con el pasado violento? \u00bfQu\u00e9 debates y qu\u00e9 procesos de recepci\u00f3n podemos observar? \u00bfC\u00f3mo abordan estas narraciones e imaginaciones hist\u00f3ricas la violencia y c\u00f3mo la integran en la narraci\u00f3n de la naci\u00f3n, creando nuevas ofertas para la identificaci\u00f3n colectiva? [vc_empty_space height=&#8221;10&#8243;]<br \/>\n<strong>Autor<\/strong><br \/>\nPatrick Eser. <a title=\"Dialnet\" href=\"https:\/\/dialnet.unirioja.es\/servlet\/autor?codigo=2483393\" target=\"_blank\" rel=\"noopener\">P\u00e1gina del autor en Dialnet.<\/a><br \/>\n[vc_empty_space height=&#8221;10&#8243;]<br \/>\n<strong>Tipo de documento<\/strong><br \/>\nArt\u00edculo<br \/>\n[vc_empty_space height=&#8221;10&#8243;]<br \/>\n[\/vc_column_text][\/vc_column][\/vc_row]<\/p>\n<\/div>","protected":false},"excerpt":{"rendered":"<p>[vc_row][vc_column width=&#8221;1\/1&#8243;][vc_column_text][vc_empty_space height=&#8221;20&#8243;] Referencia bibliogr\u00e1fica ESER, Patrick (2019): \u00abNarrativas del despu\u00e9s. El \u201cboom de la memoria\u201d y las imaginaciones culturales del pasado violento en el escenario del pos-conflicto vasco\u00bb, Olivar:&hellip;<\/p>\n","protected":false},"author":1,"featured_media":0,"parent":0,"menu_order":0,"comment_status":"closed","ping_status":"closed","template":"","meta":{"om_disable_all_campaigns":false,"_monsterinsights_skip_tracking":false,"_monsterinsights_sitenote_active":false,"_monsterinsights_sitenote_note":"","_monsterinsights_sitenote_category":0,"_uf_show_specific_survey":0,"_uf_disable_surveys":false,"_vp_format_video_url":"","_vp_image_focal_point":[],"_vp_custom_popup_image":0,"_vp_format_audio_url":"","_vp_custom_thumbnail":0,"_vp_custom_thumbnail_focal_point":[],"_vp_hover_thumbnail":0,"_vp_hover_thumbnail_focal_point":[],"footnotes":""},"class_list":["post-17133","page","type-page","status-publish","hentry"],"aioseo_notices":[],"_links":{"self":[{"href":"https:\/\/www.arovite.com\/en\/wp-json\/wp\/v2\/pages\/17133","targetHints":{"allow":["GET"]}}],"collection":[{"href":"https:\/\/www.arovite.com\/en\/wp-json\/wp\/v2\/pages"}],"about":[{"href":"https:\/\/www.arovite.com\/en\/wp-json\/wp\/v2\/types\/page"}],"author":[{"embeddable":true,"href":"https:\/\/www.arovite.com\/en\/wp-json\/wp\/v2\/users\/1"}],"replies":[{"embeddable":true,"href":"https:\/\/www.arovite.com\/en\/wp-json\/wp\/v2\/comments?post=17133"}],"version-history":[{"count":1,"href":"https:\/\/www.arovite.com\/en\/wp-json\/wp\/v2\/pages\/17133\/revisions"}],"predecessor-version":[{"id":17135,"href":"https:\/\/www.arovite.com\/en\/wp-json\/wp\/v2\/pages\/17133\/revisions\/17135"}],"wp:attachment":[{"href":"https:\/\/www.arovite.com\/en\/wp-json\/wp\/v2\/media?parent=17133"}],"curies":[{"name":"wp","href":"https:\/\/api.w.org\/{rel}","templated":true}]}}