{"id":17111,"date":"2023-02-17T12:42:40","date_gmt":"2023-02-17T12:42:40","guid":{"rendered":"https:\/\/www.arovite.com\/?page_id=17111"},"modified":"2023-02-17T12:42:40","modified_gmt":"2023-02-17T12:42:40","slug":"cullen-nial-2022","status":"publish","type":"page","link":"https:\/\/www.arovite.com\/en\/cullen-nial-2022\/","title":{"rendered":"CULLEN, Nial (2022)"},"content":{"rendered":"<div class=\"wpb-content-wrapper\"><p>[vc_row][vc_column width=&#8221;1\/1&#8243;][vc_column_text][vc_empty_space height=&#8221;20&#8243;]<br \/>\n <strong>Referencia bibliogr\u00e1fica<\/strong><br \/>\nCULLEN, Nial (2022): \u00ab\u201cNo Time for Love\u201d: Radical Basque Nationalist-Irish Republican Relations and the Emergence of a Shared Political Culture (1981\u201398)\u00bb, <em>Araucaria: Revista Iberoamericana de Filosof\u00eda, Pol\u00edtica, Humanidades y Relaciones Internacionales<\/em>, n\u00ba 50, pp. 229-253.<\/p>\n<p><a class=\"button blue medium \" href=\"https:\/\/dialnet.unirioja.es\/descarga\/articulo\/8571865.pdf\" target=\"_blank\" rel=\"noopener\">Consultar PDF<\/a>[vc_empty_space height=&#8221;10&#8243;]<br \/>\n<strong>Resumen<\/strong><br \/>\nTras la muerte de diez republicanos irlandeses en huelga de hambre en 1981, nacionalistas vascos radicales y republicanos irlandeses de la izquierda <em>abertzale<\/em> y del movimiento republicano irland\u00e9s respectivamente, empezaron a estrechar cada vez m\u00e1s, lazos de \u201csolidaridad\u201d transnacional. Adem\u00e1s de la relaci\u00f3n entre Herri Batasuna y Sinn F\u00e9in, otros v\u00ednculos organizativos m\u00e1s <em>ad hoc<\/em> en los \u00e1mbitos, por ejemplo, de la juventud, defensa de los presos y la lengua, fomentaron una cultura pol\u00edtica compartida en la intersecci\u00f3n de ambos movimientos, que se reflejaba peri\u00f3dicamente a trav\u00e9s del prisma de la expresi\u00f3n cultural (m\u00fasica, arte pol\u00edtico [murales], literatura, medios audiovisuales). Utilizando una amplia gama de fuentes primarias, este art\u00edculo explora y analiza, por primera vez, el surgimiento y desarrollo de este nexo transnacional, desde las huelgas de hambre de 1981 hasta la firma del Acuerdo de Viernes Santo en 1998. [vc_empty_space height=&#8221;10&#8243;]<br \/>\n<strong>Abstract<\/strong><br \/>\nFollowing the deaths of ten Irish republican hunger strikers in 1981, radical Basque nationalists and Irish republicans of the Basque <em>izquierda abertzale<\/em> (\u2018patriotic left\u2019) and Irish republican movement respectively, began to develop ever closer ties of transnational \u201csolidarity\u201d. In addition to the relationship between Herri Batasuna and Sinn F\u00e9in, more <em>ad hoc<\/em> organisational links in areas such as youth, prisoner, and language advocacy, fostered a shared political culture at the intersection of both movements, which was periodically reflected through the prism of cultural expression (e.g., music, political art [murals], literature, audiovisual media). Utilising a wide array of primary sources, this article explores and analyses the emergence and development of this transnational nexus, from the hunger strikes of 1981 to the signing of the Good Friday Agreement in 1998. [vc_empty_space height=&#8221;10&#8243;]<br \/>\n<strong>Autor<\/strong><br \/>\nNial Cullen. <a title=\"Dialnet\" href=\"https:\/\/dialnet.unirioja.es\/servlet\/autor?codigo=5299581\" target=\"_blank\" rel=\"noopener\">P\u00e1gina del autor en Dialnet.<\/a><br \/>\n [vc_empty_space height=&#8221;10&#8243;]<br \/>\n<strong>Tipo de documento<\/strong><br \/>\nArt\u00edculo<br \/>\n[vc_empty_space height=&#8221;10&#8243;]<br \/>\n[\/vc_column_text][\/vc_column][\/vc_row] <\/p>\n<\/div>","protected":false},"excerpt":{"rendered":"<p>[vc_row][vc_column width=&#8221;1\/1&#8243;][vc_column_text][vc_empty_space height=&#8221;20&#8243;] Referencia bibliogr\u00e1fica CULLEN, Nial (2022): \u00ab\u201cNo Time for Love\u201d: Radical Basque Nationalist-Irish Republican Relations and the Emergence of a Shared Political Culture (1981\u201398)\u00bb, Araucaria: Revista Iberoamericana de&hellip;<\/p>\n","protected":false},"author":1,"featured_media":0,"parent":0,"menu_order":0,"comment_status":"closed","ping_status":"closed","template":"","meta":{"om_disable_all_campaigns":false,"_monsterinsights_skip_tracking":false,"_monsterinsights_sitenote_active":false,"_monsterinsights_sitenote_note":"","_monsterinsights_sitenote_category":0,"_uf_show_specific_survey":0,"_uf_disable_surveys":false,"_vp_format_video_url":"","_vp_image_focal_point":[],"_vp_custom_popup_image":0,"_vp_format_audio_url":"","_vp_custom_thumbnail":0,"_vp_custom_thumbnail_focal_point":[],"_vp_hover_thumbnail":0,"_vp_hover_thumbnail_focal_point":[],"footnotes":""},"class_list":["post-17111","page","type-page","status-publish","hentry"],"aioseo_notices":[],"_links":{"self":[{"href":"https:\/\/www.arovite.com\/en\/wp-json\/wp\/v2\/pages\/17111","targetHints":{"allow":["GET"]}}],"collection":[{"href":"https:\/\/www.arovite.com\/en\/wp-json\/wp\/v2\/pages"}],"about":[{"href":"https:\/\/www.arovite.com\/en\/wp-json\/wp\/v2\/types\/page"}],"author":[{"embeddable":true,"href":"https:\/\/www.arovite.com\/en\/wp-json\/wp\/v2\/users\/1"}],"replies":[{"embeddable":true,"href":"https:\/\/www.arovite.com\/en\/wp-json\/wp\/v2\/comments?post=17111"}],"version-history":[{"count":1,"href":"https:\/\/www.arovite.com\/en\/wp-json\/wp\/v2\/pages\/17111\/revisions"}],"predecessor-version":[{"id":17113,"href":"https:\/\/www.arovite.com\/en\/wp-json\/wp\/v2\/pages\/17111\/revisions\/17113"}],"wp:attachment":[{"href":"https:\/\/www.arovite.com\/en\/wp-json\/wp\/v2\/media?parent=17111"}],"curies":[{"name":"wp","href":"https:\/\/api.w.org\/{rel}","templated":true}]}}