{"id":12569,"date":"2021-01-08T08:56:00","date_gmt":"2021-01-08T08:56:00","guid":{"rendered":"https:\/\/www.arovite.com\/fernandez-soldevilla-gaizka-y-aguilar-gutierrez-manuel-2019\/"},"modified":"2021-01-08T08:57:16","modified_gmt":"2021-01-08T08:57:16","slug":"fernandez-soldevilla-gaizka-y-aguilar-gutierrez-manuel-2019","status":"publish","type":"page","link":"https:\/\/www.arovite.com\/en\/fernandez-soldevilla-gaizka-y-aguilar-gutierrez-manuel-2019\/","title":{"rendered":"FERN\u00c1NDEZ SOLDEVILLA, Gaizka y AGUILAR GUTI\u00c9RREZ, Manuel (2019)"},"content":{"rendered":"<div class=\"wpb-content-wrapper\"><p>[vc_row][vc_column width=&#8221;1\/1&#8243;][vc_column_text][vc_empty_space height=&#8221;20&#8243;]<br \/>\n<strong>Referencia bibliogr\u00e1fica<\/strong><br \/>\nFERN\u00c1NDEZ SOLDEVILLA, Gaizka y AGUILAR GUTI\u00c9RREZ, Manuel (2019): \u00abMuerte en Amara. La violencia del DRIL a la luz de Bego\u00f1a Urroz\u00bb, <em>Informe del Centro Memorial de las V\u00edctimas del Terrorismo<\/em>, n\u00ba 6.<\/p>\n<p><a class=\"button blue medium \" href=\"http:\/\/www.memorialvt.com\/wp-content\/uploads\/2019\/06\/Informe06.pdf\" target=\"_blank\" rel=\"noopener\">Consultar PDF<\/a><br \/>\n[vc_empty_space height=&#8221;10&#8243;]<br \/>\n<strong>Resumen<\/strong><br \/>\nEntre el 26 y el 29 de junio de 1960 el norte de Espa\u00f1a sufri\u00f3 una cadena de explosiones. El 27 una bomba estall\u00f3 en la estaci\u00f3n de tren de Amara (San Sebasti\u00e1n), hiriendo a la ni\u00f1a Bego\u00f1a Urroz, que falleci\u00f3 al d\u00eda siguiente. Desde hace unos a\u00f1os, ha sido habitual que se atribuyese aquella muerte a ETA. Por ese motivo la Ley 29\/2011, de 22 de septiembre, estableci\u00f3 el 27 de junio como d\u00eda de recuerdo y homenaje a las v\u00edctimas del terrorismo. Ahora bien, el presente trabajo demuestra documentalmente que la responsabilidad de los atentados de 1960 no recae en ETA, sino en el DRIL: un grupo hispanoluso antifranquista y antisalazarista que unos meses antes ya hab\u00eda colocado artefactos explosivos en Madrid y que ser\u00eda conocido internacionalmente cuando secuestr\u00f3 el trasatl\u00e1ntico portugu\u00e9s Santa Mar\u00eda en enero de 1961. All\u00ed caus\u00f3 su segunda v\u00edctima mortal, Jo\u00e3o Jos\u00e9 do Nascimento Costa.<br \/>\n[vc_empty_space height=&#8221;10&#8243;]<br \/>\n<strong>Laburpena<\/strong><br \/>\n1960ko ekainaren 26a eta 29a bitartean, Espainiako iparraldeak leherketa kate bat jasan zuen. 27an bonba batek Amarako tren-geltokian (Donostia) eztanda egin, eta Bego\u00f1a Urroz haurra zauritu zuen. Hurrengo egunean hil zen. Duela zenbait urtetik, ohikoa izan da heriotza hura ETAri leporatzea. Hori dela eta, irailaren 22ko 29\/2011 Legeak ekainaren 27a ezarri zuen terrorismoko biktimen oroimen eta omenaldi gisa. Dena dela, honako lan honek dokumentuen bidez frogatzen du 1960ko atentatuen erantzukizuna ez dagokiola ETAri, DRILi baizik: talde hispaniar-lusitaniar antifrankista eta antisalazarista bat zen, hilabete batzuk lehenago Madrilen dagoeneko lehergailuak jarri zituena eta 1961eko urtarrilean, Santa Mar\u00eda transatlantiko portugaldarra bahitu zuenean, nazioarte mailan ezaguna egin zena. Han eragin zuen bere bigarren biktima mortala, Jo\u00e3o Jos\u00e9 do Nascimento Costa.<br \/>\n[vc_empty_space height=&#8221;10&#8243;]<br \/>\n<strong>Autor<\/strong><br \/>\nGaizka Fern\u00e1ndez Soldevilla. <a title=\"Dialnet\" href=\"https:\/\/dialnet.unirioja.es\/servlet\/autor?codigo=2407724\" target=\"_blank\" rel=\"noopener\">P\u00e1gina del autor en Dialnet.<\/a><br \/>\nManuel Aguilar Guti\u00e9rrez. <a title=\"Dialnet\" href=\"https:\/\/dialnet.unirioja.es\/servlet\/autor?codigo=775308\" target=\"_blank\" rel=\"noopener\">P\u00e1gina del autor en Dialnet.<\/a><br \/>\n[vc_empty_space height=&#8221;10&#8243;]<br \/>\n<strong>Tipo de documento<\/strong><br \/>\nInforme<br \/>\n[vc_empty_space height=&#8221;10&#8243;]<br \/>\n[\/vc_column_text][\/vc_column][\/vc_row]<\/p>\n<\/div>","protected":false},"excerpt":{"rendered":"<p>[vc_row][vc_column width=&#8221;1\/1&#8243;][vc_column_text][vc_empty_space height=&#8221;20&#8243;] Referencia bibliogr\u00e1fica FERN\u00c1NDEZ SOLDEVILLA, Gaizka y AGUILAR GUTI\u00c9RREZ, Manuel (2019): \u00abMuerte en Amara. La violencia del DRIL a la luz de Bego\u00f1a Urroz\u00bb, Informe del Centro Memorial&hellip;<\/p>\n","protected":false},"author":1,"featured_media":0,"parent":0,"menu_order":0,"comment_status":"closed","ping_status":"closed","template":"","meta":{"om_disable_all_campaigns":false,"_monsterinsights_skip_tracking":false,"_monsterinsights_sitenote_active":false,"_monsterinsights_sitenote_note":"","_monsterinsights_sitenote_category":0,"_uf_show_specific_survey":0,"_uf_disable_surveys":false,"_vp_format_video_url":"","_vp_image_focal_point":[],"_vp_custom_popup_image":0,"_vp_format_audio_url":"","_vp_custom_thumbnail":0,"_vp_custom_thumbnail_focal_point":[],"_vp_hover_thumbnail":0,"_vp_hover_thumbnail_focal_point":[],"footnotes":""},"class_list":["post-12569","page","type-page","status-publish","hentry"],"aioseo_notices":[],"_links":{"self":[{"href":"https:\/\/www.arovite.com\/en\/wp-json\/wp\/v2\/pages\/12569","targetHints":{"allow":["GET"]}}],"collection":[{"href":"https:\/\/www.arovite.com\/en\/wp-json\/wp\/v2\/pages"}],"about":[{"href":"https:\/\/www.arovite.com\/en\/wp-json\/wp\/v2\/types\/page"}],"author":[{"embeddable":true,"href":"https:\/\/www.arovite.com\/en\/wp-json\/wp\/v2\/users\/1"}],"replies":[{"embeddable":true,"href":"https:\/\/www.arovite.com\/en\/wp-json\/wp\/v2\/comments?post=12569"}],"version-history":[{"count":2,"href":"https:\/\/www.arovite.com\/en\/wp-json\/wp\/v2\/pages\/12569\/revisions"}],"predecessor-version":[{"id":12574,"href":"https:\/\/www.arovite.com\/en\/wp-json\/wp\/v2\/pages\/12569\/revisions\/12574"}],"wp:attachment":[{"href":"https:\/\/www.arovite.com\/en\/wp-json\/wp\/v2\/media?parent=12569"}],"curies":[{"name":"wp","href":"https:\/\/api.w.org\/{rel}","templated":true}]}}