{"id":12543,"date":"2021-01-08T08:48:57","date_gmt":"2021-01-08T08:48:57","guid":{"rendered":"https:\/\/www.arovite.com\/lorenzo-arza-mikel-2020\/"},"modified":"2021-01-08T08:49:03","modified_gmt":"2021-01-08T08:49:03","slug":"lorenzo-arza-mikel-2020","status":"publish","type":"page","link":"https:\/\/www.arovite.com\/en\/lorenzo-arza-mikel-2020\/","title":{"rendered":"LORENZO ARZA, Mikel (2020)"},"content":{"rendered":"<div class=\"wpb-content-wrapper\"><p>[vc_row][vc_column width=&#8221;1\/1&#8243;][vc_column_text][vc_empty_space height=&#8221;20&#8243;]<br \/>\n<strong>Referencia bibliogr\u00e1fica<\/strong><br \/>\nLORENZO ARZA, Mikel (2020): \u00abLa narrativa del conflicto vasco en Patria (2016)\u00bb, <em>Sancho el Sabio<\/em>, n\u00ba 43, pp. 96-114. <\/p>\n<p><a class=\"button blue medium \" href=\"https:\/\/dialnet.unirioja.es\/servlet\/articulo?codigo=7669332\" target=\"_blank\" rel=\"noopener\">Consultar PDF<\/a>[vc_empty_space height=&#8221;10&#8243;]<br \/>\n<strong>Resumen<\/strong><br \/>\nLa tradici\u00f3n pol\u00edtica del nacionalismo se sustenta sobre la narrativa de un conflicto seg\u00fan el cual los espa\u00f1oles han oprimido a los vascos durante siglos. Patria (2016) deslegitima esta narrativa del conflicto y propone la asunci\u00f3n de una \u00e9tica neoliberal que rescate a los ciudadanos vascos de la ceguera nacionalista. Al demonizar el nacionalismo vasco, los \u201cno nacionalistas\u201d son representados como individuos libres que resisten al discurso del nacionalismo vasco y a su burda manipulaci\u00f3n de la Historia.<br \/>\n[vc_empty_space height=&#8221;10&#8243;]<br \/>\n<strong>Abstract<\/strong><br \/>\nThe political tradition of Basque Nationalism is based on the narrative of a conflict according to which the Spaniards have oppressed the Basques for centuries. Patria (2016) discredits this narrative of the conflict and proposes the assumption of a neoliberal ethic that rescues the freedom of Basque citizens from nationalist blindness. By demonizing the Basque nationalism, the \u201cnon-nationalist Basques\u201d are depicted as free individuals who resist the Basque nationalist discourse and its gross manipulation of History.<br \/>\n[vc_empty_space height=&#8221;10&#8243;]<br \/>\n<strong>Laburpena<\/strong><br \/>\nNazionalismoaren tradizio politikoa gatazka baten narratiban oinarritzen da, zeinaren arabera espainiarrek mendeetan zehar zapaldu dituzten euskaldunak. Patria (2016) lanak gatazkaren narratiba hori deslegitimatzen du, eta bakoitzak etika neoliberal bat bere gain hartzea proposatzen du euskal herritarrak itsukeria nazionalista horretatik erreskatatzeko. Euskal nazionalismoa demonizatzean, gizabanako libre gisa irudikatzen dira &#8220;ez-nazionalistak&#8221;, eusko nazionalismoaren eta Historiari buruz egiten duen manipulazio baldarrari aurka egiten diotenak.<br \/>\n[vc_empty_space height=&#8221;10&#8243;]<br \/>\n<strong>Autor<\/strong><br \/>\nMikel Lorenzo Arza. <a title=\"Dialnet\" href=\"https:\/\/dialnet.unirioja.es\/servlet\/autor?codigo=3142684\" target=\"_blank\" rel=\"noopener\">P\u00e1gina del autor en Dialnet.<\/a><br \/>\n[vc_empty_space height=&#8221;10&#8243;]<br \/>\n<strong>Tipo de documento<\/strong><br \/>\nArt\u00edculo<br \/>\n[vc_empty_space height=&#8221;10&#8243;]<br \/>\n[\/vc_column_text][\/vc_column][\/vc_row]<\/p>\n<\/div>","protected":false},"excerpt":{"rendered":"<p>[vc_row][vc_column width=&#8221;1\/1&#8243;][vc_column_text][vc_empty_space height=&#8221;20&#8243;] Referencia bibliogr\u00e1fica LORENZO ARZA, Mikel (2020): \u00abLa narrativa del conflicto vasco en Patria (2016)\u00bb, Sancho el Sabio, n\u00ba 43, pp. 96-114. Consultar PDF[vc_empty_space height=&#8221;10&#8243;] Resumen La tradici\u00f3n&hellip;<\/p>\n","protected":false},"author":1,"featured_media":0,"parent":0,"menu_order":0,"comment_status":"closed","ping_status":"closed","template":"","meta":{"om_disable_all_campaigns":false,"_monsterinsights_skip_tracking":false,"_monsterinsights_sitenote_active":false,"_monsterinsights_sitenote_note":"","_monsterinsights_sitenote_category":0,"_uf_show_specific_survey":0,"_uf_disable_surveys":false,"_vp_format_video_url":"","_vp_image_focal_point":[],"_vp_custom_popup_image":0,"_vp_format_audio_url":"","_vp_custom_thumbnail":0,"_vp_custom_thumbnail_focal_point":[],"_vp_hover_thumbnail":0,"_vp_hover_thumbnail_focal_point":[],"footnotes":""},"class_list":["post-12543","page","type-page","status-publish","hentry"],"aioseo_notices":[],"_links":{"self":[{"href":"https:\/\/www.arovite.com\/en\/wp-json\/wp\/v2\/pages\/12543","targetHints":{"allow":["GET"]}}],"collection":[{"href":"https:\/\/www.arovite.com\/en\/wp-json\/wp\/v2\/pages"}],"about":[{"href":"https:\/\/www.arovite.com\/en\/wp-json\/wp\/v2\/types\/page"}],"author":[{"embeddable":true,"href":"https:\/\/www.arovite.com\/en\/wp-json\/wp\/v2\/users\/1"}],"replies":[{"embeddable":true,"href":"https:\/\/www.arovite.com\/en\/wp-json\/wp\/v2\/comments?post=12543"}],"version-history":[{"count":1,"href":"https:\/\/www.arovite.com\/en\/wp-json\/wp\/v2\/pages\/12543\/revisions"}],"predecessor-version":[{"id":12545,"href":"https:\/\/www.arovite.com\/en\/wp-json\/wp\/v2\/pages\/12543\/revisions\/12545"}],"wp:attachment":[{"href":"https:\/\/www.arovite.com\/en\/wp-json\/wp\/v2\/media?parent=12543"}],"curies":[{"name":"wp","href":"https:\/\/api.w.org\/{rel}","templated":true}]}}