{"id":12537,"date":"2021-01-08T08:47:48","date_gmt":"2021-01-08T08:47:48","guid":{"rendered":"https:\/\/www.arovite.com\/rivas-venegas-miguel-2020\/"},"modified":"2021-01-08T08:47:56","modified_gmt":"2021-01-08T08:47:56","slug":"rivas-venegas-miguel-2020","status":"publish","type":"page","link":"https:\/\/www.arovite.com\/en\/rivas-venegas-miguel-2020\/","title":{"rendered":"RIVAS VENEGAS, Miguel (2020)"},"content":{"rendered":"<div class=\"wpb-content-wrapper\"><p>[vc_row][vc_column width=&#8221;1\/1&#8243;][vc_column_text][vc_empty_space height=&#8221;20&#8243;]<br \/>\n<strong>Referencia bibliogr\u00e1fica<\/strong><br \/>\nRIVAS VENEGAS, Miguel (2020): \u00abGure semiosfera: ret\u00f3rica y missainescena de la izquierda abertzale contempor\u00e1nea\u00bb, <em>Sancho el Sabio<\/em>, n\u00ba 43, pp. 115-142.<\/p>\n<p><a class=\"button blue medium \" href=\"https:\/\/dialnet.unirioja.es\/servlet\/articulo?codigo=7669335\" target=\"_blank\" rel=\"noopener\">Consultar PDF<\/a>[vc_empty_space height=&#8221;10&#8243;]<br \/>\n<strong>Resumen<\/strong><br \/>\nEl maridaje particular entre la exaltaci\u00f3n de una tradici\u00f3n sublimada, en combinaci\u00f3n con la defensa efectiva de un programa pol\u00edtico claramente progresista, hace de los ezker abertzaleak uno de los movimientos pol\u00edticos contempor\u00e1neos m\u00e1s singulares. El presente art\u00edculo tratar\u00e1 de aproximarse a las estrategias de auto-representaci\u00f3n de la izquierda vasca a trav\u00e9s de sus usos del lenguaje y de sus ejercicios de performance pol\u00edtica de manera simult\u00e1nea. [vc_empty_space height=&#8221;10&#8243;]<br \/>\n<strong>Abstract<\/strong><br \/>\nThe singular mariage between the exaltation of a sublimated tradition, in combination with an effective defence of a clearly progressive political programme, makes of the left-wing Basque nationalist coalition one of the most particular contemporary political movements. The present article will simultaneously analyse the self-representation strategies of the ezker abertzaleak through their language use and political performances.<br \/>\n[vc_empty_space height=&#8221;10&#8243;]<br \/>\n<strong>Laburpena<\/strong><br \/>\nGoretsitako tradizio baten laudorioaren eta argi eta garbi progresista den programa politiko baten defentsa eraginkorraren uztarketak mugimendu politiko garaikide berezienetakoa egiten du guk ezagutzen dugun ezker abertzalea. Euskal ezkerraren auto-irudikapeneko estrategietara hurbiltzen saiatuko da artikulu hau, mugimenduak hizkuntzari ematen dizkion erabileren eta aldi berean egiten dituen performance politikoko jarduketen bidez.<br \/>\n[vc_empty_space height=&#8221;10&#8243;]<br \/>\n<strong>Autor<\/strong><br \/>\nMiguel Rivas Venegas. <a title=\"Dialnet\" href=\"https:\/\/dialnet.unirioja.es\/servlet\/autor?codigo=4501787\" target=\"_blank\" rel=\"noopener\">P\u00e1gina del autor en Dialnet.<\/a><br \/>\n[vc_empty_space height=&#8221;10&#8243;]<br \/>\n<strong>Tipo de documento<\/strong><br \/>\nArt\u00edculo<br \/>\n[vc_empty_space height=&#8221;10&#8243;]<br \/>\n[\/vc_column_text][\/vc_column][\/vc_row]<\/p>\n<\/div>","protected":false},"excerpt":{"rendered":"<p>[vc_row][vc_column width=&#8221;1\/1&#8243;][vc_column_text][vc_empty_space height=&#8221;20&#8243;] Referencia bibliogr\u00e1fica RIVAS VENEGAS, Miguel (2020): \u00abGure semiosfera: ret\u00f3rica y missainescena de la izquierda abertzale contempor\u00e1nea\u00bb, Sancho el Sabio, n\u00ba 43, pp. 115-142. Consultar PDF[vc_empty_space height=&#8221;10&#8243;] Resumen&hellip;<\/p>\n","protected":false},"author":1,"featured_media":0,"parent":0,"menu_order":0,"comment_status":"closed","ping_status":"closed","template":"","meta":{"om_disable_all_campaigns":false,"_monsterinsights_skip_tracking":false,"_monsterinsights_sitenote_active":false,"_monsterinsights_sitenote_note":"","_monsterinsights_sitenote_category":0,"_uf_show_specific_survey":0,"_uf_disable_surveys":false,"_vp_format_video_url":"","_vp_image_focal_point":[],"_vp_custom_popup_image":0,"_vp_format_audio_url":"","_vp_custom_thumbnail":0,"_vp_custom_thumbnail_focal_point":[],"_vp_hover_thumbnail":0,"_vp_hover_thumbnail_focal_point":[],"footnotes":""},"class_list":["post-12537","page","type-page","status-publish","hentry"],"aioseo_notices":[],"_links":{"self":[{"href":"https:\/\/www.arovite.com\/en\/wp-json\/wp\/v2\/pages\/12537","targetHints":{"allow":["GET"]}}],"collection":[{"href":"https:\/\/www.arovite.com\/en\/wp-json\/wp\/v2\/pages"}],"about":[{"href":"https:\/\/www.arovite.com\/en\/wp-json\/wp\/v2\/types\/page"}],"author":[{"embeddable":true,"href":"https:\/\/www.arovite.com\/en\/wp-json\/wp\/v2\/users\/1"}],"replies":[{"embeddable":true,"href":"https:\/\/www.arovite.com\/en\/wp-json\/wp\/v2\/comments?post=12537"}],"version-history":[{"count":1,"href":"https:\/\/www.arovite.com\/en\/wp-json\/wp\/v2\/pages\/12537\/revisions"}],"predecessor-version":[{"id":12539,"href":"https:\/\/www.arovite.com\/en\/wp-json\/wp\/v2\/pages\/12537\/revisions\/12539"}],"wp:attachment":[{"href":"https:\/\/www.arovite.com\/en\/wp-json\/wp\/v2\/media?parent=12537"}],"curies":[{"name":"wp","href":"https:\/\/api.w.org\/{rel}","templated":true}]}}