{"id":12531,"date":"2021-01-08T08:46:42","date_gmt":"2021-01-08T08:46:42","guid":{"rendered":"https:\/\/www.arovite.com\/jimenez-ramos-maria-2020\/"},"modified":"2021-01-08T08:46:49","modified_gmt":"2021-01-08T08:46:49","slug":"jimenez-ramos-maria-2020","status":"publish","type":"page","link":"https:\/\/www.arovite.com\/en\/jimenez-ramos-maria-2020\/","title":{"rendered":"JIM\u00c9NEZ RAMOS, Mar\u00eda (2020)"},"content":{"rendered":"<div class=\"wpb-content-wrapper\"><p>[vc_row][vc_column width=&#8221;1\/1&#8243;][vc_column_text][vc_empty_space height=&#8221;20&#8243;]<br \/>\n<strong>Referencia bibliogr\u00e1fica<\/strong><br \/>\nJIM\u00c9NEZ RAMOS, Mar\u00eda (2020): \u00abLa disidencia emergente de ETA: por qu\u00e9 rebrota la violencia callejera\u00bb, <em>Documento OIET<\/em>, n\u00ba 14.<\/p>\n<p><a class=\"button blue  medium \" href=\"https:\/\/observatorioterrorismo.com\/actividades\/la-disidencia-emergente-de-eta-por-que-rebrota-la-violencia-callejera\/\" target=\"_blank\" rel=\"noopener\">Consultar PDF<\/a>[vc_empty_space height=&#8221;10&#8243;]<br \/>\n<strong>Resumen<\/strong><br \/>\nDesde mediados de mayo, localidades de Navarra y el Pa\u00eds Vasco est\u00e1n siendo escenario de un repunte de la violencia callejera, conocida como <em>kale borroka<\/em> en el contexto del terrorismo de ETA o terrorismo de baja intensidad en \u00e1mbitos acad\u00e9micos. Los actos registrados van desde pintadas o quema de contenedores hasta concentraciones, la mayor\u00eda no autorizadas, y disturbios, huelgas de hambre y caravanas de protesta. Desde el final de la violencia decretado por la organizaci\u00f3n terrorista en 2011 no se observaba un repunte tan acusado de este tipo de actos, que superan el medio centenar en menos de un mes. El motivo, aparentemente, es la huelga de hambre de Francisco Ruiz Romero, un preso de ETA condenado por asesinato e interno de la c\u00e1rcel de Murcia. Detr\u00e1s de la organizaci\u00f3n de las protestas est\u00e1 ATA (Amnistia Ta Askatasuna), hoy la entidad m\u00e1s fuerte de la amalgama de siglas que integran la hasta ahora casi durmiente disidencia de ETA.<br \/>\n[vc_empty_space height=&#8221;10&#8243;]<br \/>\n<strong>Autor<\/strong><br \/>\nMar\u00eda Jim\u00e9nez Ramos. <a title=\"Dialnet\" href=\"https:\/\/dialnet.unirioja.es\/servlet\/autor?codigo=2150839\" target=\"_blank\" rel=\"noopener\">P\u00e1gina del autor en Dialnet.<\/a><br \/>\n[vc_empty_space height=&#8221;10&#8243;]<br \/>\n<strong>Tipo de documento<\/strong><br \/>\nEstudio<br \/>\n[vc_empty_space height=&#8221;10&#8243;]<br \/>\n[\/vc_column_text][\/vc_column][\/vc_row]<\/p>\n<\/div>","protected":false},"excerpt":{"rendered":"<p>[vc_row][vc_column width=&#8221;1\/1&#8243;][vc_column_text][vc_empty_space height=&#8221;20&#8243;] Referencia bibliogr\u00e1fica JIM\u00c9NEZ RAMOS, Mar\u00eda (2020): \u00abLa disidencia emergente de ETA: por qu\u00e9 rebrota la violencia callejera\u00bb, Documento OIET, n\u00ba 14. Consultar PDF[vc_empty_space height=&#8221;10&#8243;] Resumen Desde mediados&hellip;<\/p>\n","protected":false},"author":1,"featured_media":0,"parent":0,"menu_order":0,"comment_status":"closed","ping_status":"closed","template":"","meta":{"om_disable_all_campaigns":false,"_monsterinsights_skip_tracking":false,"_monsterinsights_sitenote_active":false,"_monsterinsights_sitenote_note":"","_monsterinsights_sitenote_category":0,"_uf_show_specific_survey":0,"_uf_disable_surveys":false,"_vp_format_video_url":"","_vp_image_focal_point":[],"_vp_custom_popup_image":0,"_vp_format_audio_url":"","_vp_custom_thumbnail":0,"_vp_custom_thumbnail_focal_point":[],"_vp_hover_thumbnail":0,"_vp_hover_thumbnail_focal_point":[],"footnotes":""},"class_list":["post-12531","page","type-page","status-publish","hentry"],"aioseo_notices":[],"_links":{"self":[{"href":"https:\/\/www.arovite.com\/en\/wp-json\/wp\/v2\/pages\/12531","targetHints":{"allow":["GET"]}}],"collection":[{"href":"https:\/\/www.arovite.com\/en\/wp-json\/wp\/v2\/pages"}],"about":[{"href":"https:\/\/www.arovite.com\/en\/wp-json\/wp\/v2\/types\/page"}],"author":[{"embeddable":true,"href":"https:\/\/www.arovite.com\/en\/wp-json\/wp\/v2\/users\/1"}],"replies":[{"embeddable":true,"href":"https:\/\/www.arovite.com\/en\/wp-json\/wp\/v2\/comments?post=12531"}],"version-history":[{"count":1,"href":"https:\/\/www.arovite.com\/en\/wp-json\/wp\/v2\/pages\/12531\/revisions"}],"predecessor-version":[{"id":12533,"href":"https:\/\/www.arovite.com\/en\/wp-json\/wp\/v2\/pages\/12531\/revisions\/12533"}],"wp:attachment":[{"href":"https:\/\/www.arovite.com\/en\/wp-json\/wp\/v2\/media?parent=12531"}],"curies":[{"name":"wp","href":"https:\/\/api.w.org\/{rel}","templated":true}]}}