{"id":12525,"date":"2021-01-08T08:45:12","date_gmt":"2021-01-08T08:45:12","guid":{"rendered":"https:\/\/www.arovite.com\/bengoetxea-joxerramon-2020\/"},"modified":"2021-01-08T08:45:18","modified_gmt":"2021-01-08T08:45:18","slug":"bengoetxea-joxerramon-2020","status":"publish","type":"page","link":"https:\/\/www.arovite.com\/en\/bengoetxea-joxerramon-2020\/","title":{"rendered":"BENGOETXEA, Joxerramon (2020)"},"content":{"rendered":"<div class=\"wpb-content-wrapper\"><p>[vc_row][vc_column width=&#8221;1\/1&#8243;][vc_column_text][vc_empty_space height=&#8221;20&#8243;]<br \/>\n<strong>Referencia bibliogr\u00e1fica<\/strong><br \/>\nBENGOETXEA, Joxerramon (2020): \u00abThe unique Basque peace process: Linking Basque and European generations for global transitional justice\u00bb, <em>O\u00f1ati socio-legal series<\/em>, n\u00ba 10\/3, pp. 584-615.<\/p>\n<p><a class=\"button blue  medium \" href=\"https:\/\/dialnet.unirioja.es\/servlet\/articulo?codigo=7429275\" target=\"_blank\" rel=\"noopener\">Consultar PDF<\/a>[vc_empty_space height=&#8221;10&#8243;]<br \/>\n<strong>Resumen<\/strong><br \/>\nEl art\u00edculo aborda el reciente proceso de justicia transicional en el Pa\u00eds Vasco como un caso \u00fanico. Su singularidad, desde una perspectiva comparada, reside en su naturaleza unilateral. ETA se ha disuelto sobre todo por la presi\u00f3n de la sociedad civil vasca, junto con la dureza en la aplicaci\u00f3n del sistema espa\u00f1ol de justicia penal. El an\u00e1lisis de este proceso estudia temas propios de la justicia transicional que entran en tensi\u00f3n con la justicia tradicional o formal. Se analiza especialmente la relevancia de este novedoso campo en Europa, en Espa\u00f1a y en el Pa\u00eds Vasco, apuntando las iniciativas m\u00e1s importantes en el campo de la justicia transicional adoptadas en el caso vasco, haciendo hincapi\u00e9 en la contribuci\u00f3n de la sociedad civil y rese\u00f1ando la gama de cuestiones que surgen en un contexto post-conflicto donde distintos agentes tienen agendas significativamente divergentes. En la conclusi\u00f3n se sugieren ideas para trabajar en una agenda convergente e inclusive sobre memoria y relatos del conflicto capaces de aportar verdad y reconciliaci\u00f3n. [vc_empty_space height=&#8221;10&#8243;]<br \/>\n<strong>Abstract<\/strong><br \/>\nThis paper considers the recent and unique case of transitional justice in the Basque Country. Its uniqueness, from a comparative perspective, lies in its unilateral character. It is mostly because of the pressure of Basque Society, together with the tough stance of the criminal justice system of Spain, that ETA dissolved. The analysis of this process discusses some issues of transitional justice, in tension with formal or traditional justice, and the relevance of this new field in Europe, Spain and the Basque Country. The paper spells out the most significant initiatives in the field of transitional justice adopted in the Basque case, stressing the importance of civil society, and the range of issues arising in a post-conflict situation where different agents have significantly different agendas. The paper concludes by suggesting steps towards an inclusive agenda on memory and narratives of the conflict capable of delivering truth and reconciliation. [vc_empty_space height=&#8221;10&#8243;]<br \/>\n<strong>Autor<\/strong><br \/>\nJoxerramon Bengoetxea. <a title=\"Dialnet\" href=\"https:\/\/dialnet.unirioja.es\/servlet\/autor?codigo=273885\" target=\"_blank\" rel=\"noopener\">P\u00e1gina del autor en Dialnet.<\/a><br \/>\n[vc_empty_space height=&#8221;10&#8243;]<br \/>\n<strong>Tipo de documento<\/strong><br \/>\nArt\u00edculo<br \/>\n[vc_empty_space height=&#8221;10&#8243;]<br \/>\n[\/vc_column_text][\/vc_column][\/vc_row]<\/p>\n<\/div>","protected":false},"excerpt":{"rendered":"<p>[vc_row][vc_column width=&#8221;1\/1&#8243;][vc_column_text][vc_empty_space height=&#8221;20&#8243;] Referencia bibliogr\u00e1fica BENGOETXEA, Joxerramon (2020): \u00abThe unique Basque peace process: Linking Basque and European generations for global transitional justice\u00bb, O\u00f1ati socio-legal series, n\u00ba 10\/3, pp. 584-615. Consultar&hellip;<\/p>\n","protected":false},"author":1,"featured_media":0,"parent":0,"menu_order":0,"comment_status":"closed","ping_status":"closed","template":"","meta":{"om_disable_all_campaigns":false,"_monsterinsights_skip_tracking":false,"_monsterinsights_sitenote_active":false,"_monsterinsights_sitenote_note":"","_monsterinsights_sitenote_category":0,"_uf_show_specific_survey":0,"_uf_disable_surveys":false,"_vp_format_video_url":"","_vp_image_focal_point":[],"_vp_custom_popup_image":0,"_vp_format_audio_url":"","_vp_custom_thumbnail":0,"_vp_custom_thumbnail_focal_point":[],"_vp_hover_thumbnail":0,"_vp_hover_thumbnail_focal_point":[],"footnotes":""},"class_list":["post-12525","page","type-page","status-publish","hentry"],"aioseo_notices":[],"_links":{"self":[{"href":"https:\/\/www.arovite.com\/en\/wp-json\/wp\/v2\/pages\/12525","targetHints":{"allow":["GET"]}}],"collection":[{"href":"https:\/\/www.arovite.com\/en\/wp-json\/wp\/v2\/pages"}],"about":[{"href":"https:\/\/www.arovite.com\/en\/wp-json\/wp\/v2\/types\/page"}],"author":[{"embeddable":true,"href":"https:\/\/www.arovite.com\/en\/wp-json\/wp\/v2\/users\/1"}],"replies":[{"embeddable":true,"href":"https:\/\/www.arovite.com\/en\/wp-json\/wp\/v2\/comments?post=12525"}],"version-history":[{"count":1,"href":"https:\/\/www.arovite.com\/en\/wp-json\/wp\/v2\/pages\/12525\/revisions"}],"predecessor-version":[{"id":12527,"href":"https:\/\/www.arovite.com\/en\/wp-json\/wp\/v2\/pages\/12525\/revisions\/12527"}],"wp:attachment":[{"href":"https:\/\/www.arovite.com\/en\/wp-json\/wp\/v2\/media?parent=12525"}],"curies":[{"name":"wp","href":"https:\/\/api.w.org\/{rel}","templated":true}]}}