{"id":12516,"date":"2021-01-08T08:43:02","date_gmt":"2021-01-08T08:43:02","guid":{"rendered":"https:\/\/www.arovite.com\/intxaurbe-vitorica-jose-ramon-gonzalez-hidalgo-eloisa-y-urrutia-asua-gorka-2019\/"},"modified":"2021-01-08T08:44:14","modified_gmt":"2021-01-08T08:44:14","slug":"intxaurbe-vitorica-jose-ramon-gonzalez-hidalgo-eloisa-y-urrutia-asua-gorka-2019","status":"publish","type":"page","link":"https:\/\/www.arovite.com\/en\/intxaurbe-vitorica-jose-ramon-gonzalez-hidalgo-eloisa-y-urrutia-asua-gorka-2019\/","title":{"rendered":"INTXAURBE VITORICA, Jos\u00e9 Ram\u00f3n, GONZ\u00c1LEZ HIDALGO, Elo\u00edsa y URRUTIA ASUA, Gorka (2019)"},"content":{"rendered":"<div class=\"wpb-content-wrapper\"><p>[vc_row][vc_column width=&#8221;1\/1&#8243;][vc_column_text][vc_empty_space height=&#8221;20&#8243;]<br \/>\n<strong>Referencia bibliogr\u00e1fica<\/strong><br \/>\nINTXAURBE VITORICA, Jos\u00e9 Ram\u00f3n, GONZ\u00c1LEZ HIDALGO, Elo\u00edsa y URRUTIA ASUA, Gorka (2019): <em>Informe sobre la injusticia padecida por concejalas y concejales que sufrieron violencia de persecuci\u00f3n (1991-2011)<\/em>. Secretar\u00eda General de Derechos Humanos, Convivencia y Cooperaci\u00f3n, Gobierno Vasco. <\/p>\n<p><a class=\"button blue  medium \" href=\"https:\/\/www.google.com\/url?sa=t&#038;rct=j&#038;q=&#038;esrc=s&#038;source=web&#038;cd=&#038;cad=rja&#038;uact=8&#038;ved=2ahUKEwjpmIOew7HtAhVJSxUIHbRNDTMQFjABegQIBBAC&#038;url=https%3A%2F%2Fbideoak2.euskadi.eus%2F2019%2F07%2F12%2Fnews_55825%2FInforme_persecucioi_n_concejales_cas.pdf&#038;usg=AOvVaw1LsmAD5a0Yy5SnZQqf_Jdg\" target=\"_blank\" rel=\"noopener\">Consultar PDF<\/a>[vc_empty_space height=&#8221;10&#8243;]<br \/>\n<strong>Resumen<\/strong><br \/>\nLa Secretar\u00eda General de Derechos Humanos, Convivencia y Cooperaci\u00f3n encarg\u00f3 al Instituto de Derechos Humanos Pedro Arrupe de la Universidad de Deusto, a comienzos de 2018, un informe que reflejase y analizase la injusticia padecida por aquellas personas que ocuparon concejal\u00edas en municipios de la Comunidad Aut\u00f3noma de Euskadi y que sufrieron amenazas por parte de la banda terrorista ETA. El objetivo del presente trabajo es indagar en la realidad de las personas que vieron el ejercicio de su responsabilidad de representaci\u00f3n municipal condicionada por la existencia de una intimidaci\u00f3n por parte de ETA. Hasta qu\u00e9 punto esa coacci\u00f3n sostenida en el tiempo trascendi\u00f3 la labor de representaci\u00f3n ciudadana y afect\u00f3 a sus relaciones familiares, sociales o laborales, as\u00ed como a su salud y a la del resto de miembros de su familia son preguntas que trataremos de responder en las siguientes p\u00e1ginas.<br \/>\n[vc_empty_space height=&#8221;10&#8243;]<br \/>\n<strong>Autor<\/strong><br \/>\nJos\u00e9 Ram\u00f3n Intxaurbe Vitorica. <a title=\"Dialnet\" href=\"https:\/\/dialnet.unirioja.es\/servlet\/autor?codigo=3621519\" target=\"_blank\" rel=\"noopener\">P\u00e1gina del autor en Dialnet.<\/a><br \/>\nElo\u00edsa Gonz\u00e1lez Hidalgo. <a title=\"Dialnet\" href=\"https:\/\/dialnet.unirioja.es\/servlet\/autor?codigo=3078935\" target=\"_blank\" rel=\"noopener\">P\u00e1gina del autor en Dialnet.<\/a><br \/>\nGorka Urrutia Asua. <a title=\"Dialnet\" href=\"https:\/\/dialnet.unirioja.es\/servlet\/autor?codigo=1803204\" target=\"_blank\" rel=\"noopener\">P\u00e1gina del autor en Dialnet.<\/a><br \/>\n[vc_empty_space height=&#8221;10&#8243;]<br \/>\n<strong>Tipo de documento<\/strong><br \/>\nInforme<br \/>\n[vc_empty_space height=&#8221;10&#8243;]<br \/>\n[\/vc_column_text][\/vc_column][\/vc_row]<\/p>\n<\/div>","protected":false},"excerpt":{"rendered":"<p>[vc_row][vc_column width=&#8221;1\/1&#8243;][vc_column_text][vc_empty_space height=&#8221;20&#8243;] Referencia bibliogr\u00e1fica INTXAURBE VITORICA, Jos\u00e9 Ram\u00f3n, GONZ\u00c1LEZ HIDALGO, Elo\u00edsa y URRUTIA ASUA, Gorka (2019): Informe sobre la injusticia padecida por concejalas y concejales que sufrieron violencia de&hellip;<\/p>\n","protected":false},"author":1,"featured_media":0,"parent":0,"menu_order":0,"comment_status":"closed","ping_status":"closed","template":"","meta":{"om_disable_all_campaigns":false,"_monsterinsights_skip_tracking":false,"_monsterinsights_sitenote_active":false,"_monsterinsights_sitenote_note":"","_monsterinsights_sitenote_category":0,"_uf_show_specific_survey":0,"_uf_disable_surveys":false,"_vp_format_video_url":"","_vp_image_focal_point":[],"_vp_custom_popup_image":0,"_vp_format_audio_url":"","_vp_custom_thumbnail":0,"_vp_custom_thumbnail_focal_point":[],"_vp_hover_thumbnail":0,"_vp_hover_thumbnail_focal_point":[],"footnotes":""},"class_list":["post-12516","page","type-page","status-publish","hentry"],"aioseo_notices":[],"_links":{"self":[{"href":"https:\/\/www.arovite.com\/en\/wp-json\/wp\/v2\/pages\/12516","targetHints":{"allow":["GET"]}}],"collection":[{"href":"https:\/\/www.arovite.com\/en\/wp-json\/wp\/v2\/pages"}],"about":[{"href":"https:\/\/www.arovite.com\/en\/wp-json\/wp\/v2\/types\/page"}],"author":[{"embeddable":true,"href":"https:\/\/www.arovite.com\/en\/wp-json\/wp\/v2\/users\/1"}],"replies":[{"embeddable":true,"href":"https:\/\/www.arovite.com\/en\/wp-json\/wp\/v2\/comments?post=12516"}],"version-history":[{"count":2,"href":"https:\/\/www.arovite.com\/en\/wp-json\/wp\/v2\/pages\/12516\/revisions"}],"predecessor-version":[{"id":12521,"href":"https:\/\/www.arovite.com\/en\/wp-json\/wp\/v2\/pages\/12516\/revisions\/12521"}],"wp:attachment":[{"href":"https:\/\/www.arovite.com\/en\/wp-json\/wp\/v2\/media?parent=12516"}],"curies":[{"name":"wp","href":"https:\/\/api.w.org\/{rel}","templated":true}]}}