{"id":12484,"date":"2021-01-08T08:34:49","date_gmt":"2021-01-08T08:34:49","guid":{"rendered":"https:\/\/www.arovite.com\/fernandez-soldevilla-gaizka-y-briones-aparicio-jose-francisco-2020\/"},"modified":"2021-01-08T08:34:57","modified_gmt":"2021-01-08T08:34:57","slug":"fernandez-soldevilla-gaizka-y-briones-aparicio-jose-francisco-2020","status":"publish","type":"page","link":"https:\/\/www.arovite.com\/en\/fernandez-soldevilla-gaizka-y-briones-aparicio-jose-francisco-2020\/","title":{"rendered":"FERN\u00c1NDEZ SOLDEVILLA, Gaizka y BRIONES APARICIO, Jos\u00e9 Francisco (2020)"},"content":{"rendered":"<div class=\"wpb-content-wrapper\"><p>[vc_row][vc_column width=&#8221;1\/1&#8243;][vc_column_text][vc_empty_space height=&#8221;20&#8243;]<br \/>\n<strong>Referencia bibliogr\u00e1fica<\/strong><br \/>\nFERN\u00c1NDEZ SOLDEVILLA, Gaizka y BRIONES APARICIO, Jos\u00e9 Francisco (2020): \u00abEl franquismo ante el proceso de Burgos\u00bb, <em>Araucaria. Revista Iberoamericana de Filosof\u00eda, Pol\u00edtica, Humanidades y Relaciones Internacionales<\/em>, n\u00ba 44, pp. 27-51.<\/p>\n<p><a class=\"button blue  medium \" href=\"https:\/\/revistascientificas.us.es\/index.php\/araucaria\/article\/view\/11798\" target=\"_blank\" rel=\"noopener\">Consultar PDF<\/a>[vc_empty_space height=&#8221;10&#8243;]<br \/>\n<strong>Resumen<\/strong><br \/>\nEl 3 de diciembre de 1970 se inici\u00f3 el proceso de Burgos, en el que se juzg\u00f3 a diecis\u00e9is miembros de ETA. Hubo seis condenados a muerte, aunque su pena ser\u00eda conmutada. A menudo el sumar\u00edsimo 31\/69 ha sido interpretado como un golpe de fuerza de la dictadura, que habr\u00eda cometido un error estrat\u00e9gico y finalmente habr\u00eda sido derrotada por la movilizaci\u00f3n masiva contra las ejecuciones. El proceso de Burgos fue un fen\u00f3meno complejo que necesita ser reexaminado. Gracias a las fuentes primarias, comprobamos las divergencias que hubo en el seno del franquismo, que en los a\u00f1os siguientes no har\u00edan sino crecer. [vc_empty_space height=&#8221;10&#8243;]<br \/>\n<strong>Autor<\/strong><br \/>\nGaizka Fern\u00e1ndez Soldevilla. <a title=\"Dialnet\" href=\"https:\/\/dialnet.unirioja.es\/servlet\/autor?codigo=2407724\" target=\"_blank\" rel=\"noopener\">P\u00e1gina del autor en Dialnet.<\/a><br \/>\n[vc_empty_space height=&#8221;10&#8243;]<br \/>\n<strong>Tipo de documento<\/strong><br \/>\nArt\u00edculo<br \/>\n[vc_empty_space height=&#8221;10&#8243;]<br \/>\n[\/vc_column_text][\/vc_column][\/vc_row]<\/p>\n<\/div>","protected":false},"excerpt":{"rendered":"<p>[vc_row][vc_column width=&#8221;1\/1&#8243;][vc_column_text][vc_empty_space height=&#8221;20&#8243;] Referencia bibliogr\u00e1fica FERN\u00c1NDEZ SOLDEVILLA, Gaizka y BRIONES APARICIO, Jos\u00e9 Francisco (2020): \u00abEl franquismo ante el proceso de Burgos\u00bb, Araucaria. Revista Iberoamericana de Filosof\u00eda, Pol\u00edtica, Humanidades y Relaciones&hellip;<\/p>\n","protected":false},"author":1,"featured_media":0,"parent":0,"menu_order":0,"comment_status":"closed","ping_status":"closed","template":"","meta":{"om_disable_all_campaigns":false,"_monsterinsights_skip_tracking":false,"_monsterinsights_sitenote_active":false,"_monsterinsights_sitenote_note":"","_monsterinsights_sitenote_category":0,"_uf_show_specific_survey":0,"_uf_disable_surveys":false,"_vp_format_video_url":"","_vp_image_focal_point":[],"_vp_custom_popup_image":0,"_vp_format_audio_url":"","_vp_custom_thumbnail":0,"_vp_custom_thumbnail_focal_point":[],"_vp_hover_thumbnail":0,"_vp_hover_thumbnail_focal_point":[],"footnotes":""},"class_list":["post-12484","page","type-page","status-publish","hentry"],"aioseo_notices":[],"_links":{"self":[{"href":"https:\/\/www.arovite.com\/en\/wp-json\/wp\/v2\/pages\/12484","targetHints":{"allow":["GET"]}}],"collection":[{"href":"https:\/\/www.arovite.com\/en\/wp-json\/wp\/v2\/pages"}],"about":[{"href":"https:\/\/www.arovite.com\/en\/wp-json\/wp\/v2\/types\/page"}],"author":[{"embeddable":true,"href":"https:\/\/www.arovite.com\/en\/wp-json\/wp\/v2\/users\/1"}],"replies":[{"embeddable":true,"href":"https:\/\/www.arovite.com\/en\/wp-json\/wp\/v2\/comments?post=12484"}],"version-history":[{"count":1,"href":"https:\/\/www.arovite.com\/en\/wp-json\/wp\/v2\/pages\/12484\/revisions"}],"predecessor-version":[{"id":12486,"href":"https:\/\/www.arovite.com\/en\/wp-json\/wp\/v2\/pages\/12484\/revisions\/12486"}],"wp:attachment":[{"href":"https:\/\/www.arovite.com\/en\/wp-json\/wp\/v2\/media?parent=12484"}],"curies":[{"name":"wp","href":"https:\/\/api.w.org\/{rel}","templated":true}]}}