{"id":12474,"date":"2021-01-08T08:31:53","date_gmt":"2021-01-08T08:31:53","guid":{"rendered":"https:\/\/www.arovite.com\/ladron-de-guevara-lopez-de-arbina-ernesto\/"},"modified":"2021-01-08T08:32:51","modified_gmt":"2021-01-08T08:32:51","slug":"ladron-de-guevara-lopez-de-arbina-ernesto","status":"publish","type":"page","link":"https:\/\/www.arovite.com\/en\/ladron-de-guevara-lopez-de-arbina-ernesto\/","title":{"rendered":"LADR\u00d3N DE GUEVARA L\u00d3PEZ DE ARBINA, Ernesto"},"content":{"rendered":"<div class=\"wpb-content-wrapper\"><p>[vc_row][vc_column width=&#8221;1\/1&#8243;][vc_column_text][vc_empty_space height=&#8221;20&#8243;]<br \/>\n<strong>Referencia bibliogr\u00e1fica<\/strong><br \/>\nLADR\u00d3N DE GUEVARA L\u00d3PEZ DE ARBINA, Ernesto: <em>El nacionalismo obligatorio en las aulas. Un genocidio cultural al servicio del proyecto secesionista<\/em>.<\/p>\n<p><a class=\"button blue  medium \" href=\"https:\/\/docplayer.es\/39208536-El-nacionalismo-obligatorio-en-las-aulas.html\" target=\"_blank\" rel=\"noopener\">Consultar PDF<\/a>[vc_empty_space height=&#8221;10&#8243;]<br \/>\n<strong>Resumen<\/strong><br \/>\nEste estudio contiene tres partes. En la primera se aborda conceptualmente lo que es, o debe ser, la educaci\u00f3n desde un planteamiento epistemol\u00f3gico y disciplinar. En la segunda se abordan los mitos, los tab\u00faes y las manipulaciones que se han aplicado a la fenomenolog\u00eda educacional, tratando de vislumbrar las motivaciones y actuaciones que el nacionalismo ha desarrollado para definir un modelo educativo muy peculiar, donde la lengua adquiere un protagonismo absorbente como instrumento de modelamiento. Por \u00faltimo, se aborda los agentes del proceso de socializaci\u00f3n y los instrumentos utilizados para la modificaci\u00f3n de la cosmovisi\u00f3n colectiva, es decir, los medios para la formaci\u00f3n del esp\u00edritu nacionalista, ya que no se entiende esa modificaci\u00f3n progresiva sin unos agentes y un hilo conductor que lo facilitara.<br \/>\n[vc_empty_space height=&#8221;10&#8243;]<br \/>\n<strong>Autor<\/strong><br \/>\nErnesto Ladr\u00f3n de Guevara L\u00f3pez de Arbina. <a title=\"Dialnet\" href=\"https:\/\/dialnet.unirioja.es\/servlet\/autor?codigo=23315\" target=\"_blank\" rel=\"noopener\">P\u00e1gina del autor en Dialnet.<\/a><br \/>\n[vc_empty_space height=&#8221;10&#8243;]<br \/>\n<strong>Tipo de documento<\/strong><br \/>\nEstudio<br \/>\n[vc_empty_space height=&#8221;10&#8243;]<br \/>\n[\/vc_column_text][\/vc_column][\/vc_row]<\/p>\n<\/div>","protected":false},"excerpt":{"rendered":"<p>[vc_row][vc_column width=&#8221;1\/1&#8243;][vc_column_text][vc_empty_space height=&#8221;20&#8243;] Referencia bibliogr\u00e1fica LADR\u00d3N DE GUEVARA L\u00d3PEZ DE ARBINA, Ernesto: El nacionalismo obligatorio en las aulas. Un genocidio cultural al servicio del proyecto secesionista. Consultar PDF[vc_empty_space height=&#8221;10&#8243;] Resumen&hellip;<\/p>\n","protected":false},"author":1,"featured_media":0,"parent":0,"menu_order":0,"comment_status":"closed","ping_status":"closed","template":"","meta":{"om_disable_all_campaigns":false,"_monsterinsights_skip_tracking":false,"_monsterinsights_sitenote_active":false,"_monsterinsights_sitenote_note":"","_monsterinsights_sitenote_category":0,"_uf_show_specific_survey":0,"_uf_disable_surveys":false,"_vp_format_video_url":"","_vp_image_focal_point":[],"_vp_custom_popup_image":0,"_vp_format_audio_url":"","_vp_custom_thumbnail":0,"_vp_custom_thumbnail_focal_point":[],"_vp_hover_thumbnail":0,"_vp_hover_thumbnail_focal_point":[],"footnotes":""},"class_list":["post-12474","page","type-page","status-publish","hentry"],"aioseo_notices":[],"_links":{"self":[{"href":"https:\/\/www.arovite.com\/en\/wp-json\/wp\/v2\/pages\/12474","targetHints":{"allow":["GET"]}}],"collection":[{"href":"https:\/\/www.arovite.com\/en\/wp-json\/wp\/v2\/pages"}],"about":[{"href":"https:\/\/www.arovite.com\/en\/wp-json\/wp\/v2\/types\/page"}],"author":[{"embeddable":true,"href":"https:\/\/www.arovite.com\/en\/wp-json\/wp\/v2\/users\/1"}],"replies":[{"embeddable":true,"href":"https:\/\/www.arovite.com\/en\/wp-json\/wp\/v2\/comments?post=12474"}],"version-history":[{"count":2,"href":"https:\/\/www.arovite.com\/en\/wp-json\/wp\/v2\/pages\/12474\/revisions"}],"predecessor-version":[{"id":12480,"href":"https:\/\/www.arovite.com\/en\/wp-json\/wp\/v2\/pages\/12474\/revisions\/12480"}],"wp:attachment":[{"href":"https:\/\/www.arovite.com\/en\/wp-json\/wp\/v2\/media?parent=12474"}],"curies":[{"name":"wp","href":"https:\/\/api.w.org\/{rel}","templated":true}]}}