{"id":11545,"date":"2020-05-04T07:34:46","date_gmt":"2020-05-04T07:34:46","guid":{"rendered":"https:\/\/www.arovite.com\/olaziregi-maria-jose-2019\/"},"modified":"2020-05-04T07:35:55","modified_gmt":"2020-05-04T07:35:55","slug":"olaziregi-maria-jose-2019","status":"publish","type":"page","link":"https:\/\/www.arovite.com\/en\/olaziregi-maria-jose-2019\/","title":{"rendered":"OLAZIREGI, Mar\u00eda Jos\u00e9 (2019)"},"content":{"rendered":"<div class=\"wpb-content-wrapper\"><p>[vc_row][vc_column width=&#8221;1\/1&#8243;][vc_column_text][vc_empty_space height=&#8221;20&#8243;]<br \/>\n<strong>Referencia bibliogr\u00e1fica<\/strong><br \/>\nOLAZIREGI, Mar\u00eda Jos\u00e9 (2019): \u00abCualquier tiempo pasado fue peor. Reflexiones sobre la narrativa vasca post-ETA\u00bb, <em>Olivar<\/em>, n\u00ba 19\/30, e060.<\/p>\n<p><a class=\"button blue medium \" href=\"https:\/\/www.olivar.fahce.unlp.edu.ar\/article\/view\/OLIe060\/11964\" target=\"_blank\" rel=\"noopener noreferrer\">Consultar PDF<\/a>[vc_empty_space height=&#8221;10&#8243;]<br \/>\n<strong>Resumen<\/strong><br \/>\nEn las l\u00edneas que siguen, trataremos de reflexionar en torno a las consecuencias que el cese de la actividad armada de ETA ha tenido en el panorama de la novela en lengua vasca. Para ello, y antes de abordar la lectura y an\u00e1lisis de algunas obras representativas, realizaremos una introducci\u00f3n en torno a las peculiaridades que ha tenido la representaci\u00f3n del conflicto vasco en la narrativa vasca, as\u00ed como su evoluci\u00f3n tem\u00e1tica y formal. Terminaremos nuestro an\u00e1lisis con la lectura de las propuestas novelescas de los escritores vascos Ramon Saizarbitoria, Harkaitz Cano, Katixa Agirre, Lander Garro y Uxue Alberdi. Aspectos como el de las v\u00edctimas primarias y secundarias, la herencia recibida y su transmisi\u00f3n, o la transformaci\u00f3n de una identidad nacional resistente, guiar\u00e1n nuestro an\u00e1lisis.<br \/>\n[vc_empty_space height=&#8221;10&#8243;]<br \/>\n<strong>Abstract<\/strong><br \/>\nIn what follows, we will try to reflect on the consequences that the end of ETA&#8217;s armed activity has had in Basque-language novels. In order to do so, and before addressing the interpretation and analysis of some representative works, we will present an introduction about the particularities of representation of the Basque conflict in Basque narrative as well as its thematic and formal evolution. We will end our analysis with an interpretation of some novels by the Basque writers Ramon Saizarbitoria, Harkaitz Cano, Katixa Agirre, Lander Garro, and Uxue Alberdi. Our analysis will be guided by aspects such as that of primary and secondary victims, the inheritance received and its transmission, and the transformation of a resistance national identity.<br \/>\n[vc_empty_space height=&#8221;10&#8243;]<br \/>\n<strong>Autor<\/strong><br \/>\nMar\u00eda Jos\u00e9 Olaziregi. <a title=\"Dialnet\" href=\"https:\/\/dialnet.unirioja.es\/servlet\/autor?codigo=151088\" target=\"_blank\" rel=\"noopener noreferrer\">P\u00e1gina del autor en Dialnet.<\/a><br \/>\n[vc_empty_space height=&#8221;10&#8243;]<br \/>\n<strong>Tipo de documento<\/strong><br \/>\nArt\u00edculo<br \/>\n[vc_empty_space height=&#8221;10&#8243;]<br \/>\n[\/vc_column_text][\/vc_column][\/vc_row]<\/p>\n<\/div>","protected":false},"excerpt":{"rendered":"<p>[vc_row][vc_column width=&#8221;1\/1&#8243;][vc_column_text][vc_empty_space height=&#8221;20&#8243;] Referencia bibliogr\u00e1fica OLAZIREGI, Mar\u00eda Jos\u00e9 (2019): \u00abCualquier tiempo pasado fue peor. Reflexiones sobre la narrativa vasca post-ETA\u00bb, Olivar, n\u00ba 19\/30, e060. Consultar PDF[vc_empty_space height=&#8221;10&#8243;] Resumen En las&hellip;<\/p>\n","protected":false},"author":1,"featured_media":0,"parent":0,"menu_order":0,"comment_status":"closed","ping_status":"closed","template":"","meta":{"om_disable_all_campaigns":false,"_monsterinsights_skip_tracking":false,"_monsterinsights_sitenote_active":false,"_monsterinsights_sitenote_note":"","_monsterinsights_sitenote_category":0,"_uf_show_specific_survey":0,"_uf_disable_surveys":false,"_vp_format_video_url":"","_vp_image_focal_point":[],"_vp_custom_popup_image":0,"_vp_format_audio_url":"","_vp_custom_thumbnail":0,"_vp_custom_thumbnail_focal_point":[],"_vp_hover_thumbnail":0,"_vp_hover_thumbnail_focal_point":[],"footnotes":""},"class_list":["post-11545","page","type-page","status-publish","hentry"],"aioseo_notices":[],"_links":{"self":[{"href":"https:\/\/www.arovite.com\/en\/wp-json\/wp\/v2\/pages\/11545","targetHints":{"allow":["GET"]}}],"collection":[{"href":"https:\/\/www.arovite.com\/en\/wp-json\/wp\/v2\/pages"}],"about":[{"href":"https:\/\/www.arovite.com\/en\/wp-json\/wp\/v2\/types\/page"}],"author":[{"embeddable":true,"href":"https:\/\/www.arovite.com\/en\/wp-json\/wp\/v2\/users\/1"}],"replies":[{"embeddable":true,"href":"https:\/\/www.arovite.com\/en\/wp-json\/wp\/v2\/comments?post=11545"}],"version-history":[{"count":1,"href":"https:\/\/www.arovite.com\/en\/wp-json\/wp\/v2\/pages\/11545\/revisions"}],"predecessor-version":[{"id":11547,"href":"https:\/\/www.arovite.com\/en\/wp-json\/wp\/v2\/pages\/11545\/revisions\/11547"}],"wp:attachment":[{"href":"https:\/\/www.arovite.com\/en\/wp-json\/wp\/v2\/media?parent=11545"}],"curies":[{"name":"wp","href":"https:\/\/api.w.org\/{rel}","templated":true}]}}