{"id":11361,"date":"2020-04-23T09:42:37","date_gmt":"2020-04-23T09:42:37","guid":{"rendered":"https:\/\/www.arovite.com\/rodriguez-lara-zurine-2012\/"},"modified":"2020-04-23T09:43:19","modified_gmt":"2020-04-23T09:43:19","slug":"rodriguez-lara-zurine-2012","status":"publish","type":"page","link":"https:\/\/www.arovite.com\/en\/rodriguez-lara-zurine-2012\/","title":{"rendered":"RODR\u00cdGUEZ LARA, Zuri\u00f1e (2012)"},"content":{"rendered":"<div class=\"wpb-content-wrapper\"><p>[vc_row][vc_column width=&#8221;1\/1&#8243;][vc_column_text][vc_empty_space height=&#8221;20&#8243;]<br \/>\n<strong>Referencia bibliogr\u00e1fica<\/strong><br \/>\nRODR\u00cdGUEZ LARA, Zuri\u00f1e (2012): <em>Mujeres armadas: una mirada a las mujeres de ETA a trav\u00e9s del discurso medi\u00e1tico<\/em>. Trabajo de investigaci\u00f3n fin de M\u00e1ster en Gobernanza y Estudios Pol\u00edticos: Universidad del Pa\u00eds Vasco.<\/p>\n<p><a class=\"button blue medium \" href=\"https:\/\/www.academia.edu\/16748600\/Mujeres_Armadas_Una_mirada_a_las_mujeres_de_ETA_a_trav%C3%A9s_del_discurso_medi%C3%A1tico\" target=\"_blank\" rel=\"noopener noreferrer\">Consultar PDF<\/a>[vc_empty_space height=&#8221;10&#8243;]<br \/>\n<strong>Resumen<\/strong><br \/>\nUn an\u00e1lisis preliminar en clave feminista sobre el espacio y el tratamiento informativo que la prensa vasca ha llevado a cabo en las informaciones en las que las protagonistas han sido mujeres militantes de ETA. Un estudio que se ha llevado a cabo a partir de los casos de las militantes Dolores Gonz\u00e1lez Catarain e Idoia L\u00f3pez Ria\u00f1o.<br \/>\n[vc_empty_space height=&#8221;10&#8243;]<br \/>\n<strong>Autor<\/strong><br \/>\nZuri\u00f1e Rodr\u00edguez Lara. <a title=\"Dialnet\" href=\"https:\/\/dialnet.unirioja.es\/servlet\/autor?codigo=3759015\" target=\"_blank\" rel=\"noopener noreferrer\">P\u00e1gina del autor en Dialnet.<\/a><br \/>\n[vc_empty_space height=&#8221;10&#8243;]<br \/>\n<strong>Tipo de documento<\/strong><br \/>\nTrabajo fin de m\u00e1ster<br \/>\n[vc_empty_space height=&#8221;10&#8243;]<br \/>\n[\/vc_column_text][\/vc_column][\/vc_row]<\/p>\n<\/div>","protected":false},"excerpt":{"rendered":"<p>[vc_row][vc_column width=&#8221;1\/1&#8243;][vc_column_text][vc_empty_space height=&#8221;20&#8243;] Referencia bibliogr\u00e1fica RODR\u00cdGUEZ LARA, Zuri\u00f1e (2012): Mujeres armadas: una mirada a las mujeres de ETA a trav\u00e9s del discurso medi\u00e1tico. Trabajo de investigaci\u00f3n fin de M\u00e1ster en&hellip;<\/p>\n","protected":false},"author":1,"featured_media":0,"parent":0,"menu_order":0,"comment_status":"closed","ping_status":"closed","template":"","meta":{"om_disable_all_campaigns":false,"_monsterinsights_skip_tracking":false,"_monsterinsights_sitenote_active":false,"_monsterinsights_sitenote_note":"","_monsterinsights_sitenote_category":0,"_uf_show_specific_survey":0,"_uf_disable_surveys":false,"_vp_format_video_url":"","_vp_image_focal_point":[],"_vp_custom_popup_image":0,"_vp_format_audio_url":"","_vp_custom_thumbnail":0,"_vp_custom_thumbnail_focal_point":[],"_vp_hover_thumbnail":0,"_vp_hover_thumbnail_focal_point":[],"footnotes":""},"class_list":["post-11361","page","type-page","status-publish","hentry"],"aioseo_notices":[],"_links":{"self":[{"href":"https:\/\/www.arovite.com\/en\/wp-json\/wp\/v2\/pages\/11361","targetHints":{"allow":["GET"]}}],"collection":[{"href":"https:\/\/www.arovite.com\/en\/wp-json\/wp\/v2\/pages"}],"about":[{"href":"https:\/\/www.arovite.com\/en\/wp-json\/wp\/v2\/types\/page"}],"author":[{"embeddable":true,"href":"https:\/\/www.arovite.com\/en\/wp-json\/wp\/v2\/users\/1"}],"replies":[{"embeddable":true,"href":"https:\/\/www.arovite.com\/en\/wp-json\/wp\/v2\/comments?post=11361"}],"version-history":[{"count":1,"href":"https:\/\/www.arovite.com\/en\/wp-json\/wp\/v2\/pages\/11361\/revisions"}],"predecessor-version":[{"id":11363,"href":"https:\/\/www.arovite.com\/en\/wp-json\/wp\/v2\/pages\/11361\/revisions\/11363"}],"wp:attachment":[{"href":"https:\/\/www.arovite.com\/en\/wp-json\/wp\/v2\/media?parent=11361"}],"curies":[{"name":"wp","href":"https:\/\/api.w.org\/{rel}","templated":true}]}}