{"id":11337,"date":"2020-04-23T09:38:48","date_gmt":"2020-04-23T09:38:48","guid":{"rendered":"https:\/\/www.arovite.com\/klopotek-natalia\/"},"modified":"2020-04-23T09:40:13","modified_gmt":"2020-04-23T09:40:13","slug":"klopotek-natalia","status":"publish","type":"page","link":"https:\/\/www.arovite.com\/en\/klopotek-natalia\/","title":{"rendered":"K\u0141OPOTEK, Natalia"},"content":{"rendered":"<div class=\"wpb-content-wrapper\"><p>[vc_row][vc_column width=&#8221;1\/1&#8243;][vc_column_text][vc_empty_space height=&#8221;20&#8243;]<br \/>\n<strong>Referencia bibliogr\u00e1fica<\/strong><br \/>\nK\u0141OPOTEK, Natalia: <em>La imagen de ETA en el cine espa\u00f1ol: <\/em>Operaci\u00f3n Ogro<em>, <\/em>Sombras en una batalla<em> y <\/em>El Lobo<em><\/em>.<\/p>\n<p><a class=\"button blue medium \" href=\"https:\/\/www.academia.edu\/7819879\/La_imagen_de_ETA_en_el_cine_espa%C3%B1ol_Operaci%C3%B3n_Ogro_Sombras_en_una_batalla_y_El_Lobo\" target=\"_blank\" rel=\"noopener noreferrer\">Consultar PDF<\/a>[vc_empty_space height=&#8221;10&#8243;]<br \/>\n<strong>Resumen<\/strong><br \/>\nEste estudio trata las relaciones entre las visiones de ETA en pel\u00edculas espa\u00f1olas y la actividad de la organizaci\u00f3n que pod\u00eda influenciarlas. Para realizar este objetivo, he elegido tres pel\u00edculas que abarcan el asunto de ETA: <em>Operaci\u00f3n Ogro<\/em> (1973), <em>Sombras en una batalla<\/em> (1993) y <em>El Lobo<\/em> (2004).<br \/>\n[vc_empty_space height=&#8221;10&#8243;]<br \/>\n<strong>Tipo de documento<\/strong><br \/>\nEstudio<br \/>\n[vc_empty_space height=&#8221;10&#8243;]<br \/>\n[\/vc_column_text][\/vc_column][\/vc_row]<\/p>\n<\/div>","protected":false},"excerpt":{"rendered":"<p>[vc_row][vc_column width=&#8221;1\/1&#8243;][vc_column_text][vc_empty_space height=&#8221;20&#8243;] Referencia bibliogr\u00e1fica K\u0141OPOTEK, Natalia: La imagen de ETA en el cine espa\u00f1ol: Operaci\u00f3n Ogro, Sombras en una batalla y El Lobo. Consultar PDF[vc_empty_space height=&#8221;10&#8243;] Resumen Este estudio&hellip;<\/p>\n","protected":false},"author":1,"featured_media":0,"parent":0,"menu_order":0,"comment_status":"closed","ping_status":"closed","template":"","meta":{"om_disable_all_campaigns":false,"_monsterinsights_skip_tracking":false,"_monsterinsights_sitenote_active":false,"_monsterinsights_sitenote_note":"","_monsterinsights_sitenote_category":0,"_uf_show_specific_survey":0,"_uf_disable_surveys":false,"_vp_format_video_url":"","_vp_image_focal_point":[],"_vp_custom_popup_image":0,"_vp_format_audio_url":"","_vp_custom_thumbnail":0,"_vp_custom_thumbnail_focal_point":[],"_vp_hover_thumbnail":0,"_vp_hover_thumbnail_focal_point":[],"footnotes":""},"class_list":["post-11337","page","type-page","status-publish","hentry"],"aioseo_notices":[],"_links":{"self":[{"href":"https:\/\/www.arovite.com\/en\/wp-json\/wp\/v2\/pages\/11337","targetHints":{"allow":["GET"]}}],"collection":[{"href":"https:\/\/www.arovite.com\/en\/wp-json\/wp\/v2\/pages"}],"about":[{"href":"https:\/\/www.arovite.com\/en\/wp-json\/wp\/v2\/types\/page"}],"author":[{"embeddable":true,"href":"https:\/\/www.arovite.com\/en\/wp-json\/wp\/v2\/users\/1"}],"replies":[{"embeddable":true,"href":"https:\/\/www.arovite.com\/en\/wp-json\/wp\/v2\/comments?post=11337"}],"version-history":[{"count":2,"href":"https:\/\/www.arovite.com\/en\/wp-json\/wp\/v2\/pages\/11337\/revisions"}],"predecessor-version":[{"id":11342,"href":"https:\/\/www.arovite.com\/en\/wp-json\/wp\/v2\/pages\/11337\/revisions\/11342"}],"wp:attachment":[{"href":"https:\/\/www.arovite.com\/en\/wp-json\/wp\/v2\/media?parent=11337"}],"curies":[{"name":"wp","href":"https:\/\/api.w.org\/{rel}","templated":true}]}}