{"id":11309,"date":"2020-04-23T09:34:50","date_gmt":"2020-04-23T09:34:50","guid":{"rendered":"https:\/\/www.arovite.com\/casquete-jesus-2020\/"},"modified":"2020-04-23T09:35:14","modified_gmt":"2020-04-23T09:35:14","slug":"casquete-jesus-2020","status":"publish","type":"page","link":"https:\/\/www.arovite.com\/en\/casquete-jesus-2020\/","title":{"rendered":"CASQUETE, Jes\u00fas (2020)"},"content":{"rendered":"<div class=\"wpb-content-wrapper\"><p>[vc_row][vc_column width=&#8221;1\/1&#8243;][vc_column_text][vc_empty_space height=&#8221;20&#8243;]<br \/>\n<strong>Referencia bibliogr\u00e1fica<\/strong><br \/>\nCASQUETE, Jes\u00fas (2020): \u00abHerri Batasuna. Esbozo para una historia\u00bb, <em>El Viejo topo<\/em>, n\u00ba 384, pp. 20-29.<\/p>\n<p><a class=\"button blue medium \" href=\"https:\/\/www.researchgate.net\/publication\/340226915_Herri_Batasuna_Esbozo_para_una_historia\" target=\"_blank\" rel=\"noopener noreferrer\">Consultar PDF<\/a>[vc_empty_space height=&#8221;10&#8243;]<br \/>\n<strong>Resumen<\/strong><br \/>\nA lo largo de su andadura HB nunca fue un partido convencional que concurre a procesos electorales para, una vez alcanzado el poder, disponerse a implementar su proyecto pol\u00edtico: fue la expresi\u00f3n pol\u00edtica y referente electoral de una subcomunidad nacionalista estructurada en forma de movimiento pol\u00edtico-social.<br \/>\n[vc_empty_space height=&#8221;10&#8243;]<br \/>\n<strong>Autor<\/strong><br \/>\nJes\u00fas Casquete. <a title=\"Dialnet\" href=\"https:\/\/dialnet.unirioja.es\/servlet\/autor?codigo=776183\" target=\"_blank\" rel=\"noopener noreferrer\">P\u00e1gina del autor en Dialnet.<\/a><br \/>\n[vc_empty_space height=&#8221;10&#8243;]<br \/>\n<strong>Tipo de documento<\/strong><br \/>\nArt\u00edculo<br \/>\n[vc_empty_space height=&#8221;10&#8243;]<br \/>\n[\/vc_column_text][\/vc_column][\/vc_row]<\/p>\n<\/div>","protected":false},"excerpt":{"rendered":"<p>[vc_row][vc_column width=&#8221;1\/1&#8243;][vc_column_text][vc_empty_space height=&#8221;20&#8243;] Referencia bibliogr\u00e1fica CASQUETE, Jes\u00fas (2020): \u00abHerri Batasuna. Esbozo para una historia\u00bb, El Viejo topo, n\u00ba 384, pp. 20-29. Consultar PDF[vc_empty_space height=&#8221;10&#8243;] Resumen A lo largo de su&hellip;<\/p>\n","protected":false},"author":1,"featured_media":0,"parent":0,"menu_order":0,"comment_status":"closed","ping_status":"closed","template":"","meta":{"om_disable_all_campaigns":false,"_monsterinsights_skip_tracking":false,"_monsterinsights_sitenote_active":false,"_monsterinsights_sitenote_note":"","_monsterinsights_sitenote_category":0,"_uf_show_specific_survey":0,"_uf_disable_surveys":false,"_vp_format_video_url":"","_vp_image_focal_point":[],"_vp_custom_popup_image":0,"_vp_format_audio_url":"","_vp_custom_thumbnail":0,"_vp_custom_thumbnail_focal_point":[],"_vp_hover_thumbnail":0,"_vp_hover_thumbnail_focal_point":[],"footnotes":""},"class_list":["post-11309","page","type-page","status-publish","hentry"],"aioseo_notices":[],"_links":{"self":[{"href":"https:\/\/www.arovite.com\/en\/wp-json\/wp\/v2\/pages\/11309","targetHints":{"allow":["GET"]}}],"collection":[{"href":"https:\/\/www.arovite.com\/en\/wp-json\/wp\/v2\/pages"}],"about":[{"href":"https:\/\/www.arovite.com\/en\/wp-json\/wp\/v2\/types\/page"}],"author":[{"embeddable":true,"href":"https:\/\/www.arovite.com\/en\/wp-json\/wp\/v2\/users\/1"}],"replies":[{"embeddable":true,"href":"https:\/\/www.arovite.com\/en\/wp-json\/wp\/v2\/comments?post=11309"}],"version-history":[{"count":1,"href":"https:\/\/www.arovite.com\/en\/wp-json\/wp\/v2\/pages\/11309\/revisions"}],"predecessor-version":[{"id":11311,"href":"https:\/\/www.arovite.com\/en\/wp-json\/wp\/v2\/pages\/11309\/revisions\/11311"}],"wp:attachment":[{"href":"https:\/\/www.arovite.com\/en\/wp-json\/wp\/v2\/media?parent=11309"}],"curies":[{"name":"wp","href":"https:\/\/api.w.org\/{rel}","templated":true}]}}