{"id":11291,"date":"2020-04-23T09:31:29","date_gmt":"2020-04-23T09:31:29","guid":{"rendered":"https:\/\/www.arovite.com\/munoz-escandell-irene\/"},"modified":"2020-04-23T11:59:05","modified_gmt":"2020-04-23T11:59:05","slug":"munoz-escandell-irene","status":"publish","type":"page","link":"https:\/\/www.arovite.com\/en\/munoz-escandell-irene\/","title":{"rendered":"MU\u00d1OZ ESCANDELL, Irene"},"content":{"rendered":"<div class=\"wpb-content-wrapper\"><p>[vc_row][vc_column width=&#8221;1\/1&#8243;][vc_column_text][vc_empty_space height=&#8221;20&#8243;]<br \/>\n<strong>Referencia bibliogr\u00e1fica<\/strong><br \/>\nMU\u00d1OZ ESCANDELL, Irene: <em>Estatuto jur\u00eddico de las v\u00edctimas del terrorismo en Europa: Estudio de Derecho Comparado<\/em>. Grupo de la Alianza de los Liberales y Dem\u00f3cratas por Europa.<\/p>\n<p><a class=\"button blue medium \" href=\"https:\/\/www.arovite.com\/documentos\/Sf_Mu\u00f1oz.pdf\" target=\"_blank\" rel=\"noopener noreferrer\">Consultar PDF<\/a>[vc_empty_space height=&#8221;10&#8243;]<br \/>\n<strong>Resumen<\/strong><br \/>\nEl presente estudio tiene como objetivo conocer el estatuto jur\u00eddico de las v\u00edctimas del terrorismo a trav\u00e9s de las legislaciones positivas vigentes en los distintos Estados que integran la Uni\u00f3n Europea hasta la fecha, poniendo especial atenci\u00f3n en la existencia o no de una regulaci\u00f3n espec\u00ed\ufb01ca de sus derechos. Para alcanzar dicho objetivo, se han identi\ufb01cado datos relevantes y objetivamente veri\ufb01cables que revelan los principales valores que inspiran los diferentes sistemas jur\u00eddicos en esta materia concreta, condici\u00f3n esencial para poder efectuar un an\u00e1lisis cr\u00edtico-comparativo sobre la realidad constatada.<br \/>\n[vc_empty_space height=&#8221;10&#8243;]<br \/>\n<strong>Autor<\/strong><br \/>\nIrene Mu\u00f1oz Escandell. <a title=\"Dialnet\" href=\"https:\/\/dialnet.unirioja.es\/servlet\/autor?codigo=4664656\" target=\"_blank\" rel=\"noopener noreferrer\">P\u00e1gina del autor en Dialnet.<\/a><br \/>\n[vc_empty_space height=&#8221;10&#8243;]<br \/>\n<strong>Tipo de documento<\/strong><br \/>\nLibro<br \/>\n[vc_empty_space height=&#8221;10&#8243;]<br \/>\n[\/vc_column_text][\/vc_column][\/vc_row]<\/p>\n<\/div>","protected":false},"excerpt":{"rendered":"<p>[vc_row][vc_column width=&#8221;1\/1&#8243;][vc_column_text][vc_empty_space height=&#8221;20&#8243;] Referencia bibliogr\u00e1fica MU\u00d1OZ ESCANDELL, Irene: Estatuto jur\u00eddico de las v\u00edctimas del terrorismo en Europa: Estudio de Derecho Comparado. Grupo de la Alianza de los Liberales y Dem\u00f3cratas&hellip;<\/p>\n","protected":false},"author":1,"featured_media":0,"parent":0,"menu_order":0,"comment_status":"closed","ping_status":"closed","template":"","meta":{"om_disable_all_campaigns":false,"_monsterinsights_skip_tracking":false,"_monsterinsights_sitenote_active":false,"_monsterinsights_sitenote_note":"","_monsterinsights_sitenote_category":0,"_uf_show_specific_survey":0,"_uf_disable_surveys":false,"_vp_format_video_url":"","_vp_image_focal_point":[],"_vp_custom_popup_image":0,"_vp_format_audio_url":"","_vp_custom_thumbnail":0,"_vp_custom_thumbnail_focal_point":[],"_vp_hover_thumbnail":0,"_vp_hover_thumbnail_focal_point":[],"footnotes":""},"class_list":["post-11291","page","type-page","status-publish","hentry"],"aioseo_notices":[],"_links":{"self":[{"href":"https:\/\/www.arovite.com\/en\/wp-json\/wp\/v2\/pages\/11291","targetHints":{"allow":["GET"]}}],"collection":[{"href":"https:\/\/www.arovite.com\/en\/wp-json\/wp\/v2\/pages"}],"about":[{"href":"https:\/\/www.arovite.com\/en\/wp-json\/wp\/v2\/types\/page"}],"author":[{"embeddable":true,"href":"https:\/\/www.arovite.com\/en\/wp-json\/wp\/v2\/users\/1"}],"replies":[{"embeddable":true,"href":"https:\/\/www.arovite.com\/en\/wp-json\/wp\/v2\/comments?post=11291"}],"version-history":[{"count":3,"href":"https:\/\/www.arovite.com\/en\/wp-json\/wp\/v2\/pages\/11291\/revisions"}],"predecessor-version":[{"id":11404,"href":"https:\/\/www.arovite.com\/en\/wp-json\/wp\/v2\/pages\/11291\/revisions\/11404"}],"wp:attachment":[{"href":"https:\/\/www.arovite.com\/en\/wp-json\/wp\/v2\/media?parent=11291"}],"curies":[{"name":"wp","href":"https:\/\/api.w.org\/{rel}","templated":true}]}}