{"id":11277,"date":"2020-04-23T09:29:22","date_gmt":"2020-04-23T09:29:22","guid":{"rendered":"https:\/\/www.arovite.com\/mota-zurdo-david-2017\/"},"modified":"2020-04-23T09:29:50","modified_gmt":"2020-04-23T09:29:50","slug":"mota-zurdo-david-2017","status":"publish","type":"page","link":"https:\/\/www.arovite.com\/en\/mota-zurdo-david-2017\/","title":{"rendered":"MOTA ZURDO, David (2017)"},"content":{"rendered":"<div class=\"wpb-content-wrapper\"><p>[vc_row][vc_column width=&#8221;1\/1&#8243;][vc_column_text][vc_empty_space height=&#8221;20&#8243;]<br \/>\n<strong>Referencia bibliogr\u00e1fica<\/strong><br \/>\nMOTA ZURDO, David (2017): \u00abEl relato de la violencia en el Pa\u00eds Vasco a trav\u00e9s de la m\u00fasica\u00bb, <em>Grand Place<\/em>, n\u00ba 8, pp. 113-129.<\/p>\n<p><a class=\"button blue medium \" href=\"https:\/\/www.academia.edu\/35610495\/El_relato_de_la_violencia_en_el_Pa%C3%ADs_Vasco_a_trav%C3%A9s_de_la_m%C3%BAsica\" target=\"_blank\" rel=\"noopener noreferrer\">Consultar PDF<\/a>[vc_empty_space height=&#8221;10&#8243;]<br \/>\n<strong>Resumen<\/strong><br \/>\nEste art\u00edculo muestra c\u00f3mo la m\u00fasica contestataria vasca ayud\u00f3 a la retroalimentaci\u00f3n del discurso nacionalista vasco radical, con canciones con un alto contenido violento, provocativo e hiriente. As\u00ed muchos de estos grupos contribuyeron al abigarrado clima pol\u00edtico que se vivi\u00f3 hasta hace relativamente poco tiempo en el Pa\u00eds Vasco. En muchos casos, la postura de algunos m\u00fasicos vascos coincide con los postulados de la izquierda abertzale, que considera a sus militantes como m\u00e1rtires libertadores y padres de la patria. Aunque la presencia de miembros de ETA en las canciones de rock vasco haya continuado hasta hace relativamente poco tiempo, siendo una constante y recurso revisitado por grupos como Esne Beltza, estas posturas han ido perdiendo peso desde la d\u00e9cada de 1990 y los 2000.<br \/>\n[vc_empty_space height=&#8221;10&#8243;]<br \/>\n<strong>Autor<\/strong><br \/>\nDavid Mota Zurdo. <a title=\"Dialnet\" href=\"https:\/\/dialnet.unirioja.es\/servlet\/autor?codigo=3459298\" target=\"_blank\" rel=\"noopener noreferrer\">P\u00e1gina del autor en Dialnet.<\/a><br \/>\n[vc_empty_space height=&#8221;10&#8243;]<br \/>\n<strong>Tipo de documento<\/strong><br \/>\nArt\u00edculo<br \/>\n[vc_empty_space height=&#8221;10&#8243;]<br \/>\n[\/vc_column_text][\/vc_column][\/vc_row]<\/p>\n<\/div>","protected":false},"excerpt":{"rendered":"<p>[vc_row][vc_column width=&#8221;1\/1&#8243;][vc_column_text][vc_empty_space height=&#8221;20&#8243;] Referencia bibliogr\u00e1fica MOTA ZURDO, David (2017): \u00abEl relato de la violencia en el Pa\u00eds Vasco a trav\u00e9s de la m\u00fasica\u00bb, Grand Place, n\u00ba 8, pp. 113-129. Consultar&hellip;<\/p>\n","protected":false},"author":1,"featured_media":0,"parent":0,"menu_order":0,"comment_status":"closed","ping_status":"closed","template":"","meta":{"om_disable_all_campaigns":false,"_monsterinsights_skip_tracking":false,"_monsterinsights_sitenote_active":false,"_monsterinsights_sitenote_note":"","_monsterinsights_sitenote_category":0,"_uf_show_specific_survey":0,"_uf_disable_surveys":false,"_vp_format_video_url":"","_vp_image_focal_point":[],"_vp_custom_popup_image":0,"_vp_format_audio_url":"","_vp_custom_thumbnail":0,"_vp_custom_thumbnail_focal_point":[],"_vp_hover_thumbnail":0,"_vp_hover_thumbnail_focal_point":[],"footnotes":""},"class_list":["post-11277","page","type-page","status-publish","hentry"],"aioseo_notices":[],"_links":{"self":[{"href":"https:\/\/www.arovite.com\/en\/wp-json\/wp\/v2\/pages\/11277","targetHints":{"allow":["GET"]}}],"collection":[{"href":"https:\/\/www.arovite.com\/en\/wp-json\/wp\/v2\/pages"}],"about":[{"href":"https:\/\/www.arovite.com\/en\/wp-json\/wp\/v2\/types\/page"}],"author":[{"embeddable":true,"href":"https:\/\/www.arovite.com\/en\/wp-json\/wp\/v2\/users\/1"}],"replies":[{"embeddable":true,"href":"https:\/\/www.arovite.com\/en\/wp-json\/wp\/v2\/comments?post=11277"}],"version-history":[{"count":1,"href":"https:\/\/www.arovite.com\/en\/wp-json\/wp\/v2\/pages\/11277\/revisions"}],"predecessor-version":[{"id":11279,"href":"https:\/\/www.arovite.com\/en\/wp-json\/wp\/v2\/pages\/11277\/revisions\/11279"}],"wp:attachment":[{"href":"https:\/\/www.arovite.com\/en\/wp-json\/wp\/v2\/media?parent=11277"}],"curies":[{"name":"wp","href":"https:\/\/api.w.org\/{rel}","templated":true}]}}