{"id":11242,"date":"2020-04-23T09:23:47","date_gmt":"2020-04-23T09:23:47","guid":{"rendered":"https:\/\/www.arovite.com\/fernandez-soldevilla-gaizka-y-lopez-romo-raul-2019\/"},"modified":"2020-04-23T09:25:08","modified_gmt":"2020-04-23T09:25:08","slug":"fernandez-soldevilla-gaizka-y-lopez-romo-raul-2019","status":"publish","type":"page","link":"https:\/\/www.arovite.com\/en\/fernandez-soldevilla-gaizka-y-lopez-romo-raul-2019\/","title":{"rendered":"FERN\u00c1NDEZ SOLDEVILLA, Gaizka y L\u00d3PEZ ROMO, Ra\u00fal (2019)"},"content":{"rendered":"<div class=\"wpb-content-wrapper\"><p>[vc_row][vc_column width=&#8221;1\/1&#8243;][vc_column_text][vc_empty_space height=&#8221;20&#8243;]<br \/>\n<strong>Referencia bibliogr\u00e1fica<\/strong><br \/>\nFERN\u00c1NDEZ SOLDEVILLA, Gaizka y L\u00d3PEZ ROMO, Ra\u00fal (2019): \u00abRetos del relato. El Centro Memorial de las V\u00edctimas del Terrorismo\u00bb, <em>Studia Historica, Historia Contempor\u00e1nea<\/em>, n\u00ba 37, pp. 55-77.<\/p>\n<p><a class=\"button blue medium \" href=\"https:\/\/revistas.usal.es\/index.php\/0213-2087\/article\/view\/shhcont3720195577\" target=\"_blank\" rel=\"noopener noreferrer\">Consultar PDF<\/a>[vc_empty_space height=&#8221;10&#8243;]<br \/>\n<strong>Resumen<\/strong><br \/>\nLa desaparici\u00f3n de ETA, la organizaci\u00f3n terrorista m\u00e1s sangrienta, m\u00e1s longeva y la que ha contado con mayor respaldo social en Espa\u00f1a, ha abierto las posibilidades para contarnos c\u00f3mo pudo llegar a ocurrir, qu\u00e9 hizo cada uno de nosotros y qu\u00e9 podr\u00edamos hacer para que no se repita. El Centro Memorial de las V\u00edctimas del Terrorismo es una fundaci\u00f3n p\u00fablica que empez\u00f3 a trabajar en 2016 para impulsar la reflexi\u00f3n en torno a esas grandes cuestiones. Desde entonces, viene impulsando proyectos de investigaci\u00f3n, educativos, expositivos y de documentaci\u00f3n. El objetivo final es contribuir a la deslegitimaci\u00f3n del terrorismo en un contexto en el que el peligro de tergiversaci\u00f3n del pasado es patente.<br \/>\n[vc_empty_space height=&#8221;10&#8243;]<br \/>\n<strong>Abstract<\/strong><br \/>\nETA has been the most bloody, long-standing terrorist organization in Spain, and the one that has counted with the greatest social support. Its disappearance has made us question how all of this could happen, what each and everyone of us did and what we could do to avoid that it might happen again. The Memorial Center for the Victims of Terrorism is a public foundation which has started to function in 2016 to motivate us all to reflect upon these big questions. From then on, it has been promoting research projects, in the fields of education, exhibitions and documentation. Its final goal is to contribute to the delegitimization of terrorism within a context where the past is manipulated.<br \/>\n[vc_empty_space height=&#8221;10&#8243;]<br \/>\n<strong>Autor<\/strong><br \/>\nGaizka Fern\u00e1ndez Soldevilla. <a title=\"Dialnet\" href=\"https:\/\/dialnet.unirioja.es\/servlet\/autor?codigo=2407724\" target=\"_blank\" rel=\"noopener noreferrer\">P\u00e1gina del autor en Dialnet.<\/a><br \/>\nRa\u00fal L\u00f3pez Romo. <a title=\"Dialnet\" href=\"https:\/\/dialnet.unirioja.es\/servlet\/autor?codigo=2165020\" target=\"_blank\" rel=\"noopener noreferrer\">P\u00e1gina del autor en Dialnet.<\/a><br \/>\n[vc_empty_space height=&#8221;10&#8243;]<br \/>\n<strong>Tipo de documento<\/strong><br \/>\nArt\u00edculo<br \/>\n[vc_empty_space height=&#8221;10&#8243;]<br \/>\n[\/vc_column_text][\/vc_column][\/vc_row]<\/p>\n<\/div>","protected":false},"excerpt":{"rendered":"<p>[vc_row][vc_column width=&#8221;1\/1&#8243;][vc_column_text][vc_empty_space height=&#8221;20&#8243;] Referencia bibliogr\u00e1fica FERN\u00c1NDEZ SOLDEVILLA, Gaizka y L\u00d3PEZ ROMO, Ra\u00fal (2019): \u00abRetos del relato. El Centro Memorial de las V\u00edctimas del Terrorismo\u00bb, Studia Historica, Historia Contempor\u00e1nea, n\u00ba 37,&hellip;<\/p>\n","protected":false},"author":1,"featured_media":0,"parent":0,"menu_order":0,"comment_status":"closed","ping_status":"closed","template":"","meta":{"om_disable_all_campaigns":false,"_monsterinsights_skip_tracking":false,"_monsterinsights_sitenote_active":false,"_monsterinsights_sitenote_note":"","_monsterinsights_sitenote_category":0,"_uf_show_specific_survey":0,"_uf_disable_surveys":false,"_vp_format_video_url":"","_vp_image_focal_point":[],"_vp_custom_popup_image":0,"_vp_format_audio_url":"","_vp_custom_thumbnail":0,"_vp_custom_thumbnail_focal_point":[],"_vp_hover_thumbnail":0,"_vp_hover_thumbnail_focal_point":[],"footnotes":""},"class_list":["post-11242","page","type-page","status-publish","hentry"],"aioseo_notices":[],"_links":{"self":[{"href":"https:\/\/www.arovite.com\/en\/wp-json\/wp\/v2\/pages\/11242","targetHints":{"allow":["GET"]}}],"collection":[{"href":"https:\/\/www.arovite.com\/en\/wp-json\/wp\/v2\/pages"}],"about":[{"href":"https:\/\/www.arovite.com\/en\/wp-json\/wp\/v2\/types\/page"}],"author":[{"embeddable":true,"href":"https:\/\/www.arovite.com\/en\/wp-json\/wp\/v2\/users\/1"}],"replies":[{"embeddable":true,"href":"https:\/\/www.arovite.com\/en\/wp-json\/wp\/v2\/comments?post=11242"}],"version-history":[{"count":3,"href":"https:\/\/www.arovite.com\/en\/wp-json\/wp\/v2\/pages\/11242\/revisions"}],"predecessor-version":[{"id":11250,"href":"https:\/\/www.arovite.com\/en\/wp-json\/wp\/v2\/pages\/11242\/revisions\/11250"}],"wp:attachment":[{"href":"https:\/\/www.arovite.com\/en\/wp-json\/wp\/v2\/media?parent=11242"}],"curies":[{"name":"wp","href":"https:\/\/api.w.org\/{rel}","templated":true}]}}